{"id":9239,"date":"2019-09-05T11:05:12","date_gmt":"2019-09-05T11:05:12","guid":{"rendered":"https:\/\/louzantrail.com\/?page_id=9239"},"modified":"2020-01-15T15:30:39","modified_gmt":"2020-01-15T15:30:39","slug":"como-chegar","status":"publish","type":"page","link":"https:\/\/louzantrail.com\/en\/info\/como-chegar\/","title":{"rendered":"Arrival"},"content":{"rendered":"<div class=\"vc_row wpb_row vc_row-fluid edgtf-section vc_custom_1465393558398 edgtf-content-aligment-left\" style=\"\"><div class=\"clearfix edgtf-full-section-inner\"><div class=\"wpb_column vc_column_container vc_col-sm-12\"><div class=\"vc_column-inner\"><div class=\"wpb_wrapper\"><div class=\"edgtf-elements-holder edgtf-two-columns edgtf-two-columns-40-60 edgtf-responsive-mode-768\" ><div class=\"edgtf-elements-holder-item edgtf-eh-with-border\" data-item-class=\"edgtf-elements-holder-custom-623498\" data-1280-1440=\"18.2% 10.9% 19% 11.1%\" data-1024-1280=\"14.3% 8% 14.7% 9.2%\" data-768-1024=\"13% 10% 14% 11.3%\" data-600-768=\"14% 14% 14% 14.3%\" data-480-600=\"12% 3% 15% 0%\" data-480=\"14% 4% 15% 4%\" style=\"background-image: url()\">\n\t\t<div class=\"edgtf-elements-holder-item-inner\">\n\t\t<div class=\"edgtf-elements-holder-item-content edgtf-elements-holder-custom-623498\" style=\"padding: 27.25% 21% 27.65% 22%\">\n\t\t\t\n<div class=\"edgtf-section-title edgtf-section-align-left\" style=\"font-size: 40px\">\n\tLocation\t<\/div><div class=\"vc_empty_space\"   style=\"height: 32px\"><span class=\"vc_empty_space_inner\"><\/span><\/div>\n\t<div class=\"wpb_text_column wpb_content_element\" >\n\t\t<div class=\"wpb_wrapper\">\n\t\t\t<p>Lous\u00e3 is located in the Coimbra district, right in the center of Portugal.<\/p>\n<p>The nearest airports are Lisbon (LIS) and Oporto (OPO), 200 and 170 km respectively.<\/p>\n<p>In both Airports there are several alternatives to get to Lous\u00e3, train, bus, car rental or transfers from our partners.<\/p>\n\n\t\t<\/div>\n\t<\/div>\n<div class=\"vc_empty_space\"   style=\"height: 32px\"><span class=\"vc_empty_space_inner\"><\/span><\/div>\t\t<\/div>\n\t<\/div>\n<\/div><div class=\"edgtf-elements-holder-item edgtf-horizontal-alignment-center edgtf-eh-clickable\" data-item-class=\"edgtf-elements-holder-custom-424092\" data-600-768=\"30%\" data-480-600=\"30%\" data-480=\"30%\" style=\"background-image: url(https:\/\/louzantrail.com\/wp-content\/uploads\/sites\/8\/2019\/09\/map_portugal.jpg)\">\n\t\t\t<a class=\"edgtf-eh-item-link\" href=\"#\" target=\"_blank\"><\/a>\n\t\t<div class=\"edgtf-elements-holder-item-inner\">\n\t\t<div class=\"edgtf-elements-holder-item-content edgtf-elements-holder-custom-424092\" >\n\t\t\t\t\t<\/div>\n\t<\/div>\n<\/div><\/div><\/div><\/div><\/div><\/div><\/div><div class=\"vc_row wpb_row vc_row-fluid edgtf-section vc_custom_1465393558398 edgtf-content-aligment-left\" style=\"\"><div class=\"clearfix edgtf-full-section-inner\"><div class=\"wpb_column vc_column_container vc_col-sm-12\"><div class=\"vc_column-inner\"><div class=\"wpb_wrapper\"><div class=\"edgtf-elements-holder edgtf-four-columns edgtf-responsive-mode-768\" ><div class=\"edgtf-elements-holder-item edgtf-vertical-alignment-top edgtf-horizontal-alignment-center edgtf-eh-with-border\" data-item-class=\"edgtf-elements-holder-custom-334048\" data-1280-1440=\"18.2% 10.9% 19% 11.1%\" data-1024-1280=\"14.3% 8% 14.7% 9.2%\" data-768-1024=\"13% 10% 14% 11.3%\" data-600-768=\"14% 14% 14% 14.3%\" data-480-600=\"12% 3% 15% 0%\" data-480=\"14% 4% 15% 4%\" style=\"background-image: url()\">\n\t\t<div class=\"edgtf-elements-holder-item-inner\">\n\t\t<div class=\"edgtf-elements-holder-item-content edgtf-elements-holder-custom-334048\" style=\"padding: 27.25% 21% 27.65% 22%\">\n\t\t\t    <span class=\"edgtf-icon-animation-holder\" >\n\n    <span class=\"edgtf-icon-shortcode normal edgtf-icon-animation edgtf-icon-medium\"  >\n                    <a href=\"https:\/\/www.cp.pt\" target=\"_blank\" >\n        \n        <i class=\"edgtf-icon-font-awesome fa fa-train edgtf-icon-element\" style=\"\" ><\/i>\n                    <\/a>\n            <\/span>\n\n    <\/span>\n\n\t<div class=\"wpb_text_column wpb_content_element\" >\n\t\t<div class=\"wpb_wrapper\">\n\t\t\t<p style=\"text-align: center;\"><a href=\"https:\/\/www.cp.pt\/\" target=\"_blank\" rel=\"noopener noreferrer\">Comboios de Portugal<\/a><\/p>\n\n\t\t<\/div>\n\t<\/div>\n\n\t<div class=\"wpb_text_column wpb_content_element\" >\n\t\t<div class=\"wpb_wrapper\">\n\t\t\t<p style=\"text-align: center;\"><strong>Prices: <\/strong>10\u20ac to 40\u20ac<\/p>\n\n\t\t<\/div>\n\t<\/div>\n\t\t<\/div>\n\t<\/div>\n<\/div><div class=\"edgtf-elements-holder-item edgtf-vertical-alignment-top edgtf-horizontal-alignment-center edgtf-eh-with-border\" data-item-class=\"edgtf-elements-holder-custom-148807\" data-1280-1440=\"18.2% 10.9% 19% 11.1%\" data-1024-1280=\"14.3% 8% 14.7% 9.2%\" data-768-1024=\"13% 10% 14% 11.3%\" data-600-768=\"14% 14% 14% 14.3%\" data-480-600=\"12% 3% 15% 0%\" data-480=\"14% 4% 15% 4%\" style=\"background-image: url()\">\n\t\t<div class=\"edgtf-elements-holder-item-inner\">\n\t\t<div class=\"edgtf-elements-holder-item-content edgtf-elements-holder-custom-148807\" style=\"padding: 27.25% 21% 27.65% 22%\">\n\t\t\t    <span class=\"edgtf-icon-animation-holder\" >\n\n    <span class=\"edgtf-icon-shortcode normal edgtf-icon-animation edgtf-icon-medium\"  >\n                    <a href=\"https:\/\/www.rede-expressos.pt\/tickets\" target=\"_blank\" >\n        \n        <i class=\"edgtf-icon-font-awesome fa fa-bus edgtf-icon-element\" style=\"\" ><\/i>\n                    <\/a>\n            <\/span>\n\n    <\/span>\n\n\t<div class=\"wpb_text_column wpb_content_element\" >\n\t\t<div class=\"wpb_wrapper\">\n\t\t\t<p style=\"text-align: center;\"><a href=\"https:\/\/www.rede-expressos.pt\/tickets\" target=\"_blank\" rel=\"noopener noreferrer\">Rede Expresso<\/a><\/p>\n\n\t\t<\/div>\n\t<\/div>\n\n\t<div class=\"wpb_text_column wpb_content_element\" >\n\t\t<div class=\"wpb_wrapper\">\n\t\t\t<p style=\"text-align: center;\"><strong>Prices: <\/strong>12\u20ac to 15\u20ac<\/p>\n\n\t\t<\/div>\n\t<\/div>\n\t\t<\/div>\n\t<\/div>\n<\/div><div class=\"edgtf-elements-holder-item edgtf-vertical-alignment-top edgtf-horizontal-alignment-center edgtf-eh-with-border\" data-item-class=\"edgtf-elements-holder-custom-234093\" data-1280-1440=\"18.2% 10.9% 19% 11.1%\" data-1024-1280=\"14.3% 8% 14.7% 9.2%\" data-768-1024=\"13% 10% 14% 11.3%\" data-600-768=\"14% 14% 14% 14.3%\" data-480-600=\"12% 3% 15% 0%\" data-480=\"14% 4% 15% 4%\" style=\"background-image: url()\">\n\t\t<div class=\"edgtf-elements-holder-item-inner\">\n\t\t<div class=\"edgtf-elements-holder-item-content edgtf-elements-holder-custom-234093\" style=\"padding: 27.25% 21% 27.65% 22%\">\n\t\t\t    <span class=\"edgtf-icon-animation-holder\" >\n\n    <span class=\"edgtf-icon-shortcode normal edgtf-icon-animation edgtf-icon-medium\"  >\n                    <a href=\"https:\/\/www.ana.pt\/pt\/lis\/acesso-e-estacionamento\/para-um-maior-conforto\/rent-a-car\" target=\"_blank\" >\n        \n        <i class=\"edgtf-icon-font-awesome fa fa-car edgtf-icon-element\" style=\"\" ><\/i>\n                    <\/a>\n            <\/span>\n\n    <\/span>\n\n\t<div class=\"wpb_text_column wpb_content_element\" >\n\t\t<div class=\"wpb_wrapper\">\n\t\t\t<p style=\"text-align: center;\"><a href=\"https:\/\/www.ana.pt\/pt\/lis\/acesso-e-estacionamento\/para-um-maior-conforto\/rent-a-car\" target=\"_blank\" rel=\"noopener noreferrer\">Rent-a-car<\/a><\/p>\n\n\t\t<\/div>\n\t<\/div>\n\n\t<div class=\"wpb_text_column wpb_content_element\" >\n\t\t<div class=\"wpb_wrapper\">\n\t\t\t<p style=\"text-align: center;\"><strong>Prices: <\/strong>From 20\u20ac<\/p>\n\n\t\t<\/div>\n\t<\/div>\n\t\t<\/div>\n\t<\/div>\n<\/div><div class=\"edgtf-elements-holder-item edgtf-vertical-alignment-top edgtf-horizontal-alignment-center edgtf-eh-with-border\" data-item-class=\"edgtf-elements-holder-custom-577156\" data-1280-1440=\"18.2% 10.9% 19% 11.1%\" data-1024-1280=\"14.3% 8% 14.7% 9.2%\" data-768-1024=\"13% 10% 14% 11.3%\" data-600-768=\"14% 14% 14% 14.3%\" data-480-600=\"12% 3% 15% 0%\" data-480=\"14% 4% 15% 4%\" style=\"background-image: url()\">\n\t\t<div class=\"edgtf-elements-holder-item-inner\">\n\t\t<div class=\"edgtf-elements-holder-item-content edgtf-elements-holder-custom-577156\" style=\"padding: 27.25% 21% 27.65% 22%\">\n\t\t\t    <span class=\"edgtf-icon-animation-holder\" >\n\n    <span class=\"edgtf-icon-shortcode normal edgtf-icon-animation edgtf-icon-medium\"  >\n                    <a href=\"https:\/\/tourinvillage.com\/\" target=\"_blank\" >\n        \n        <i class=\"edgtf-icon-font-awesome fa fa-bus edgtf-icon-element\" style=\"\" ><\/i>\n                    <\/a>\n            <\/span>\n\n    <\/span>\n\n\t<div class=\"wpb_text_column wpb_content_element\" >\n\t\t<div class=\"wpb_wrapper\">\n\t\t\t<p style=\"text-align: center;\"><a href=\"https:\/\/tourinvillage.com\/\" target=\"_blank\" rel=\"noopener noreferrer\">Tour In Village<\/a><\/p>\n\n\t\t<\/div>\n\t<\/div>\n\n\t<div class=\"wpb_text_column wpb_content_element\" >\n\t\t<div class=\"wpb_wrapper\">\n\t\t\t<p style=\"text-align: center;\"><strong>Prices: <\/strong>10\u20ac to 15\u20ac<\/p>\n\n\t\t<\/div>\n\t<\/div>\n\t\t<\/div>\n\t<\/div>\n<\/div><\/div><\/div><\/div><\/div><\/div><\/div><div class=\"vc_row wpb_row vc_row-fluid edgtf-section vc_custom_1568232004027 edgtf-content-aligment-left edgtf-grid-section\" style=\"\"><div class=\"clearfix edgtf-section-inner\"><div class=\"edgtf-section-inner-margin clearfix\"><div class=\"wpb_column vc_column_container vc_col-sm-12\"><div class=\"vc_column-inner\"><div class=\"wpb_wrapper\"><div class=\"vc_empty_space\"   style=\"height: 32px\"><span class=\"vc_empty_space_inner\"><\/span><\/div>\n<div class=\"edgtf-section-title edgtf-section-align-left\" style=\"font-size: 40px\">\n\tOwn Transport\t<\/div><div class=\"vc_empty_space\"   style=\"height: 9px\"><span class=\"vc_empty_space_inner\"><\/span><\/div>\n\t<div class=\"wpb_text_column wpb_content_element\" >\n\t\t<div class=\"wpb_wrapper\">\n\t\t\t<p>Lous\u00e3 is connected to the European road network via motorway n\u00ba 13 (A13), Estrada da Beira (EN17) and Estrada Nacional 342 (EN342).<\/p>\n\n\t\t<\/div>\n\t<\/div>\n<div class=\"vc_empty_space\"   style=\"height: 32px\"><span class=\"vc_empty_space_inner\"><\/span><\/div><\/div><\/div><\/div><\/div><\/div><\/div><div class=\"vc_row wpb_row vc_row-fluid edgtf-section vc_custom_1465393558398 edgtf-content-aligment-left\" style=\"\"><div class=\"clearfix edgtf-full-section-inner\"><div class=\"wpb_column vc_column_container vc_col-sm-12\"><div class=\"vc_column-inner\"><div class=\"wpb_wrapper\"><div class=\"edgtf-elements-holder edgtf-four-columns edgtf-responsive-mode-768\" ><div class=\"edgtf-elements-holder-item edgtf-vertical-alignment-top edgtf-horizontal-alignment-center edgtf-eh-with-border edgtf-eh-clickable\" data-item-class=\"edgtf-elements-holder-custom-430347\" data-1280-1440=\"18.2% 10.9% 19% 11.1%\" data-1024-1280=\"14.3% 8% 14.7% 9.2%\" data-768-1024=\"13% 10% 14% 11.3%\" data-600-768=\"14% 14% 14% 14.3%\" data-480-600=\"12% 3% 15% 0%\" data-480=\"14% 4% 15% 4%\" style=\"background-color: rgba(255,255,255,0.6);background-image: url(https:\/\/louzantrail.com\/wp-content\/uploads\/sites\/8\/2019\/09\/belem-tower-2809818_640.jpg)\">\n\t\t\t<a class=\"edgtf-eh-item-link\" href=\"https:\/\/www.google.pt\/maps\/dir\/Lisboa\/Lous%C3%A3\/@39.4259483,-9.2597972,9z\/data=!3m1!4b1!4m14!4m13!1m5!1m1!1s0xd19331a61e4f33b:0x400ebbde49036d0!2m2!1d-9.1393366!2d38.7222524!1m5!1m1!1s0xd22ee926a671649:0xf8f0a2576fcf5f0b!2m2!1d-8.2440038!2d40.1147188!3e0\" target=\"_blank\"><\/a>\n\t\t<div class=\"edgtf-elements-holder-item-inner\">\n\t\t<div class=\"edgtf-elements-holder-item-content edgtf-elements-holder-custom-430347\" style=\"padding: 27.25% 21% 27.65% 22%\">\n\t\t\t    <span class=\"edgtf-icon-animation-holder\" >\n\n    <span class=\"edgtf-icon-shortcode normal edgtf-icon-animation edgtf-icon-medium\"  >\n        \n        <i class=\"edgtf-icon-font-awesome fa fa-globe edgtf-icon-element\" style=\"\" ><\/i>\n            <\/span>\n\n    <\/span>\n\n\t<div class=\"wpb_text_column wpb_content_element\" >\n\t\t<div class=\"wpb_wrapper\">\n\t\t\t<h3 style=\"text-align: center;\"><strong>Starting<br \/>\n<\/strong><\/h3>\n\n\t\t<\/div>\n\t<\/div>\n\n\t<div class=\"wpb_text_column wpb_content_element\" >\n\t\t<div class=\"wpb_wrapper\">\n\t\t\t<h2 style=\"text-align: center;\"><strong>Lisbon<\/strong><\/h2>\n\n\t\t<\/div>\n\t<\/div>\n\t\t<\/div>\n\t<\/div>\n<\/div><div class=\"edgtf-elements-holder-item edgtf-vertical-alignment-top edgtf-horizontal-alignment-center edgtf-eh-with-border edgtf-eh-clickable\" data-item-class=\"edgtf-elements-holder-custom-623705\" data-1280-1440=\"18.2% 10.9% 19% 11.1%\" data-1024-1280=\"14.3% 8% 14.7% 9.2%\" data-768-1024=\"13% 10% 14% 11.3%\" data-600-768=\"14% 14% 14% 14.3%\" data-480-600=\"12% 3% 15% 0%\" data-480=\"14% 4% 15% 4%\" style=\"background-color: rgba(255,255,255,0.6);background-image: url(https:\/\/louzantrail.com\/wp-content\/uploads\/sites\/8\/2019\/09\/porto-2630066_640.jpg)\">\n\t\t\t<a class=\"edgtf-eh-item-link\" href=\"https:\/\/www.google.pt\/maps\/dir\/Porto\/Lous%C3%A3\/@40.6170852,-8.9178661,9z\/data=!3m1!4b1!4m13!4m12!1m5!1m1!1s0xd2465abc4e153c1:0xa648d95640b114bc!2m2!1d-8.6291053!2d41.1579438!1m5!1m1!1s0xd22ee926a671649:0xf8f0a2576fcf5f0b!2m2!1d-8.2440038!2d40.1147188\" target=\"_blank\"><\/a>\n\t\t<div class=\"edgtf-elements-holder-item-inner\">\n\t\t<div class=\"edgtf-elements-holder-item-content edgtf-elements-holder-custom-623705\" style=\"padding: 27.25% 21% 27.65% 22%\">\n\t\t\t    <span class=\"edgtf-icon-animation-holder\" >\n\n    <span class=\"edgtf-icon-shortcode normal edgtf-icon-animation edgtf-icon-medium\"  >\n        \n        <i class=\"edgtf-icon-font-awesome fa fa-globe edgtf-icon-element\" style=\"\" ><\/i>\n            <\/span>\n\n    <\/span>\n\n\t<div class=\"wpb_text_column wpb_content_element\" >\n\t\t<div class=\"wpb_wrapper\">\n\t\t\t<h3 style=\"text-align: center;\"><strong>Starting<br \/>\n<\/strong><\/h3>\n\n\t\t<\/div>\n\t<\/div>\n\n\t<div class=\"wpb_text_column wpb_content_element\" >\n\t\t<div class=\"wpb_wrapper\">\n\t\t\t<h2 style=\"text-align: center;\"><strong>Oporto<\/strong><\/h2>\n\n\t\t<\/div>\n\t<\/div>\n\t\t<\/div>\n\t<\/div>\n<\/div><div class=\"edgtf-elements-holder-item edgtf-vertical-alignment-top edgtf-horizontal-alignment-center edgtf-eh-with-border edgtf-eh-clickable\" data-item-class=\"edgtf-elements-holder-custom-517341\" data-1280-1440=\"18.2% 10.9% 19% 11.1%\" data-1024-1280=\"14.3% 8% 14.7% 9.2%\" data-768-1024=\"13% 10% 14% 11.3%\" data-600-768=\"14% 14% 14% 14.3%\" data-480-600=\"12% 3% 15% 0%\" data-480=\"14% 4% 15% 4%\" style=\"background-color: rgba(255,255,255,0.6);background-image: url(https:\/\/louzantrail.com\/wp-content\/uploads\/sites\/8\/2019\/09\/madrid-3952068_640.jpg)\">\n\t\t\t<a class=\"edgtf-eh-item-link\" href=\"https:\/\/www.google.pt\/maps\/dir\/Madrid,+Spain\/Lous%C3%A3\/@40.530063,-7.1017269,8z\/data=!3m1!4b1!4m14!4m13!1m5!1m1!1s0xd422997800a3c81:0xc436dec1618c2269!2m2!1d-3.7037902!2d40.4167754!1m5!1m1!1s0xd22ee926a671649:0xf8f0a2576fcf5f0b!2m2!1d-8.2440038!2d40.1147188!3e0\" target=\"_blank\"><\/a>\n\t\t<div class=\"edgtf-elements-holder-item-inner\">\n\t\t<div class=\"edgtf-elements-holder-item-content edgtf-elements-holder-custom-517341\" style=\"padding: 27.25% 21% 27.65% 22%\">\n\t\t\t    <span class=\"edgtf-icon-animation-holder\" >\n\n    <span class=\"edgtf-icon-shortcode normal edgtf-icon-animation edgtf-icon-medium\"  >\n        \n        <i class=\"edgtf-icon-font-awesome fa fa-globe edgtf-icon-element\" style=\"\" ><\/i>\n            <\/span>\n\n    <\/span>\n\n\t<div class=\"wpb_text_column wpb_content_element\" >\n\t\t<div class=\"wpb_wrapper\">\n\t\t\t<h3 style=\"text-align: center;\"><strong>Starting<br \/>\n<\/strong><\/h3>\n\n\t\t<\/div>\n\t<\/div>\n\n\t<div class=\"wpb_text_column wpb_content_element\" >\n\t\t<div class=\"wpb_wrapper\">\n\t\t\t<h2 style=\"text-align: center;\"><strong>Madrid<\/strong><\/h2>\n\n\t\t<\/div>\n\t<\/div>\n\t\t<\/div>\n\t<\/div>\n<\/div><div class=\"edgtf-elements-holder-item edgtf-vertical-alignment-top edgtf-horizontal-alignment-center edgtf-eh-with-border edgtf-eh-clickable\" data-item-class=\"edgtf-elements-holder-custom-313403\" data-1280-1440=\"18.2% 10.9% 19% 11.1%\" data-1024-1280=\"14.3% 8% 14.7% 9.2%\" data-768-1024=\"13% 10% 14% 11.3%\" data-600-768=\"14% 14% 14% 14.3%\" data-480-600=\"12% 3% 15% 0%\" data-480=\"14% 4% 15% 4%\" style=\"background-color: rgba(255,255,255,0.6);background-image: url(https:\/\/louzantrail.com\/wp-content\/uploads\/sites\/8\/2019\/09\/parc-guell-332390_640.jpg)\">\n\t\t\t<a class=\"edgtf-eh-item-link\" href=\"https:\/\/www.google.pt\/maps\/dir\/Barcelona,+Spain\/Lous%C3%A3\/@41.3478753,-5.290649,7z\/data=!3m1!4b1!4m14!4m13!1m5!1m1!1s0x12a49816718e30e5:0x44b0fb3d4f47660a!2m2!1d2.1734035!2d41.3850639!1m5!1m1!1s0xd22ee926a671649:0xf8f0a2576fcf5f0b!2m2!1d-8.2440038!2d40.1147188!3e0\" target=\"_blank\"><\/a>\n\t\t<div class=\"edgtf-elements-holder-item-inner\">\n\t\t<div class=\"edgtf-elements-holder-item-content edgtf-elements-holder-custom-313403\" style=\"padding: 27.25% 21% 27.65% 22%\">\n\t\t\t    <span class=\"edgtf-icon-animation-holder\" >\n\n    <span class=\"edgtf-icon-shortcode normal edgtf-icon-animation edgtf-icon-medium\"  >\n        \n        <i class=\"edgtf-icon-font-awesome fa fa-globe edgtf-icon-element\" style=\"\" ><\/i>\n            <\/span>\n\n    <\/span>\n\n\t<div class=\"wpb_text_column wpb_content_element\" >\n\t\t<div class=\"wpb_wrapper\">\n\t\t\t<h3 style=\"text-align: center;\"><strong>Starting<br \/>\n<\/strong><\/h3>\n\n\t\t<\/div>\n\t<\/div>\n\n\t<div class=\"wpb_text_column wpb_content_element\" >\n\t\t<div class=\"wpb_wrapper\">\n\t\t\t<h2 style=\"text-align: center;\"><strong>Barcelona<\/strong><\/h2>\n\n\t\t<\/div>\n\t<\/div>\n\t\t<\/div>\n\t<\/div>\n<\/div><\/div><\/div><\/div><\/div><\/div><\/div>\n<!--themify_builder_content-->\n<div id=\"themify_builder_content-9239\" data-postid=\"9239\" class=\"themify_builder_content themify_builder_content-9239 themify_builder tf_clear\">\n    <\/div>\n<!--\/themify_builder_content-->","protected":false},"excerpt":{"rendered":"Localiza\u00e7\u00e3o A Lous\u00e3 fica localizada no distrito de Coimbra, bem no centro de Portugal. Os aeroportos mais pr\u00f3ximos s\u00e3o os de Lisboa (LIS) e o do Porto (OPO), a 200 e a 170 km respectivamente. Em ambos os Aeroportos existem diversas alternativas para chegarem \u00e0...","protected":false},"author":1,"featured_media":0,"parent":9098,"menu_order":1,"comment_status":"closed","ping_status":"closed","template":"full-width.php","meta":{"footnotes":""},"builder_content":"","_links":{"self":[{"href":"https:\/\/louzantrail.com\/en\/wp-json\/wp\/v2\/pages\/9239"}],"collection":[{"href":"https:\/\/louzantrail.com\/en\/wp-json\/wp\/v2\/pages"}],"about":[{"href":"https:\/\/louzantrail.com\/en\/wp-json\/wp\/v2\/types\/page"}],"author":[{"embeddable":true,"href":"https:\/\/louzantrail.com\/en\/wp-json\/wp\/v2\/users\/1"}],"replies":[{"embeddable":true,"href":"https:\/\/louzantrail.com\/en\/wp-json\/wp\/v2\/comments?post=9239"}],"version-history":[{"count":66,"href":"https:\/\/louzantrail.com\/en\/wp-json\/wp\/v2\/pages\/9239\/revisions"}],"predecessor-version":[{"id":9793,"href":"https:\/\/louzantrail.com\/en\/wp-json\/wp\/v2\/pages\/9239\/revisions\/9793"}],"up":[{"embeddable":true,"href":"https:\/\/louzantrail.com\/en\/wp-json\/wp\/v2\/pages\/9098"}],"wp:attachment":[{"href":"https:\/\/louzantrail.com\/en\/wp-json\/wp\/v2\/media?parent=9239"}],"curies":[{"name":"wp","href":"https:\/\/api.w.org\/{rel}","templated":true}]}}