{"id":9186,"date":"2019-09-04T16:34:55","date_gmt":"2019-09-04T16:34:55","guid":{"rendered":"https:\/\/louzantrail.com\/?page_id=9186"},"modified":"2026-01-28T11:56:56","modified_gmt":"2026-01-28T11:56:56","slug":"onde-dormir","status":"publish","type":"page","link":"https:\/\/louzantrail.com\/en\/info\/onde-dormir\/","title":{"rendered":"Accommodation"},"content":{"rendered":"<div class=\"vc_row wpb_row vc_row-fluid edgtf-section vc_custom_1764094450740 edgtf-content-aligment-left\" style=\"\"><div class=\"clearfix edgtf-full-section-inner\"><div class=\"wpb_column vc_column_container vc_col-sm-6\"><div class=\"vc_column-inner\"><div class=\"wpb_wrapper\">\n\t<div  class=\"wpb_single_image wpb_content_element vc_align_center  vc_custom_1764102452336\">\n\t\t\n\t\t<figure class=\"wpb_wrapper vc_figure\">\n\t\t\t<div class=\"vc_single_image-wrapper   vc_box_border_grey\"><img width=\"300\" height=\"167\" src=\"https:\/\/louzantrail.com\/wp-content\/uploads\/sites\/8\/2025\/11\/PalacioDaLousa_Logo_RGB_H1_Cor2-copiar-300x167.png\" class=\"vc_single_image-img attachment-medium\" alt=\"\" decoding=\"async\" title=\"PalacioDaLousa_Logo_RGB_H1_Cor2 copiar\" loading=\"lazy\" srcset=\"https:\/\/louzantrail.com\/wp-content\/uploads\/sites\/8\/2025\/11\/PalacioDaLousa_Logo_RGB_H1_Cor2-copiar-300x167.png 300w, https:\/\/louzantrail.com\/wp-content\/uploads\/sites\/8\/2025\/11\/PalacioDaLousa_Logo_RGB_H1_Cor2-copiar-150x84.png 150w, https:\/\/louzantrail.com\/wp-content\/uploads\/sites\/8\/2025\/11\/PalacioDaLousa_Logo_RGB_H1_Cor2-copiar-768x429.png 768w, https:\/\/louzantrail.com\/wp-content\/uploads\/sites\/8\/2025\/11\/PalacioDaLousa_Logo_RGB_H1_Cor2-copiar-18x10.png 18w, https:\/\/louzantrail.com\/wp-content\/uploads\/sites\/8\/2025\/11\/PalacioDaLousa_Logo_RGB_H1_Cor2-copiar.png 1000w\" sizes=\"(max-width: 300px) 100vw, 300px\" \/><\/div>\n\t\t<\/figure>\n\t<\/div>\n\n\t<div class=\"wpb_text_column wpb_content_element  vc_custom_1764167998686\" >\n\t\t<div class=\"wpb_wrapper\">\n\t\t\t<p style=\"text-align: center\"><strong>15% DISCOUNT VOUCHER<\/strong><br \/>\n<strong>PLBH_LOUZANTRAIL_2026<\/strong><\/p>\n<p style=\"text-align: center\">The Pal\u00e1cio da Lous\u00e3 is a retreat in the heart of the Central Region, overlooking one of Portugal\u2019s richest historical and natural heritages. Located in the former Palace of the Viscountess of Espinhal, the charm of its historic settings blends seamlessly with the beauty of the surrounding fauna and flora.<\/p>\n<div dir=\"auto\" style=\"text-align: center\"><strong>Reservations via email or phone:<\/strong><\/div>\n<div dir=\"auto\" style=\"text-align: center\">Phone: +351 239 990 800 (Call to landline)<\/div>\n<div dir=\"auto\" style=\"text-align: center\">Email: reservations@palaciodalousa.com<\/div>\n<p style=\"text-align: center\"><a href=\"https:\/\/palaciodalousa.com\/\" target=\"_blank\" rel=\"noopener\">https:\/\/palaciodalousa.com\/<\/a><\/p>\n\n\t\t<\/div>\n\t<\/div>\n<\/div><\/div><\/div><div class=\"wpb_column vc_column_container vc_col-sm-6\"><div class=\"vc_column-inner\"><div class=\"wpb_wrapper\">\n\t<div  class=\"wpb_single_image wpb_content_element vc_align_center\">\n\t\t\n\t\t<figure class=\"wpb_wrapper vc_figure\">\n\t\t\t<div class=\"vc_single_image-wrapper   vc_box_border_grey\"><img width=\"1024\" height=\"578\" src=\"https:\/\/louzantrail.com\/wp-content\/uploads\/sites\/8\/2025\/11\/Palacio-Lousa-1024x578.jpg\" class=\"vc_single_image-img attachment-large\" alt=\"\" decoding=\"async\" title=\"Pala\u0301cio-Lousa\u0303\" loading=\"lazy\" srcset=\"https:\/\/louzantrail.com\/wp-content\/uploads\/sites\/8\/2025\/11\/Palacio-Lousa-1024x578.jpg 1024w, https:\/\/louzantrail.com\/wp-content\/uploads\/sites\/8\/2025\/11\/Palacio-Lousa-300x169.jpg 300w, https:\/\/louzantrail.com\/wp-content\/uploads\/sites\/8\/2025\/11\/Palacio-Lousa-150x85.jpg 150w, https:\/\/louzantrail.com\/wp-content\/uploads\/sites\/8\/2025\/11\/Palacio-Lousa-768x434.jpg 768w, https:\/\/louzantrail.com\/wp-content\/uploads\/sites\/8\/2025\/11\/Palacio-Lousa-1536x867.jpg 1536w, https:\/\/louzantrail.com\/wp-content\/uploads\/sites\/8\/2025\/11\/Palacio-Lousa-18x10.jpg 18w, https:\/\/louzantrail.com\/wp-content\/uploads\/sites\/8\/2025\/11\/Palacio-Lousa.jpg 1920w\" sizes=\"(max-width: 1024px) 100vw, 1024px\" \/><\/div>\n\t\t<\/figure>\n\t<\/div>\n<\/div><\/div><\/div><\/div><\/div><div class=\"vc_row wpb_row vc_row-fluid edgtf-section vc_custom_1764102504383 edgtf-content-aligment-left\" style=\"\"><div class=\"clearfix edgtf-full-section-inner\"><div class=\"wpb_column vc_column_container vc_col-sm-6\"><div class=\"vc_column-inner\"><div class=\"wpb_wrapper\">\n\t<div  class=\"wpb_single_image wpb_content_element vc_align_center  vc_custom_1764102376977\">\n\t\t\n\t\t<figure class=\"wpb_wrapper vc_figure\">\n\t\t\t<div class=\"vc_single_image-wrapper   vc_box_border_grey\"><img width=\"300\" height=\"186\" src=\"https:\/\/louzantrail.com\/wp-content\/uploads\/sites\/8\/2025\/11\/logo-varandas-300x186.png\" class=\"vc_single_image-img attachment-medium\" alt=\"\" decoding=\"async\" title=\"logo-varandas\" loading=\"lazy\" srcset=\"https:\/\/louzantrail.com\/wp-content\/uploads\/sites\/8\/2025\/11\/logo-varandas-300x186.png 300w, https:\/\/louzantrail.com\/wp-content\/uploads\/sites\/8\/2025\/11\/logo-varandas-150x93.png 150w, https:\/\/louzantrail.com\/wp-content\/uploads\/sites\/8\/2025\/11\/logo-varandas-18x12.png 18w, https:\/\/louzantrail.com\/wp-content\/uploads\/sites\/8\/2025\/11\/logo-varandas.png 704w\" sizes=\"(max-width: 300px) 100vw, 300px\" \/><\/div>\n\t\t<\/figure>\n\t<\/div>\n\n\t<div class=\"wpb_text_column wpb_content_element  vc_custom_1764103871959\" >\n\t\t<div class=\"wpb_wrapper\">\n\t\t\t<p style=\"text-align: center\">Lous\u00e3 Varanda\u2019s House was born from the desire to create a dreamy duplex, a space filled with comfort and tranquillity, always lovingly cared for by its owner. A neighbour to the mountains and the sky, it often felt the urge to open its doors to the world \u2014 to welcome travellers from afar, to get to know them through conversations, and to delight in shared laughter and stories.<\/p>\n<p style=\"text-align: center\">Reservations: <a href=\"https:\/\/www.lousavarandashouse.com\/\" target=\"_blank\" rel=\"noopener\">https:\/\/www.lousavarandashouse.com\/<\/a><\/p>\n\n\t\t<\/div>\n\t<\/div>\n<\/div><\/div><\/div><div class=\"wpb_column vc_column_container vc_col-sm-6\"><div class=\"vc_column-inner\"><div class=\"wpb_wrapper\">\n\t<div  class=\"wpb_single_image wpb_content_element vc_align_center\">\n\t\t\n\t\t<figure class=\"wpb_wrapper vc_figure\">\n\t\t\t<div class=\"vc_single_image-wrapper   vc_box_border_grey\"><img width=\"1024\" height=\"427\" src=\"https:\/\/louzantrail.com\/wp-content\/uploads\/sites\/8\/2025\/11\/Varandas-1024x427.png\" class=\"vc_single_image-img attachment-large\" alt=\"\" decoding=\"async\" title=\"Varandas\" loading=\"lazy\" srcset=\"https:\/\/louzantrail.com\/wp-content\/uploads\/sites\/8\/2025\/11\/Varandas-1024x427.png 1024w, https:\/\/louzantrail.com\/wp-content\/uploads\/sites\/8\/2025\/11\/Varandas-300x125.png 300w, https:\/\/louzantrail.com\/wp-content\/uploads\/sites\/8\/2025\/11\/Varandas-150x63.png 150w, https:\/\/louzantrail.com\/wp-content\/uploads\/sites\/8\/2025\/11\/Varandas-768x320.png 768w, https:\/\/louzantrail.com\/wp-content\/uploads\/sites\/8\/2025\/11\/Varandas-1536x640.png 1536w, https:\/\/louzantrail.com\/wp-content\/uploads\/sites\/8\/2025\/11\/Varandas-18x8.png 18w, https:\/\/louzantrail.com\/wp-content\/uploads\/sites\/8\/2025\/11\/Varandas.png 1900w\" sizes=\"(max-width: 1024px) 100vw, 1024px\" \/><\/div>\n\t\t<\/figure>\n\t<\/div>\n<\/div><\/div><\/div><\/div><\/div><div class=\"vc_row wpb_row vc_row-fluid edgtf-section vc_custom_1764094450740 edgtf-content-aligment-left\" style=\"\"><div class=\"clearfix edgtf-full-section-inner\"><div class=\"wpb_column vc_column_container vc_col-sm-6\"><div class=\"vc_column-inner\"><div class=\"wpb_wrapper\">\n\t<div  class=\"wpb_single_image wpb_content_element vc_align_center  vc_custom_1764103157237\">\n\t\t\n\t\t<figure class=\"wpb_wrapper vc_figure\">\n\t\t\t<div class=\"vc_single_image-wrapper   vc_box_border_grey\"><img class=\"vc_single_image-img\" src=\"https:\/\/louzantrail.com\/wp-content\/uploads\/sites\/8\/2025\/11\/Talasnal-150x150.png\" width=\"150\" height=\"150\" alt=\"Talasnal\" title=\"Talasnal\" \/><\/div>\n\t\t<\/figure>\n\t<\/div>\n<div class=\"vc_empty_space\"   style=\"height: 20px\"><span class=\"vc_empty_space_inner\"><\/span><\/div>\n\t<div class=\"wpb_text_column wpb_content_element  vc_custom_1764102933483\" >\n\t\t<div class=\"wpb_wrapper\">\n\t\t\t<p style=\"text-align: center\">Located 38 km from Est\u00e1dio Cidade de Coimbra, Talasnal Montanhas de Amor offers accommodation, a restaurant, a garden, a terrace, and a bar. Free Wi-Fi is available.<\/p>\n<p style=\"text-align: center\">\u00c0 la carte, continental, or vegetarian breakfast options are served. Talasnal Montanhas de Amor also features a hot tub.<\/p>\n<p style=\"text-align: center\">Reservations: <a href=\"https:\/\/www.booking.com\/hotel\/pt\/casa-do-forno-talasnal.pt-pt.html?fbclid=IwY2xjawOS8e5leHRuA2FlbQIxMABicmlkETFJUE5PMVNTc3BpVDd0N3BKc3J0YwZhcHBfaWQQMjIyMDM5MTc4ODIwMDg5MgABHglh0E367yV6urEb9ReNykdC8Vkl-mXAOsK9ZEFGhfbTRHqute8EY5J2a_VI_aem_FRIZbJD_GaHe4oNystNwXg&amp;chal_t=1764102814965&amp;force_referer=https%3A%2F%2Fl.facebook.com%2F\" target=\"_blank\" rel=\"noopener\">Talasnal Alojamento<\/a><\/p>\n\n\t\t<\/div>\n\t<\/div>\n<\/div><\/div><\/div><div class=\"wpb_column vc_column_container vc_col-sm-6\"><div class=\"vc_column-inner\"><div class=\"wpb_wrapper\">\n\t<div  class=\"wpb_single_image wpb_content_element vc_align_center\">\n\t\t\n\t\t<figure class=\"wpb_wrapper vc_figure\">\n\t\t\t<div class=\"vc_single_image-wrapper   vc_box_border_grey\"><img width=\"1024\" height=\"633\" src=\"https:\/\/louzantrail.com\/wp-content\/uploads\/sites\/8\/2025\/11\/Talasnal-Montanhas-1024x633.jpg\" class=\"vc_single_image-img attachment-large\" alt=\"\" decoding=\"async\" title=\"Talasnal-Montanhas\" loading=\"lazy\" srcset=\"https:\/\/louzantrail.com\/wp-content\/uploads\/sites\/8\/2025\/11\/Talasnal-Montanhas-1024x633.jpg 1024w, https:\/\/louzantrail.com\/wp-content\/uploads\/sites\/8\/2025\/11\/Talasnal-Montanhas-300x185.jpg 300w, https:\/\/louzantrail.com\/wp-content\/uploads\/sites\/8\/2025\/11\/Talasnal-Montanhas-150x93.jpg 150w, https:\/\/louzantrail.com\/wp-content\/uploads\/sites\/8\/2025\/11\/Talasnal-Montanhas-768x475.jpg 768w, https:\/\/louzantrail.com\/wp-content\/uploads\/sites\/8\/2025\/11\/Talasnal-Montanhas-1536x950.jpg 1536w, https:\/\/louzantrail.com\/wp-content\/uploads\/sites\/8\/2025\/11\/Talasnal-Montanhas-18x12.jpg 18w, https:\/\/louzantrail.com\/wp-content\/uploads\/sites\/8\/2025\/11\/Talasnal-Montanhas.jpg 1920w\" sizes=\"(max-width: 1024px) 100vw, 1024px\" \/><\/div>\n\t\t<\/figure>\n\t<\/div>\n<\/div><\/div><\/div><\/div><\/div><div class=\"vc_row wpb_row vc_row-fluid edgtf-section vc_custom_1764103599811 edgtf-content-aligment-left\" style=\"\"><div class=\"clearfix edgtf-full-section-inner\"><div class=\"wpb_column vc_column_container vc_col-sm-6\"><div class=\"vc_column-inner\"><div class=\"wpb_wrapper\">\n\t<div  class=\"wpb_single_image wpb_content_element vc_align_center  vc_custom_1764103512680\">\n\t\t\n\t\t<figure class=\"wpb_wrapper vc_figure\">\n\t\t\t<div class=\"vc_single_image-wrapper   vc_box_border_grey\"><img class=\"vc_single_image-img\" src=\"https:\/\/louzantrail.com\/wp-content\/uploads\/sites\/8\/2025\/11\/Cerdeira-150x150.png\" width=\"150\" height=\"150\" alt=\"Cerdeira\" title=\"Cerdeira\" \/><\/div>\n\t\t<\/figure>\n\t<\/div>\n<div class=\"vc_empty_space\"   style=\"height: 20px\"><span class=\"vc_empty_space_inner\"><\/span><\/div>\n\t<div class=\"wpb_text_column wpb_content_element  vc_custom_1764103564697\" >\n\t\t<div class=\"wpb_wrapper\">\n\t\t\t<p style=\"text-align: center\">Hidden in a small valley at 700 metres of altitude, Cerdeira is an\u00a0<strong>old<\/strong>\u00a0century schist village\u00a0<strong>that was at risk of disappearing<\/strong>\u00a0after agricultural activity was abandoned in the mid-20th century. Around 300 years old, the village was built by courageous people \u2014 farmers who made their living from this land and who, even after leaving in search of a better life for their families, still return regularly to visit it and show their affection.<\/p>\n<p style=\"text-align: center\">Reservations: <a href=\"https:\/\/www.cerdeirahomeforcreativity.com\/\">https:\/\/www.cerdeirahomeforcreativity.com\/<\/a><\/p>\n\n\t\t<\/div>\n\t<\/div>\n<\/div><\/div><\/div><div class=\"wpb_column vc_column_container vc_col-sm-6\"><div class=\"vc_column-inner\"><div class=\"wpb_wrapper\">\n\t<div  class=\"wpb_single_image wpb_content_element vc_align_center\">\n\t\t\n\t\t<figure class=\"wpb_wrapper vc_figure\">\n\t\t\t<div class=\"vc_single_image-wrapper   vc_box_border_grey\"><img width=\"1024\" height=\"597\" src=\"https:\/\/louzantrail.com\/wp-content\/uploads\/sites\/8\/2025\/11\/Cerdeira-1024x597.jpg\" class=\"vc_single_image-img attachment-large\" alt=\"\" decoding=\"async\" title=\"Cerdeira\" loading=\"lazy\" srcset=\"https:\/\/louzantrail.com\/wp-content\/uploads\/sites\/8\/2025\/11\/Cerdeira-1024x597.jpg 1024w, https:\/\/louzantrail.com\/wp-content\/uploads\/sites\/8\/2025\/11\/Cerdeira-300x175.jpg 300w, https:\/\/louzantrail.com\/wp-content\/uploads\/sites\/8\/2025\/11\/Cerdeira-150x87.jpg 150w, https:\/\/louzantrail.com\/wp-content\/uploads\/sites\/8\/2025\/11\/Cerdeira-768x448.jpg 768w, https:\/\/louzantrail.com\/wp-content\/uploads\/sites\/8\/2025\/11\/Cerdeira-1536x895.jpg 1536w, https:\/\/louzantrail.com\/wp-content\/uploads\/sites\/8\/2025\/11\/Cerdeira-18x10.jpg 18w, https:\/\/louzantrail.com\/wp-content\/uploads\/sites\/8\/2025\/11\/Cerdeira.jpg 1920w\" sizes=\"(max-width: 1024px) 100vw, 1024px\" \/><\/div>\n\t\t<\/figure>\n\t<\/div>\n<\/div><\/div><\/div><\/div><\/div><div class=\"vc_row wpb_row vc_row-fluid edgtf-section vc_custom_1764094450740 edgtf-content-aligment-left\" style=\"\"><div class=\"clearfix edgtf-full-section-inner\"><div class=\"wpb_column vc_column_container vc_col-sm-6\"><div class=\"vc_column-inner\"><div class=\"wpb_wrapper\">\n\t<div  class=\"wpb_single_image wpb_content_element vc_align_center  vc_custom_1769601103410\">\n\t\t\n\t\t<figure class=\"wpb_wrapper vc_figure\">\n\t\t\t<div class=\"vc_single_image-wrapper   vc_box_border_grey\"><img class=\"vc_single_image-img\" src=\"https:\/\/louzantrail.com\/wp-content\/uploads\/sites\/8\/2026\/01\/Activar-copiar-150x162.png\" width=\"150\" height=\"162\" alt=\"Activar copiar\" title=\"Activar copiar\" \/><\/div>\n\t\t<\/figure>\n\t<\/div>\n<div class=\"vc_empty_space\"   style=\"height: 20px\"><span class=\"vc_empty_space_inner\"><\/span><\/div>\n\t<div class=\"wpb_text_column wpb_content_element  vc_custom_1769601414669\" >\n\t\t<div class=\"wpb_wrapper\">\n\t\t\t<p style=\"text-align: center\">Localizado em plena Serra da Lous\u00e3, na Aldeia do Xisto do Talasnal, a Casa do Caminheiro encontra-se a apenas 12km da Vila da Lous\u00e3. Rodeada pela floresta, os h\u00f3spedes poder\u00e3o desfrutar da natureza em estado puro.<\/p>\n<p style=\"text-align: center\">O alojamento disp\u00f5e de um quarto para 10 pessoas (5 beliches), uma cozinha totalmente equipada e balne\u00e1rios, com condi\u00e7\u00f5es de acessibilidade para todos os p\u00fablicos. Caso n\u00e3o pretendam cozinhar, poder\u00e3o usufruir dos restaurantes da Aldeia ou da Vila. Baseando-se no conceito de \u201calbergue de montanha\u201d, a Casa do Caminheiro n\u00e3o disponibiliza acesso a wi-fi nem televis\u00e3o.<\/p>\n<p style=\"text-align: center\"><strong>Sabe mais aqui:<\/strong><\/p>\n<p style=\"text-align: center\"><a href=\"https:\/\/www.booking.com\/hotel\/pt\/casa-do-caminheiro.pt-pt.html\">https:\/\/www.booking.com\/hotel\/pt\/casa-do-caminheiro.pt-pt.html<\/a><\/p>\n\n\t\t<\/div>\n\t<\/div>\n<\/div><\/div><\/div><div class=\"wpb_column vc_column_container vc_col-sm-6\"><div class=\"vc_column-inner\"><div class=\"wpb_wrapper\">\n\t<div  class=\"wpb_single_image wpb_content_element vc_align_center\">\n\t\t\n\t\t<figure class=\"wpb_wrapper vc_figure\">\n\t\t\t<div class=\"vc_single_image-wrapper   vc_box_border_grey\"><img width=\"1024\" height=\"542\" src=\"https:\/\/louzantrail.com\/wp-content\/uploads\/sites\/8\/2026\/01\/WhatsApp-Image-2026-01-28-at-11.06.17-1024x542.jpg\" class=\"vc_single_image-img attachment-large\" alt=\"\" decoding=\"async\" title=\"WhatsApp-Image-2026-01-28-at-11.06.17\" loading=\"lazy\" srcset=\"https:\/\/louzantrail.com\/wp-content\/uploads\/sites\/8\/2026\/01\/WhatsApp-Image-2026-01-28-at-11.06.17-1024x542.jpg 1024w, https:\/\/louzantrail.com\/wp-content\/uploads\/sites\/8\/2026\/01\/WhatsApp-Image-2026-01-28-at-11.06.17-300x159.jpg 300w, https:\/\/louzantrail.com\/wp-content\/uploads\/sites\/8\/2026\/01\/WhatsApp-Image-2026-01-28-at-11.06.17-150x79.jpg 150w, https:\/\/louzantrail.com\/wp-content\/uploads\/sites\/8\/2026\/01\/WhatsApp-Image-2026-01-28-at-11.06.17-768x406.jpg 768w, https:\/\/louzantrail.com\/wp-content\/uploads\/sites\/8\/2026\/01\/WhatsApp-Image-2026-01-28-at-11.06.17-1536x813.jpg 1536w, https:\/\/louzantrail.com\/wp-content\/uploads\/sites\/8\/2026\/01\/WhatsApp-Image-2026-01-28-at-11.06.17-18x10.jpg 18w, https:\/\/louzantrail.com\/wp-content\/uploads\/sites\/8\/2026\/01\/WhatsApp-Image-2026-01-28-at-11.06.17.jpg 1920w\" sizes=\"(max-width: 1024px) 100vw, 1024px\" \/><\/div>\n\t\t<\/figure>\n\t<\/div>\n<\/div><\/div><\/div><\/div><\/div><div class=\"vc_row wpb_row vc_row-fluid edgtf-section vc_custom_1764103599811 edgtf-content-aligment-left\" style=\"\"><div class=\"clearfix edgtf-full-section-inner\"><div class=\"wpb_column vc_column_container vc_col-sm-6\"><div class=\"vc_column-inner\"><div class=\"wpb_wrapper\">\n\t<div  class=\"wpb_single_image wpb_content_element vc_align_center  vc_custom_1769601149572\">\n\t\t\n\t\t<figure class=\"wpb_wrapper vc_figure\">\n\t\t\t<div class=\"vc_single_image-wrapper   vc_box_border_grey\"><img class=\"vc_single_image-img\" src=\"https:\/\/louzantrail.com\/wp-content\/uploads\/sites\/8\/2025\/11\/pousadasdejuventude-150x150.png\" width=\"150\" height=\"150\" alt=\"pousadasdejuventude\" title=\"pousadasdejuventude\" \/><\/div>\n\t\t<\/figure>\n\t<\/div>\n<div class=\"vc_empty_space\"   style=\"height: 20px\"><span class=\"vc_empty_space_inner\"><\/span><\/div>\n\t<div class=\"wpb_text_column wpb_content_element  vc_custom_1769601169551\" >\n\t\t<div class=\"wpb_wrapper\">\n\t\t\t<p style=\"text-align: center\">Does adrenaline run through your veins and you can\u2019t live without off-road adventures? Do you want to visit the picturesque Schist Villages? Do you dream every day of hiking the local trails? Then look no further\u2026\u00a0<strong>the Lous\u00e3 Youth Hostel<\/strong>\u00a0is the perfect place for you!<\/p>\n<p style=\"text-align: center\">Reservations: <a href=\"https:\/\/www.pousadasjuventude.pt\/pt\/pousadas\/pousada-da-lousa\/\" target=\"_blank\" rel=\"noopener\">Pousada da Lous\u00e3<\/a><\/p>\n\n\t\t<\/div>\n\t<\/div>\n<\/div><\/div><\/div><div class=\"wpb_column vc_column_container vc_col-sm-6\"><div class=\"vc_column-inner\"><div class=\"wpb_wrapper\">\n\t<div  class=\"wpb_single_image wpb_content_element vc_align_center\">\n\t\t\n\t\t<figure class=\"wpb_wrapper vc_figure\">\n\t\t\t<div class=\"vc_single_image-wrapper   vc_box_border_grey\"><img width=\"1024\" height=\"478\" src=\"https:\/\/louzantrail.com\/wp-content\/uploads\/sites\/8\/2025\/11\/Pousada-Lousa-1024x478.jpg\" class=\"vc_single_image-img attachment-large\" alt=\"\" decoding=\"async\" title=\"Pousada-Lousa\u0303\" loading=\"lazy\" srcset=\"https:\/\/louzantrail.com\/wp-content\/uploads\/sites\/8\/2025\/11\/Pousada-Lousa-1024x478.jpg 1024w, https:\/\/louzantrail.com\/wp-content\/uploads\/sites\/8\/2025\/11\/Pousada-Lousa-300x140.jpg 300w, https:\/\/louzantrail.com\/wp-content\/uploads\/sites\/8\/2025\/11\/Pousada-Lousa-150x70.jpg 150w, https:\/\/louzantrail.com\/wp-content\/uploads\/sites\/8\/2025\/11\/Pousada-Lousa-768x359.jpg 768w, https:\/\/louzantrail.com\/wp-content\/uploads\/sites\/8\/2025\/11\/Pousada-Lousa-1536x718.jpg 1536w, https:\/\/louzantrail.com\/wp-content\/uploads\/sites\/8\/2025\/11\/Pousada-Lousa-18x8.jpg 18w, https:\/\/louzantrail.com\/wp-content\/uploads\/sites\/8\/2025\/11\/Pousada-Lousa.jpg 1920w\" sizes=\"(max-width: 1024px) 100vw, 1024px\" \/><\/div>\n\t\t<\/figure>\n\t<\/div>\n<\/div><\/div><\/div><\/div><\/div>\n<!--themify_builder_content-->\n<div id=\"themify_builder_content-9186\" data-postid=\"9186\" class=\"themify_builder_content themify_builder_content-9186 themify_builder tf_clear\">\n    <\/div>\n<!--\/themify_builder_content-->","protected":false},"excerpt":{"rendered":"VOUCHER 15% DESCONTO PLBH_LOUZANTRAIL_2026 O Pal\u00e1cio da Lous\u00e3 \u00e9 um retiro no cora\u00e7\u00e3o da regi\u00e3o Centro onde se avista um patrim\u00f3nio hist\u00f3rico e natural dos mais ricos de Portugal. No antigo Pal\u00e1cio da Viscondessa do Espinhal, o charme dos ambientes hist\u00f3ricos cruza-se com o encanto...","protected":false},"author":1,"featured_media":0,"parent":9098,"menu_order":0,"comment_status":"closed","ping_status":"closed","template":"full-width.php","meta":{"footnotes":""},"builder_content":"","_links":{"self":[{"href":"https:\/\/louzantrail.com\/en\/wp-json\/wp\/v2\/pages\/9186"}],"collection":[{"href":"https:\/\/louzantrail.com\/en\/wp-json\/wp\/v2\/pages"}],"about":[{"href":"https:\/\/louzantrail.com\/en\/wp-json\/wp\/v2\/types\/page"}],"author":[{"embeddable":true,"href":"https:\/\/louzantrail.com\/en\/wp-json\/wp\/v2\/users\/1"}],"replies":[{"embeddable":true,"href":"https:\/\/louzantrail.com\/en\/wp-json\/wp\/v2\/comments?post=9186"}],"version-history":[{"count":109,"href":"https:\/\/louzantrail.com\/en\/wp-json\/wp\/v2\/pages\/9186\/revisions"}],"predecessor-version":[{"id":11824,"href":"https:\/\/louzantrail.com\/en\/wp-json\/wp\/v2\/pages\/9186\/revisions\/11824"}],"up":[{"embeddable":true,"href":"https:\/\/louzantrail.com\/en\/wp-json\/wp\/v2\/pages\/9098"}],"wp:attachment":[{"href":"https:\/\/louzantrail.com\/en\/wp-json\/wp\/v2\/media?parent=9186"}],"curies":[{"name":"wp","href":"https:\/\/api.w.org\/{rel}","templated":true}]}}