{"id":9023,"date":"2019-09-03T16:20:40","date_gmt":"2019-09-03T16:20:40","guid":{"rendered":"https:\/\/louzantrail.com\/?page_id=9023"},"modified":"2022-10-06T13:05:54","modified_gmt":"2022-10-06T13:05:54","slug":"louzantrail-2016","status":"publish","type":"page","link":"https:\/\/louzantrail.com\/en\/historia\/louzantrail-2016\/","title":{"rendered":"Louzantrail 2016"},"content":{"rendered":"<div class=\"vc_row wpb_row vc_row-fluid edgtf-section edgtf-content-aligment-left edgtf-grid-section\" style=\"\"><div class=\"clearfix edgtf-section-inner\"><div class=\"edgtf-section-inner-margin clearfix\"><div class=\"wpb_column vc_column_container vc_col-sm-4\"><div class=\"vc_column-inner\"><div class=\"wpb_wrapper\">\n\t<div  class=\"wpb_single_image wpb_content_element vc_align_center\">\n\t\t\n\t\t<figure class=\"wpb_wrapper vc_figure\">\n\t\t\t<div class=\"vc_single_image-wrapper   vc_box_border_grey\"><img width=\"300\" height=\"200\" src=\"https:\/\/louzantrail.com\/wp-content\/uploads\/sites\/8\/2019\/09\/louzantrail_9-1-300x200.jpg\" class=\"vc_single_image-img attachment-medium\" alt=\"Louzantrail\" decoding=\"async\" title=\"louzantrail_9\" loading=\"lazy\" srcset=\"https:\/\/louzantrail.com\/wp-content\/uploads\/sites\/8\/2019\/09\/louzantrail_9-1-300x200.jpg 300w, https:\/\/louzantrail.com\/wp-content\/uploads\/sites\/8\/2019\/09\/louzantrail_9-1-150x100.jpg 150w, https:\/\/louzantrail.com\/wp-content\/uploads\/sites\/8\/2019\/09\/louzantrail_9-1-768x512.jpg 768w, https:\/\/louzantrail.com\/wp-content\/uploads\/sites\/8\/2019\/09\/louzantrail_9-1.jpg 900w\" sizes=\"(max-width: 300px) 100vw, 300px\" \/><\/div>\n\t\t<\/figure>\n\t<\/div>\n<div class=\"vc_empty_space\"   style=\"height: 15px\"><span class=\"vc_empty_space_inner\"><\/span><\/div>\n<div class=\"edgtf-section-title edgtf-section-align-center\" style=\"font-size: 24px\">\n\tULTRA LOUZANTRAIL\t<\/div>\n\t<div class=\"wpb_text_column wpb_content_element  historic-class\" >\n\t\t<div class=\"wpb_wrapper\">\n\t\t\t<p><strong>Male<\/strong><br \/>\nLu\u00eds Mota (Casa Benfica em Abrantes)<br \/>\n6:35:50<br \/>\nRui Pacheco (AMCF-Arr\u00e1bida Trail Team)<br \/>\n6:42:58<br \/>\nPedro Batista (ARSM-Associa\u00e7\u00e3o Recreativa de S. Miguel)<br \/>\n6:58:21<br \/>\n<strong>Female<\/strong><br \/>\nEster Alves (Salomon Suunto Portugal)<br \/>\n07:10:30<br \/>\nCarla Cabral (CAOH\/GIN\u00c1SIO EXTREME FIT)<br \/>\n08:33:40<br \/>\nSusana Soares<br \/>\n08:50:02<br \/>\n<strong>Equipas<\/strong><br \/>\n1\u00ba &#8211; ARSM &#8211; Associa\u00e7\u00e3o Recreativa de S. Miguel<br \/>\n2\u00ba &#8211; Coimbra Trail Running<br \/>\n3\u00ba &#8211; Correr em \u00c9vora<\/p>\n\n\t\t<\/div>\n\t<\/div>\n<\/div><\/div><\/div><div class=\"wpb_column vc_column_container vc_col-sm-4\"><div class=\"vc_column-inner\"><div class=\"wpb_wrapper\">\n\t<div  class=\"wpb_single_image wpb_content_element vc_align_center\">\n\t\t\n\t\t<figure class=\"wpb_wrapper vc_figure\">\n\t\t\t<div class=\"vc_single_image-wrapper   vc_box_border_grey\"><img width=\"300\" height=\"200\" src=\"https:\/\/louzantrail.com\/wp-content\/uploads\/sites\/8\/2019\/09\/louzantrail_6-1-300x200.jpg\" class=\"vc_single_image-img attachment-medium\" alt=\"Louzantrail\" decoding=\"async\" title=\"louzantrail_6\" loading=\"lazy\" srcset=\"https:\/\/louzantrail.com\/wp-content\/uploads\/sites\/8\/2019\/09\/louzantrail_6-1-300x200.jpg 300w, https:\/\/louzantrail.com\/wp-content\/uploads\/sites\/8\/2019\/09\/louzantrail_6-1-150x100.jpg 150w, https:\/\/louzantrail.com\/wp-content\/uploads\/sites\/8\/2019\/09\/louzantrail_6-1-768x512.jpg 768w, https:\/\/louzantrail.com\/wp-content\/uploads\/sites\/8\/2019\/09\/louzantrail_6-1.jpg 900w\" sizes=\"(max-width: 300px) 100vw, 300px\" \/><\/div>\n\t\t<\/figure>\n\t<\/div>\n<div class=\"vc_empty_space\"   style=\"height: 15px\"><span class=\"vc_empty_space_inner\"><\/span><\/div>\n<div class=\"edgtf-section-title edgtf-section-align-center\" style=\"font-size: 24px\">\n\tLOUZANTRAIL LONGO\t<\/div>\n\t<div class=\"wpb_text_column wpb_content_element  historic-class\" >\n\t\t<div class=\"wpb_wrapper\">\n\t\t\t<p><strong>Male<\/strong><br \/>\nRicardo Silva (EDV-Viana Trail)<br \/>\n03:10:53<br \/>\nBruno Sousa (Satecnosol Outdoor-LaSportiva)<br \/>\n03:10:55<br \/>\nC\u00e9sar Barros (Sport-Clube Beira Mar)<br \/>\n03:21:09<br \/>\n<strong>Female<\/strong><br \/>\nAna Feteira (ARSM-Assoc. Recreativa de S. Miguel)<br \/>\n04:38:23<br \/>\nDina Rocha (Coimbra Trail Running)<br \/>\n04:39:33<br \/>\nPatr\u00edcia Fernandes (ARSM-Assoc. Recreativa de S. Miguel)<br \/>\n04:43:04<br \/>\n<strong>Equipas<\/strong><br \/>\n1\u00ba &#8211; Coimbra Trail Running<br \/>\n2\u00ba &#8211; EDV- VIANA TRAIL<br \/>\n3\u00ba &#8211; Escaravelhos Team<\/p>\n\n\t\t<\/div>\n\t<\/div>\n<\/div><\/div><\/div><div class=\"wpb_column vc_column_container vc_col-sm-4\"><div class=\"vc_column-inner\"><div class=\"wpb_wrapper\">\n\t<div  class=\"wpb_single_image wpb_content_element vc_align_center\">\n\t\t\n\t\t<figure class=\"wpb_wrapper vc_figure\">\n\t\t\t<div class=\"vc_single_image-wrapper   vc_box_border_grey\"><img width=\"300\" height=\"200\" src=\"https:\/\/louzantrail.com\/wp-content\/uploads\/sites\/8\/2019\/09\/louzantrail_2-1-300x200.jpg\" class=\"vc_single_image-img attachment-medium\" alt=\"Louzantrail\" decoding=\"async\" title=\"louzantrail_2\" loading=\"lazy\" srcset=\"https:\/\/louzantrail.com\/wp-content\/uploads\/sites\/8\/2019\/09\/louzantrail_2-1-300x200.jpg 300w, https:\/\/louzantrail.com\/wp-content\/uploads\/sites\/8\/2019\/09\/louzantrail_2-1-150x100.jpg 150w, https:\/\/louzantrail.com\/wp-content\/uploads\/sites\/8\/2019\/09\/louzantrail_2-1-768x512.jpg 768w, https:\/\/louzantrail.com\/wp-content\/uploads\/sites\/8\/2019\/09\/louzantrail_2-1.jpg 900w\" sizes=\"(max-width: 300px) 100vw, 300px\" \/><\/div>\n\t\t<\/figure>\n\t<\/div>\n<div class=\"vc_empty_space\"   style=\"height: 15px\"><span class=\"vc_empty_space_inner\"><\/span><\/div>\n<div class=\"edgtf-section-title edgtf-section-align-center\" style=\"font-size: 24px\">\n\tLOUZANTRAIL CURTO\t<\/div>\n\t<div class=\"wpb_text_column wpb_content_element  historic-class\" >\n\t\t<div class=\"wpb_wrapper\">\n\t\t\t<p><strong>Male<\/strong><br \/>\nPedro Rodrigues (EDV-Viana Trail)<br \/>\n01:57:12<br \/>\nN\u00e9lson Costa (O Mundo da Corrida)<br \/>\n02:01:57<br \/>\nRicardo Ferreira (ARSM-Assoc. Recreativa de S. Miguel)<br \/>\n02:03:15<br \/>\n<strong>Female<\/strong><br \/>\nSofia Louren\u00e7o (ARSM-Assoc. Recreativa de S. Miguel)<br \/>\n02:40:37<br \/>\nCarla Reis (ARSM-Assoc. Recreativa de S. Miguel)<br \/>\n02:46:37<br \/>\nLiliana Ca\u00e7oete (GIRQ &#8211; Quiaios Run Team)<br \/>\n02:52:34<br \/>\n<strong>Equipas<\/strong><br \/>\n1\u00ba &#8211; ARSM-Assoc. Recreativa de S. Miguel<br \/>\n2\u00ba &#8211; Coimbra Trail Running<br \/>\n3\u00ba &#8211; Slow Runners Pombal<\/p>\n\n\t\t<\/div>\n\t<\/div>\n<\/div><\/div><\/div><\/div><\/div><\/div>\n<!--themify_builder_content-->\n<div id=\"themify_builder_content-9023\" data-postid=\"9023\" class=\"themify_builder_content themify_builder_content-9023 themify_builder tf_clear\">\n    <\/div>\n<!--\/themify_builder_content-->","protected":false},"excerpt":{"rendered":"ULTRA LOUZANTRAIL Masculino Lu\u00eds Mota (Casa Benfica em Abrantes) 6:35:50 Rui Pacheco (AMCF-Arr\u00e1bida Trail Team) 6:42:58 Pedro Batista (ARSM-Associa\u00e7\u00e3o Recreativa de S. Miguel) 6:58:21 Feminino Ester Alves (Salomon Suunto Portugal) 07:10:30 Carla Cabral (CAOH\/GIN\u00c1SIO EXTREME FIT) 08:33:40 Susana Soares 08:50:02 Equipas 1\u00ba - ARSM -...","protected":false},"author":1,"featured_media":0,"parent":8965,"menu_order":4,"comment_status":"closed","ping_status":"closed","template":"full-width.php","meta":{"footnotes":""},"builder_content":"","_links":{"self":[{"href":"https:\/\/louzantrail.com\/en\/wp-json\/wp\/v2\/pages\/9023"}],"collection":[{"href":"https:\/\/louzantrail.com\/en\/wp-json\/wp\/v2\/pages"}],"about":[{"href":"https:\/\/louzantrail.com\/en\/wp-json\/wp\/v2\/types\/page"}],"author":[{"embeddable":true,"href":"https:\/\/louzantrail.com\/en\/wp-json\/wp\/v2\/users\/1"}],"replies":[{"embeddable":true,"href":"https:\/\/louzantrail.com\/en\/wp-json\/wp\/v2\/comments?post=9023"}],"version-history":[{"count":6,"href":"https:\/\/louzantrail.com\/en\/wp-json\/wp\/v2\/pages\/9023\/revisions"}],"predecessor-version":[{"id":10737,"href":"https:\/\/louzantrail.com\/en\/wp-json\/wp\/v2\/pages\/9023\/revisions\/10737"}],"up":[{"embeddable":true,"href":"https:\/\/louzantrail.com\/en\/wp-json\/wp\/v2\/pages\/8965"}],"wp:attachment":[{"href":"https:\/\/louzantrail.com\/en\/wp-json\/wp\/v2\/media?parent=9023"}],"curies":[{"name":"wp","href":"https:\/\/api.w.org\/{rel}","templated":true}]}}