{"id":9018,"date":"2019-09-03T16:14:22","date_gmt":"2019-09-03T16:14:22","guid":{"rendered":"https:\/\/louzantrail.com\/?page_id=9018"},"modified":"2022-10-06T13:06:14","modified_gmt":"2022-10-06T13:06:14","slug":"louzantrail-2000","status":"publish","type":"page","link":"https:\/\/louzantrail.com\/en\/historia\/louzantrail-2000\/","title":{"rendered":"Louzantrail 2000"},"content":{"rendered":"<div class=\"vc_row wpb_row vc_row-fluid edgtf-section edgtf-content-aligment-left edgtf-grid-section\" style=\"\"><div class=\"clearfix edgtf-section-inner\"><div class=\"edgtf-section-inner-margin clearfix\"><div class=\"wpb_column vc_column_container vc_col-sm-4\"><div class=\"vc_column-inner\"><div class=\"wpb_wrapper\"><\/div><\/div><\/div><div class=\"wpb_column vc_column_container vc_col-sm-4\"><div class=\"vc_column-inner\"><div class=\"wpb_wrapper\">\n\t<div  class=\"wpb_single_image wpb_content_element vc_align_center\">\n\t\t\n\t\t<figure class=\"wpb_wrapper vc_figure\">\n\t\t\t<div class=\"vc_single_image-wrapper   vc_box_border_grey\"><img width=\"300\" height=\"200\" src=\"https:\/\/louzantrail.com\/wp-content\/uploads\/sites\/8\/2019\/09\/louzantrail_6-1-300x200.jpg\" class=\"vc_single_image-img attachment-medium\" alt=\"Louzantrail\" decoding=\"async\" title=\"louzantrail_6\" loading=\"lazy\" srcset=\"https:\/\/louzantrail.com\/wp-content\/uploads\/sites\/8\/2019\/09\/louzantrail_6-1-300x200.jpg 300w, https:\/\/louzantrail.com\/wp-content\/uploads\/sites\/8\/2019\/09\/louzantrail_6-1-150x100.jpg 150w, https:\/\/louzantrail.com\/wp-content\/uploads\/sites\/8\/2019\/09\/louzantrail_6-1-768x512.jpg 768w, https:\/\/louzantrail.com\/wp-content\/uploads\/sites\/8\/2019\/09\/louzantrail_6-1.jpg 900w\" sizes=\"(max-width: 300px) 100vw, 300px\" \/><\/div>\n\t\t<\/figure>\n\t<\/div>\n<div class=\"vc_empty_space\"   style=\"height: 15px\"><span class=\"vc_empty_space_inner\"><\/span><\/div>\n<div class=\"edgtf-section-title edgtf-section-align-center\" style=\"font-size: 24px\">\n\tEnduro Serra da Lous\u00e3\t<\/div>\n\t<div class=\"wpb_text_column wpb_content_element  historic-class\" >\n\t\t<div class=\"wpb_wrapper\">\n\t\t\t<p><strong>Male<\/strong><br \/>\nAsdr\u00fabal Feritas (CCD C.M.Gondomar)<br \/>\n00:48:35<br \/>\nDuarte Barbosa (CCD C.M.Gondomar)<br \/>\n00:51:34<br \/>\nAnt\u00f3nio Ferreira (RD Carbon)<br \/>\n00:52:21<br \/>\n<strong>Female<\/strong><br \/>\nMonica Moreiras (G. Clube Bragan\u00e7a)<br \/>\n01:06:20<br \/>\nGl\u00f3ria Serrazina (CRP Ribafria)<br \/>\n01:08:02<br \/>\nMargarida Pinto<br \/>\n01:08:27<br \/>\n<strong>Equipas<\/strong><br \/>\n1\u00ba &#8211; CCD C.M.Gondomar<br \/>\n2\u00ba &#8211; Montanha Clube<br \/>\n3\u00ba &#8211; CA Barreira<\/p>\n\n\t\t<\/div>\n\t<\/div>\n<\/div><\/div><\/div><\/div><\/div><\/div>\n<!--themify_builder_content-->\n<div id=\"themify_builder_content-9018\" data-postid=\"9018\" class=\"themify_builder_content themify_builder_content-9018 themify_builder tf_clear\">\n    <\/div>\n<!--\/themify_builder_content-->","protected":false},"excerpt":{"rendered":"Enduro Serra da Lous\u00e3 Masculino Asdr\u00fabal Feritas (CCD C.M.Gondomar) 00:48:35 Duarte Barbosa (CCD C.M.Gondomar) 00:51:34 Ant\u00f3nio Ferreira (RD Carbon) 00:52:21 Feminino Monica Moreiras (G. Clube Bragan\u00e7a) 01:06:20 Gl\u00f3ria Serrazina (CRP Ribafria) 01:08:02 Margarida Pinto 01:08:27 Equipas 1\u00ba - CCD C.M.Gondomar 2\u00ba - Montanha Clube 3\u00ba...","protected":false},"author":1,"featured_media":0,"parent":8965,"menu_order":9,"comment_status":"closed","ping_status":"closed","template":"full-width.php","meta":{"footnotes":""},"builder_content":"","_links":{"self":[{"href":"https:\/\/louzantrail.com\/en\/wp-json\/wp\/v2\/pages\/9018"}],"collection":[{"href":"https:\/\/louzantrail.com\/en\/wp-json\/wp\/v2\/pages"}],"about":[{"href":"https:\/\/louzantrail.com\/en\/wp-json\/wp\/v2\/types\/page"}],"author":[{"embeddable":true,"href":"https:\/\/louzantrail.com\/en\/wp-json\/wp\/v2\/users\/1"}],"replies":[{"embeddable":true,"href":"https:\/\/louzantrail.com\/en\/wp-json\/wp\/v2\/comments?post=9018"}],"version-history":[{"count":7,"href":"https:\/\/louzantrail.com\/en\/wp-json\/wp\/v2\/pages\/9018\/revisions"}],"predecessor-version":[{"id":10742,"href":"https:\/\/louzantrail.com\/en\/wp-json\/wp\/v2\/pages\/9018\/revisions\/10742"}],"up":[{"embeddable":true,"href":"https:\/\/louzantrail.com\/en\/wp-json\/wp\/v2\/pages\/8965"}],"wp:attachment":[{"href":"https:\/\/louzantrail.com\/en\/wp-json\/wp\/v2\/media?parent=9018"}],"curies":[{"name":"wp","href":"https:\/\/api.w.org\/{rel}","templated":true}]}}