{"id":9015,"date":"2019-09-03T16:13:57","date_gmt":"2019-09-03T16:13:57","guid":{"rendered":"https:\/\/louzantrail.com\/?page_id=9015"},"modified":"2022-10-06T13:06:10","modified_gmt":"2022-10-06T13:06:10","slug":"louzantrail-2001","status":"publish","type":"page","link":"https:\/\/louzantrail.com\/en\/historia\/louzantrail-2001\/","title":{"rendered":"Louzantrail 2001"},"content":{"rendered":"<div class=\"vc_row wpb_row vc_row-fluid edgtf-section edgtf-content-aligment-left edgtf-grid-section\" style=\"\"><div class=\"clearfix edgtf-section-inner\"><div class=\"edgtf-section-inner-margin clearfix\"><div class=\"wpb_column vc_column_container vc_col-sm-4\"><div class=\"vc_column-inner\"><div class=\"wpb_wrapper\"><\/div><\/div><\/div><div class=\"wpb_column vc_column_container vc_col-sm-4\"><div class=\"vc_column-inner\"><div class=\"wpb_wrapper\">\n\t<div  class=\"wpb_single_image wpb_content_element vc_align_center\">\n\t\t\n\t\t<figure class=\"wpb_wrapper vc_figure\">\n\t\t\t<div class=\"vc_single_image-wrapper   vc_box_border_grey\"><img width=\"300\" height=\"200\" src=\"https:\/\/louzantrail.com\/wp-content\/uploads\/sites\/8\/2019\/09\/louzantrail_6-1-300x200.jpg\" class=\"vc_single_image-img attachment-medium\" alt=\"Louzantrail\" decoding=\"async\" title=\"louzantrail_6\" loading=\"lazy\" srcset=\"https:\/\/louzantrail.com\/wp-content\/uploads\/sites\/8\/2019\/09\/louzantrail_6-1-300x200.jpg 300w, https:\/\/louzantrail.com\/wp-content\/uploads\/sites\/8\/2019\/09\/louzantrail_6-1-150x100.jpg 150w, https:\/\/louzantrail.com\/wp-content\/uploads\/sites\/8\/2019\/09\/louzantrail_6-1-768x512.jpg 768w, https:\/\/louzantrail.com\/wp-content\/uploads\/sites\/8\/2019\/09\/louzantrail_6-1.jpg 900w\" sizes=\"(max-width: 300px) 100vw, 300px\" \/><\/div>\n\t\t<\/figure>\n\t<\/div>\n<div class=\"vc_empty_space\"   style=\"height: 15px\"><span class=\"vc_empty_space_inner\"><\/span><\/div>\n<div class=\"edgtf-section-title edgtf-section-align-center\" style=\"font-size: 24px\">\n\tEnduro Serra da Lous\u00e3\t<\/div>\n\t<div class=\"wpb_text_column wpb_content_element  historic-class\" >\n\t\t<div class=\"wpb_wrapper\">\n\t\t\t<p><strong>Male<\/strong><br \/>\nAsdr\u00fabal Feritas (CCD C.M.Gondomar)<br \/>\n00:51:15<br \/>\nAnt\u00f3nio Martins (CCD C.M.Gondomar)<br \/>\n00:51:44<br \/>\nDuarte Barbosa (CCD C.M.Gondomar)<br \/>\n00:55:33<br \/>\n<strong>Female<\/strong><br \/>\nLucinda Moreiras (G. Clube Bragan\u00e7a)<br \/>\n01:02:39<br \/>\nMonica Moreiras (G. Clube Bragan\u00e7a)<br \/>\n01:11:32<br \/>\nGl\u00f3ria Serrazina (CRP Ribafria)<br \/>\n01:15:07<\/p>\n\n\t\t<\/div>\n\t<\/div>\n<\/div><\/div><\/div><\/div><\/div><\/div>\n<!--themify_builder_content-->\n<div id=\"themify_builder_content-9015\" data-postid=\"9015\" class=\"themify_builder_content themify_builder_content-9015 themify_builder tf_clear\">\n    <\/div>\n<!--\/themify_builder_content-->","protected":false},"excerpt":{"rendered":"Enduro Serra da Lous\u00e3 Masculino Asdr\u00fabal Feritas (CCD C.M.Gondomar) 00:51:15 Ant\u00f3nio Martins (CCD C.M.Gondomar) 00:51:44 Duarte Barbosa (CCD C.M.Gondomar) 00:55:33 Feminino Lucinda Moreiras (G. Clube Bragan\u00e7a) 01:02:39 Monica Moreiras (G. Clube Bragan\u00e7a) 01:11:32 Gl\u00f3ria Serrazina (CRP Ribafria) 01:15:07","protected":false},"author":1,"featured_media":0,"parent":8965,"menu_order":8,"comment_status":"closed","ping_status":"closed","template":"full-width.php","meta":{"footnotes":""},"builder_content":"","_links":{"self":[{"href":"https:\/\/louzantrail.com\/en\/wp-json\/wp\/v2\/pages\/9015"}],"collection":[{"href":"https:\/\/louzantrail.com\/en\/wp-json\/wp\/v2\/pages"}],"about":[{"href":"https:\/\/louzantrail.com\/en\/wp-json\/wp\/v2\/types\/page"}],"author":[{"embeddable":true,"href":"https:\/\/louzantrail.com\/en\/wp-json\/wp\/v2\/users\/1"}],"replies":[{"embeddable":true,"href":"https:\/\/louzantrail.com\/en\/wp-json\/wp\/v2\/comments?post=9015"}],"version-history":[{"count":7,"href":"https:\/\/louzantrail.com\/en\/wp-json\/wp\/v2\/pages\/9015\/revisions"}],"predecessor-version":[{"id":10741,"href":"https:\/\/louzantrail.com\/en\/wp-json\/wp\/v2\/pages\/9015\/revisions\/10741"}],"up":[{"embeddable":true,"href":"https:\/\/louzantrail.com\/en\/wp-json\/wp\/v2\/pages\/8965"}],"wp:attachment":[{"href":"https:\/\/louzantrail.com\/en\/wp-json\/wp\/v2\/media?parent=9015"}],"curies":[{"name":"wp","href":"https:\/\/api.w.org\/{rel}","templated":true}]}}