{"id":9010,"date":"2019-09-03T16:13:00","date_gmt":"2019-09-03T16:13:00","guid":{"rendered":"https:\/\/louzantrail.com\/?page_id=9010"},"modified":"2022-10-06T13:06:02","modified_gmt":"2022-10-06T13:06:02","slug":"louzantrail-2014","status":"publish","type":"page","link":"https:\/\/louzantrail.com\/en\/historia\/louzantrail-2014\/","title":{"rendered":"Louzantrail 2014"},"content":{"rendered":"<div class=\"vc_row wpb_row vc_row-fluid edgtf-section edgtf-content-aligment-left edgtf-grid-section\" style=\"\"><div class=\"clearfix edgtf-section-inner\"><div class=\"edgtf-section-inner-margin clearfix\"><div class=\"wpb_column vc_column_container vc_col-sm-2\"><div class=\"vc_column-inner\"><div class=\"wpb_wrapper\"><\/div><\/div><\/div><div class=\"wpb_column vc_column_container vc_col-sm-4\"><div class=\"vc_column-inner\"><div class=\"wpb_wrapper\">\n\t<div  class=\"wpb_single_image wpb_content_element vc_align_center\">\n\t\t\n\t\t<figure class=\"wpb_wrapper vc_figure\">\n\t\t\t<div class=\"vc_single_image-wrapper   vc_box_border_grey\"><img width=\"300\" height=\"200\" src=\"https:\/\/louzantrail.com\/wp-content\/uploads\/sites\/8\/2019\/09\/louzantrail_6-1-300x200.jpg\" class=\"vc_single_image-img attachment-medium\" alt=\"Louzantrail\" decoding=\"async\" title=\"louzantrail_6\" loading=\"lazy\" srcset=\"https:\/\/louzantrail.com\/wp-content\/uploads\/sites\/8\/2019\/09\/louzantrail_6-1-300x200.jpg 300w, https:\/\/louzantrail.com\/wp-content\/uploads\/sites\/8\/2019\/09\/louzantrail_6-1-150x100.jpg 150w, https:\/\/louzantrail.com\/wp-content\/uploads\/sites\/8\/2019\/09\/louzantrail_6-1-768x512.jpg 768w, https:\/\/louzantrail.com\/wp-content\/uploads\/sites\/8\/2019\/09\/louzantrail_6-1.jpg 900w\" sizes=\"(max-width: 300px) 100vw, 300px\" \/><\/div>\n\t\t<\/figure>\n\t<\/div>\n<div class=\"vc_empty_space\"   style=\"height: 15px\"><span class=\"vc_empty_space_inner\"><\/span><\/div>\n<div class=\"edgtf-section-title edgtf-section-align-center\" style=\"font-size: 24px\">\n\tLOUZANTRAIL LONGO\t<\/div>\n\t<div class=\"wpb_text_column wpb_content_element  historic-class\" >\n\t\t<div class=\"wpb_wrapper\">\n\t\t\t<p><strong>Male<\/strong><br \/>\nNuno Silva (Desn\u00edvel Positivo)<br \/>\n2:58:39<br \/>\nCarlos S\u00e1 (OZ Energia)<br \/>\n3:06:37<br \/>\nNuno Carpinteiro (Kainagua)<br \/>\n3:14:49<br \/>\n<strong>Female<\/strong><br \/>\nAna Gon\u00e7alves (ALIVE FITNESS CLUB)<br \/>\n04:10:45<br \/>\nCarmen Pires (Offtel Runners)<br \/>\n04:18:45<br \/>\nVanda Fernandes (SCALABIS NIGHT RUNNERS)<br \/>\n04:48:44<\/p>\n\n\t\t<\/div>\n\t<\/div>\n<\/div><\/div><\/div><div class=\"wpb_column vc_column_container vc_col-sm-4\"><div class=\"vc_column-inner\"><div class=\"wpb_wrapper\">\n\t<div  class=\"wpb_single_image wpb_content_element vc_align_center\">\n\t\t\n\t\t<figure class=\"wpb_wrapper vc_figure\">\n\t\t\t<div class=\"vc_single_image-wrapper   vc_box_border_grey\"><img width=\"300\" height=\"200\" src=\"https:\/\/louzantrail.com\/wp-content\/uploads\/sites\/8\/2019\/09\/louzantrail_2-1-300x200.jpg\" class=\"vc_single_image-img attachment-medium\" alt=\"Louzantrail\" decoding=\"async\" title=\"louzantrail_2\" loading=\"lazy\" srcset=\"https:\/\/louzantrail.com\/wp-content\/uploads\/sites\/8\/2019\/09\/louzantrail_2-1-300x200.jpg 300w, https:\/\/louzantrail.com\/wp-content\/uploads\/sites\/8\/2019\/09\/louzantrail_2-1-150x100.jpg 150w, https:\/\/louzantrail.com\/wp-content\/uploads\/sites\/8\/2019\/09\/louzantrail_2-1-768x512.jpg 768w, https:\/\/louzantrail.com\/wp-content\/uploads\/sites\/8\/2019\/09\/louzantrail_2-1.jpg 900w\" sizes=\"(max-width: 300px) 100vw, 300px\" \/><\/div>\n\t\t<\/figure>\n\t<\/div>\n<div class=\"vc_empty_space\"   style=\"height: 15px\"><span class=\"vc_empty_space_inner\"><\/span><\/div>\n<div class=\"edgtf-section-title edgtf-section-align-center\" style=\"font-size: 24px\">\n\tLOUZANTRAIL CURTO\t<\/div>\n\t<div class=\"wpb_text_column wpb_content_element  historic-class\" >\n\t\t<div class=\"wpb_wrapper\">\n\t\t\t<p><strong>Male<\/strong><br \/>\nDinis Gon\u00e7alves (Multipower\/Gaia Trail)<br \/>\n01:25:02<br \/>\nRomeu Gouveia (Pizzaria Papo-Seco Trail)<br \/>\n01:25:07<br \/>\nJo\u00e3o Nunes (Multipower\/Gaia Trail)<br \/>\n01:27:10<br \/>\n<strong>Female<\/strong><br \/>\nCristina Couceiro (ARSM-Assoc. Recreativa de S. Miguel)<br \/>\n01:45:39<br \/>\nAna Feteira (ARSM-Assoc. Recreativa de S. Miguel)<br \/>\n01:54:47<br \/>\nMaria Fernando (Fernando &amp; Fernando Lda)<br \/>\n02:00:12<\/p>\n\n\t\t<\/div>\n\t<\/div>\n<\/div><\/div><\/div><\/div><\/div><\/div>\n<!--themify_builder_content-->\n<div id=\"themify_builder_content-9010\" data-postid=\"9010\" class=\"themify_builder_content themify_builder_content-9010 themify_builder tf_clear\">\n    <\/div>\n<!--\/themify_builder_content-->","protected":false},"excerpt":{"rendered":"LOUZANTRAIL LONGO Masculino Nuno Silva (Desn\u00edvel Positivo) 2:58:39 Carlos S\u00e1 (OZ Energia) 3:06:37 Nuno Carpinteiro (Kainagua) 3:14:49 Feminino Ana Gon\u00e7alves (ALIVE FITNESS CLUB) 04:10:45 Carmen Pires (Offtel Runners) 04:18:45 Vanda Fernandes (SCALABIS NIGHT RUNNERS) 04:48:44 LOUZANTRAIL CURTO Masculino Dinis Gon\u00e7alves (Multipower\/Gaia Trail) 01:25:02 Romeu Gouveia...","protected":false},"author":1,"featured_media":0,"parent":8965,"menu_order":6,"comment_status":"closed","ping_status":"closed","template":"full-width.php","meta":{"footnotes":""},"builder_content":"","_links":{"self":[{"href":"https:\/\/louzantrail.com\/en\/wp-json\/wp\/v2\/pages\/9010"}],"collection":[{"href":"https:\/\/louzantrail.com\/en\/wp-json\/wp\/v2\/pages"}],"about":[{"href":"https:\/\/louzantrail.com\/en\/wp-json\/wp\/v2\/types\/page"}],"author":[{"embeddable":true,"href":"https:\/\/louzantrail.com\/en\/wp-json\/wp\/v2\/users\/1"}],"replies":[{"embeddable":true,"href":"https:\/\/louzantrail.com\/en\/wp-json\/wp\/v2\/comments?post=9010"}],"version-history":[{"count":6,"href":"https:\/\/louzantrail.com\/en\/wp-json\/wp\/v2\/pages\/9010\/revisions"}],"predecessor-version":[{"id":10739,"href":"https:\/\/louzantrail.com\/en\/wp-json\/wp\/v2\/pages\/9010\/revisions\/10739"}],"up":[{"embeddable":true,"href":"https:\/\/louzantrail.com\/en\/wp-json\/wp\/v2\/pages\/8965"}],"wp:attachment":[{"href":"https:\/\/louzantrail.com\/en\/wp-json\/wp\/v2\/media?parent=9010"}],"curies":[{"name":"wp","href":"https:\/\/api.w.org\/{rel}","templated":true}]}}