{"id":9008,"date":"2019-09-03T16:12:40","date_gmt":"2019-09-03T16:12:40","guid":{"rendered":"https:\/\/louzantrail.com\/?page_id=9008"},"modified":"2022-10-06T13:05:57","modified_gmt":"2022-10-06T13:05:57","slug":"louzantrail-2015","status":"publish","type":"page","link":"https:\/\/louzantrail.com\/en\/historia\/louzantrail-2015\/","title":{"rendered":"Louzantrail 2015"},"content":{"rendered":"<div class=\"vc_row wpb_row vc_row-fluid edgtf-section edgtf-content-aligment-left edgtf-grid-section\" style=\"\"><div class=\"clearfix edgtf-section-inner\"><div class=\"edgtf-section-inner-margin clearfix\"><div class=\"wpb_column vc_column_container vc_col-sm-2\"><div class=\"vc_column-inner\"><div class=\"wpb_wrapper\"><\/div><\/div><\/div><div class=\"wpb_column vc_column_container vc_col-sm-4\"><div class=\"vc_column-inner\"><div class=\"wpb_wrapper\">\n\t<div  class=\"wpb_single_image wpb_content_element vc_align_center\">\n\t\t\n\t\t<figure class=\"wpb_wrapper vc_figure\">\n\t\t\t<div class=\"vc_single_image-wrapper   vc_box_border_grey\"><img width=\"300\" height=\"200\" src=\"https:\/\/louzantrail.com\/wp-content\/uploads\/sites\/8\/2019\/09\/louzantrail_6-1-300x200.jpg\" class=\"vc_single_image-img attachment-medium\" alt=\"Louzantrail\" decoding=\"async\" title=\"louzantrail_6\" loading=\"lazy\" srcset=\"https:\/\/louzantrail.com\/wp-content\/uploads\/sites\/8\/2019\/09\/louzantrail_6-1-300x200.jpg 300w, https:\/\/louzantrail.com\/wp-content\/uploads\/sites\/8\/2019\/09\/louzantrail_6-1-150x100.jpg 150w, https:\/\/louzantrail.com\/wp-content\/uploads\/sites\/8\/2019\/09\/louzantrail_6-1-768x512.jpg 768w, https:\/\/louzantrail.com\/wp-content\/uploads\/sites\/8\/2019\/09\/louzantrail_6-1.jpg 900w\" sizes=\"(max-width: 300px) 100vw, 300px\" \/><\/div>\n\t\t<\/figure>\n\t<\/div>\n<div class=\"vc_empty_space\"   style=\"height: 15px\"><span class=\"vc_empty_space_inner\"><\/span><\/div>\n<div class=\"edgtf-section-title edgtf-section-align-center\" style=\"font-size: 24px\">\n\tULTRA LOUZANTRAIL\t<\/div>\n\t<div class=\"wpb_text_column wpb_content_element  historic-class\" >\n\t\t<div class=\"wpb_wrapper\">\n\t\t\t<p><strong>Male<\/strong><br \/>\nNuno Silva (Berg Outdoor\/Desn\u00edvel Positivo)<br \/>\n06:30:56<br \/>\nPedro Rodrigues (Juventude Vidigalense)<br \/>\n06:47:01<br \/>\nTelmo Veloso (Desn\u00edvel Positivo)<br \/>\n06:48:11<br \/>\n<strong>Female<\/strong><br \/>\nSofia Roquete (OFFtel Runners)<br \/>\n07:40:30<br \/>\nSusana Sim\u00f5es (Desn\u00edvel Positivo)<br \/>\n08:01:18<br \/>\nAm\u00e9lia Costa (Proaventuras)<br \/>\n08:47:47<\/p>\n\n\t\t<\/div>\n\t<\/div>\n<\/div><\/div><\/div><div class=\"wpb_column vc_column_container vc_col-sm-4\"><div class=\"vc_column-inner\"><div class=\"wpb_wrapper\">\n\t<div  class=\"wpb_single_image wpb_content_element vc_align_center\">\n\t\t\n\t\t<figure class=\"wpb_wrapper vc_figure\">\n\t\t\t<div class=\"vc_single_image-wrapper   vc_box_border_grey\"><img width=\"300\" height=\"200\" src=\"https:\/\/louzantrail.com\/wp-content\/uploads\/sites\/8\/2019\/09\/louzantrail_2-1-300x200.jpg\" class=\"vc_single_image-img attachment-medium\" alt=\"Louzantrail\" decoding=\"async\" title=\"louzantrail_2\" loading=\"lazy\" srcset=\"https:\/\/louzantrail.com\/wp-content\/uploads\/sites\/8\/2019\/09\/louzantrail_2-1-300x200.jpg 300w, https:\/\/louzantrail.com\/wp-content\/uploads\/sites\/8\/2019\/09\/louzantrail_2-1-150x100.jpg 150w, https:\/\/louzantrail.com\/wp-content\/uploads\/sites\/8\/2019\/09\/louzantrail_2-1-768x512.jpg 768w, https:\/\/louzantrail.com\/wp-content\/uploads\/sites\/8\/2019\/09\/louzantrail_2-1.jpg 900w\" sizes=\"(max-width: 300px) 100vw, 300px\" \/><\/div>\n\t\t<\/figure>\n\t<\/div>\n<div class=\"vc_empty_space\"   style=\"height: 15px\"><span class=\"vc_empty_space_inner\"><\/span><\/div>\n<div class=\"edgtf-section-title edgtf-section-align-center\" style=\"font-size: 24px\">\n\tLOUZANTRAIL LONGO\t<\/div>\n\t<div class=\"wpb_text_column wpb_content_element  historic-class\" >\n\t\t<div class=\"wpb_wrapper\">\n\t\t\t<p><strong>Male<\/strong><br \/>\nCarlos S\u00e1 (Desnivel Positivo)<br \/>\n02:49:33<br \/>\nRomeu Gouveia<br \/>\n02:51:51<br \/>\nArmando Teixeira (Salomon-Suunto Portugal)<br \/>\n02:51:51<br \/>\n<strong>Female<\/strong><br \/>\nIn\u00eas Marques (De sedent\u00e1rio a maratonista)<br \/>\n03:29:00<br \/>\nCristina Couceiro (ARSM-Assoc. Recreativa de S. Miguel)<br \/>\n03:34:25<br \/>\nAna Gon\u00e7alves (EDV &#8211; Viana Trail )<br \/>\n03:40:35<\/p>\n\n\t\t<\/div>\n\t<\/div>\n<\/div><\/div><\/div><\/div><\/div><\/div>\n<!--themify_builder_content-->\n<div id=\"themify_builder_content-9008\" data-postid=\"9008\" class=\"themify_builder_content themify_builder_content-9008 themify_builder tf_clear\">\n    <\/div>\n<!--\/themify_builder_content-->","protected":false},"excerpt":{"rendered":"ULTRA LOUZANTRAIL Masculino Nuno Silva (Berg Outdoor\/Desn\u00edvel Positivo) 06:30:56 Pedro Rodrigues (Juventude Vidigalense) 06:47:01 Telmo Veloso (Desn\u00edvel Positivo) 06:48:11 Feminino Sofia Roquete (OFFtel Runners) 07:40:30 Susana Sim\u00f5es (Desn\u00edvel Positivo) 08:01:18 Am\u00e9lia Costa (Proaventuras) 08:47:47 LOUZANTRAIL LONGO Masculino Carlos S\u00e1 (Desnivel Positivo) 02:49:33 Romeu Gouveia 02:51:51...","protected":false},"author":1,"featured_media":0,"parent":8965,"menu_order":5,"comment_status":"closed","ping_status":"closed","template":"full-width.php","meta":{"footnotes":""},"builder_content":"","_links":{"self":[{"href":"https:\/\/louzantrail.com\/en\/wp-json\/wp\/v2\/pages\/9008"}],"collection":[{"href":"https:\/\/louzantrail.com\/en\/wp-json\/wp\/v2\/pages"}],"about":[{"href":"https:\/\/louzantrail.com\/en\/wp-json\/wp\/v2\/types\/page"}],"author":[{"embeddable":true,"href":"https:\/\/louzantrail.com\/en\/wp-json\/wp\/v2\/users\/1"}],"replies":[{"embeddable":true,"href":"https:\/\/louzantrail.com\/en\/wp-json\/wp\/v2\/comments?post=9008"}],"version-history":[{"count":6,"href":"https:\/\/louzantrail.com\/en\/wp-json\/wp\/v2\/pages\/9008\/revisions"}],"predecessor-version":[{"id":10738,"href":"https:\/\/louzantrail.com\/en\/wp-json\/wp\/v2\/pages\/9008\/revisions\/10738"}],"up":[{"embeddable":true,"href":"https:\/\/louzantrail.com\/en\/wp-json\/wp\/v2\/pages\/8965"}],"wp:attachment":[{"href":"https:\/\/louzantrail.com\/en\/wp-json\/wp\/v2\/media?parent=9008"}],"curies":[{"name":"wp","href":"https:\/\/api.w.org\/{rel}","templated":true}]}}