{"id":9004,"date":"2019-09-03T16:11:38","date_gmt":"2019-09-03T16:11:38","guid":{"rendered":"https:\/\/louzantrail.com\/?page_id=9004"},"modified":"2022-10-06T13:05:39","modified_gmt":"2022-10-06T13:05:39","slug":"louzantrail-2019","status":"publish","type":"page","link":"https:\/\/louzantrail.com\/en\/historia\/louzantrail-2019\/","title":{"rendered":"Louzantrail 2019"},"content":{"rendered":"<div class=\"vc_row wpb_row vc_row-fluid edgtf-section edgtf-content-aligment-left edgtf-grid-section\" style=\"\"><div class=\"clearfix edgtf-section-inner\"><div class=\"edgtf-section-inner-margin clearfix\"><div class=\"wpb_column vc_column_container vc_col-sm-4\"><div class=\"vc_column-inner\"><div class=\"wpb_wrapper\">\n\t<div  class=\"wpb_single_image wpb_content_element vc_align_center\">\n\t\t\n\t\t<figure class=\"wpb_wrapper vc_figure\">\n\t\t\t<div class=\"vc_single_image-wrapper   vc_box_border_grey\"><img width=\"300\" height=\"200\" src=\"https:\/\/louzantrail.com\/wp-content\/uploads\/sites\/8\/2019\/09\/louzantrail_9-1-300x200.jpg\" class=\"vc_single_image-img attachment-medium\" alt=\"Louzantrail\" decoding=\"async\" title=\"louzantrail_9\" loading=\"lazy\" srcset=\"https:\/\/louzantrail.com\/wp-content\/uploads\/sites\/8\/2019\/09\/louzantrail_9-1-300x200.jpg 300w, https:\/\/louzantrail.com\/wp-content\/uploads\/sites\/8\/2019\/09\/louzantrail_9-1-150x100.jpg 150w, https:\/\/louzantrail.com\/wp-content\/uploads\/sites\/8\/2019\/09\/louzantrail_9-1-768x512.jpg 768w, https:\/\/louzantrail.com\/wp-content\/uploads\/sites\/8\/2019\/09\/louzantrail_9-1.jpg 900w\" sizes=\"(max-width: 300px) 100vw, 300px\" \/><\/div>\n\t\t<\/figure>\n\t<\/div>\n<div class=\"vc_empty_space\"   style=\"height: 15px\"><span class=\"vc_empty_space_inner\"><\/span><\/div>\n<div class=\"edgtf-section-title edgtf-section-align-center\" style=\"font-size: 24px\">\n\tULTRA LOUZANTRAIL\t<\/div>\n\t<div class=\"wpb_text_column wpb_content_element  historic-class\" >\n\t\t<div class=\"wpb_wrapper\">\n\t\t\t<p><strong>Male<\/strong><br \/>\nRicardo Silva (Edv-Viana Trail)<br \/>\n04:30:12 &#8211; Record<br \/>\nNuno Silva (Team Trail Bifase)<br \/>\n04:47:38<br \/>\nHugo Gon\u00e7alves (Team Trail Bifase)<br \/>\n04:56:20<br \/>\n<strong>Female<\/strong><br \/>\nSofia Roquete (Amcf &#8211; Arr\u00e1bida Trail Team)<br \/>\n05:57:55<br \/>\nCristina Couceiro (Arsm &#8211; Associa\u00e7\u00e3o Recreativa De S. Miguel)<br \/>\n06:11:44<br \/>\nEster Alves (Salomon)<br \/>\n06:11:44<br \/>\n<strong>Male Teams<\/strong><br \/>\n1\u00ba &#8211; Edv &#8211; Viana Trail<br \/>\n2\u00ba &#8211; Team Trail Bifase<br \/>\n3\u00ba &#8211; Coimbra Trail Running<\/p>\n\n\t\t<\/div>\n\t<\/div>\n<\/div><\/div><\/div><div class=\"wpb_column vc_column_container vc_col-sm-4\"><div class=\"vc_column-inner\"><div class=\"wpb_wrapper\">\n\t<div  class=\"wpb_single_image wpb_content_element vc_align_center\">\n\t\t\n\t\t<figure class=\"wpb_wrapper vc_figure\">\n\t\t\t<div class=\"vc_single_image-wrapper   vc_box_border_grey\"><img width=\"300\" height=\"200\" src=\"https:\/\/louzantrail.com\/wp-content\/uploads\/sites\/8\/2019\/09\/louzantrail_6-1-300x200.jpg\" class=\"vc_single_image-img attachment-medium\" alt=\"Louzantrail\" decoding=\"async\" title=\"louzantrail_6\" loading=\"lazy\" srcset=\"https:\/\/louzantrail.com\/wp-content\/uploads\/sites\/8\/2019\/09\/louzantrail_6-1-300x200.jpg 300w, https:\/\/louzantrail.com\/wp-content\/uploads\/sites\/8\/2019\/09\/louzantrail_6-1-150x100.jpg 150w, https:\/\/louzantrail.com\/wp-content\/uploads\/sites\/8\/2019\/09\/louzantrail_6-1-768x512.jpg 768w, https:\/\/louzantrail.com\/wp-content\/uploads\/sites\/8\/2019\/09\/louzantrail_6-1.jpg 900w\" sizes=\"(max-width: 300px) 100vw, 300px\" \/><\/div>\n\t\t<\/figure>\n\t<\/div>\n<div class=\"vc_empty_space\"   style=\"height: 15px\"><span class=\"vc_empty_space_inner\"><\/span><\/div>\n<div class=\"edgtf-section-title edgtf-section-align-center\" style=\"font-size: 24px\">\n\tLOUZANTRAIL LONGO\t<\/div>\n\t<div class=\"wpb_text_column wpb_content_element  historic-class\" >\n\t\t<div class=\"wpb_wrapper\">\n\t\t\t<p><strong>Male<\/strong><br \/>\nEduard Teixidor (Salomon)<br \/>\n02:50:49<br \/>\nAndr\u00e9 Rodrigues (Prozis Athlet)<br \/>\n02:52:02<br \/>\nSantiago Mezquita (Solorunners)<br \/>\n02:53:53<br \/>\n<strong>Female<\/strong><br \/>\nPaula Cabrerizo (Ekuon-El Conchel Sport Team)<br \/>\n03:20:32 &#8211; Record<br \/>\nCharlotte Morgan (Carnethy Hill Racing Club)<br \/>\n03:24:00<br \/>\nMarta Molist (Inverse Team)<br \/>\n03:31:03<br \/>\n<strong>Male Teams<\/strong><br \/>\n1\u00ba &#8211; Salomon<br \/>\n2\u00ba &#8211; Edv &#8211; Viana Trail<br \/>\n3\u00ba &#8211; Amcf &#8211; Arr\u00e1bida Trail Team<\/p>\n\n\t\t<\/div>\n\t<\/div>\n<\/div><\/div><\/div><div class=\"wpb_column vc_column_container vc_col-sm-4\"><div class=\"vc_column-inner\"><div class=\"wpb_wrapper\">\n\t<div  class=\"wpb_single_image wpb_content_element vc_align_center\">\n\t\t\n\t\t<figure class=\"wpb_wrapper vc_figure\">\n\t\t\t<div class=\"vc_single_image-wrapper   vc_box_border_grey\"><img width=\"300\" height=\"200\" src=\"https:\/\/louzantrail.com\/wp-content\/uploads\/sites\/8\/2019\/09\/louzantrail_2-1-300x200.jpg\" class=\"vc_single_image-img attachment-medium\" alt=\"Louzantrail\" decoding=\"async\" title=\"louzantrail_2\" loading=\"lazy\" srcset=\"https:\/\/louzantrail.com\/wp-content\/uploads\/sites\/8\/2019\/09\/louzantrail_2-1-300x200.jpg 300w, https:\/\/louzantrail.com\/wp-content\/uploads\/sites\/8\/2019\/09\/louzantrail_2-1-150x100.jpg 150w, https:\/\/louzantrail.com\/wp-content\/uploads\/sites\/8\/2019\/09\/louzantrail_2-1-768x512.jpg 768w, https:\/\/louzantrail.com\/wp-content\/uploads\/sites\/8\/2019\/09\/louzantrail_2-1.jpg 900w\" sizes=\"(max-width: 300px) 100vw, 300px\" \/><\/div>\n\t\t<\/figure>\n\t<\/div>\n<div class=\"vc_empty_space\"   style=\"height: 15px\"><span class=\"vc_empty_space_inner\"><\/span><\/div>\n<div class=\"edgtf-section-title edgtf-section-align-center\" style=\"font-size: 24px\">\n\tLOUZANTRAIL CURTO\t<\/div>\n\t<div class=\"wpb_text_column wpb_content_element  historic-class\" >\n\t\t<div class=\"wpb_wrapper\">\n\t\t\t<p><strong>Male<\/strong><br \/>\nNelson Costa (Associa\u00e7\u00e3o Recreativa Casaense)<br \/>\n01:40:49<br \/>\nPaulo Serra (Montanha Clube Trail Running\/Efapel)<br \/>\n01:41:21<br \/>\nTom\u00e1s Estev\u00e3es (Run.Pt)<br \/>\n01:44:13<br \/>\n<strong>Female<\/strong><br \/>\nBr\u00edgida Jo\u00e3o (Saca Trilhos Anadia)<br \/>\n02:05:01 &#8211; Record<br \/>\nClarice Daibert (Mlmixrun)<br \/>\n02:23:17<br \/>\nSilvia Dias (D\u00e1-Lhe G\u00e1s Team)<br \/>\n02:26:10<br \/>\n<strong>Male Teams<\/strong><br \/>\n1\u00ba &#8211; Escaravelhos-Cmmouronho Trail Running<br \/>\n2\u00ba &#8211; Associa\u00e7\u00e3o Recreativa Casaense<br \/>\n3\u00ba &#8211; Coimbra Trail Running<\/p>\n\n\t\t<\/div>\n\t<\/div>\n<\/div><\/div><\/div><\/div><\/div><\/div>\n<!--themify_builder_content-->\n<div id=\"themify_builder_content-9004\" data-postid=\"9004\" class=\"themify_builder_content themify_builder_content-9004 themify_builder tf_clear\">\n    <\/div>\n<!--\/themify_builder_content-->","protected":false},"excerpt":{"rendered":"ULTRA LOUZANTRAIL Masculino Ricardo Silva (Edv-Viana Trail) 04:30:12 - Record Nuno Silva (Team Trail Bifase) 04:47:38 Hugo Gon\u00e7alves (Team Trail Bifase) 04:56:20 Feminino Sofia Roquete (Amcf - Arr\u00e1bida Trail Team) 05:57:55 Cristina Couceiro (Arsm - Associa\u00e7\u00e3o Recreativa De S. Miguel) 06:11:44 Ester Alves (Salomon) 06:11:44...","protected":false},"author":1,"featured_media":0,"parent":8965,"menu_order":1,"comment_status":"closed","ping_status":"closed","template":"full-width.php","meta":{"footnotes":""},"builder_content":"","_links":{"self":[{"href":"https:\/\/louzantrail.com\/en\/wp-json\/wp\/v2\/pages\/9004"}],"collection":[{"href":"https:\/\/louzantrail.com\/en\/wp-json\/wp\/v2\/pages"}],"about":[{"href":"https:\/\/louzantrail.com\/en\/wp-json\/wp\/v2\/types\/page"}],"author":[{"embeddable":true,"href":"https:\/\/louzantrail.com\/en\/wp-json\/wp\/v2\/users\/1"}],"replies":[{"embeddable":true,"href":"https:\/\/louzantrail.com\/en\/wp-json\/wp\/v2\/comments?post=9004"}],"version-history":[{"count":7,"href":"https:\/\/louzantrail.com\/en\/wp-json\/wp\/v2\/pages\/9004\/revisions"}],"predecessor-version":[{"id":10734,"href":"https:\/\/louzantrail.com\/en\/wp-json\/wp\/v2\/pages\/9004\/revisions\/10734"}],"up":[{"embeddable":true,"href":"https:\/\/louzantrail.com\/en\/wp-json\/wp\/v2\/pages\/8965"}],"wp:attachment":[{"href":"https:\/\/louzantrail.com\/en\/wp-json\/wp\/v2\/media?parent=9004"}],"curies":[{"name":"wp","href":"https:\/\/api.w.org\/{rel}","templated":true}]}}