{"id":8965,"date":"2019-09-03T15:41:14","date_gmt":"2019-09-03T15:41:14","guid":{"rendered":"https:\/\/louzantrail.com\/?page_id=8965"},"modified":"2022-10-06T12:59:38","modified_gmt":"2022-10-06T12:59:38","slug":"historia","status":"publish","type":"page","link":"https:\/\/louzantrail.com\/en\/historia\/","title":{"rendered":"History"},"content":{"rendered":"<div class=\"vc_row wpb_row vc_row-fluid edgtf-section edgtf-content-aligment-left edgtf-grid-section\" style=\"\"><div class=\"clearfix edgtf-section-inner\"><div class=\"edgtf-section-inner-margin clearfix\"><div class=\"wpb_column vc_column_container vc_col-sm-12\"><div class=\"vc_column-inner vc_custom_1567525675806\"><div class=\"wpb_wrapper\">\n\t<div class=\"wpb_text_column wpb_content_element\" >\n\t\t<div class=\"wpb_wrapper\">\n\t\t\t<p>Following the success of previous editions of the Louzan1000 race (part of the Skyrunning National Championship - Km Vertical), Montanha Clube organized the first edition of Louzantrail on 23 September 2000, at the time under the name \u201cEnduro Serra da Lous\u00e3 \u201d. The race was designated as Mountain Athletics in the ADAC Championships.<br \/>\nThe club with its long and proven experience in organizing Enduro events has brought this timing system to the early days of trail running events in Portugal, using a 4-legged system with interconnecting routes where participants had windows of time to fulfill.<br \/>\nAs early as 2000, it was attended by athletes from teams that still compete in national trail circuits, such as Montanha Clube itself, CRP Ribafria, CA Barreira and Confraria Trotamonte.<\/p>\n\n\t\t<\/div>\n\t<\/div>\n<\/div><\/div><\/div><\/div><\/div><\/div><div class=\"vc_row wpb_row vc_row-fluid edgtf-section vc_custom_1568231219113 edgtf-content-aligment-center edgtf-grid-section\" style=\"\"><div class=\"clearfix edgtf-section-inner\"><div class=\"edgtf-section-inner-margin clearfix\"><div class=\"wpb_column vc_column_container vc_col-sm-3\"><div class=\"vc_column-inner\"><div class=\"wpb_wrapper\">\n\t<div  class=\"wpb_single_image wpb_content_element vc_align_center\">\n\t\t\n\t\t<figure class=\"wpb_wrapper vc_figure\">\n\t\t\t<div class=\"vc_single_image-wrapper   vc_box_border_grey\"><img width=\"251\" height=\"356\" src=\"https:\/\/louzantrail.com\/wp-content\/uploads\/sites\/8\/2019\/09\/louzantrail2000.jpg\" class=\"vc_single_image-img attachment-large\" alt=\"Louzantrail\" decoding=\"async\" title=\"louzantrail2000\" loading=\"lazy\" srcset=\"https:\/\/louzantrail.com\/wp-content\/uploads\/sites\/8\/2019\/09\/louzantrail2000.jpg 251w, https:\/\/louzantrail.com\/wp-content\/uploads\/sites\/8\/2019\/09\/louzantrail2000-106x150.jpg 106w, https:\/\/louzantrail.com\/wp-content\/uploads\/sites\/8\/2019\/09\/louzantrail2000-212x300.jpg 212w\" sizes=\"(max-width: 251px) 100vw, 251px\" \/><\/div>\n\t\t<\/figure>\n\t<\/div>\n<div class=\"vc_empty_space\"   style=\"height: 10px\"><span class=\"vc_empty_space_inner\"><\/span><\/div>\n\t<div class=\"wpb_text_column wpb_content_element\" >\n\t\t<div class=\"wpb_wrapper\">\n\t\t\t<p class=\"Louzantrail\" style=\"text-align: center;\"><a href=\"https:\/\/louzantrail.com\/en\/historia\/louzantrail-2000\/\"><strong>Louzantrail 2000<\/strong><\/a><\/p>\n\n\t\t<\/div>\n\t<\/div>\n<div class=\"vc_empty_space\"   style=\"height: 32px\"><span class=\"vc_empty_space_inner\"><\/span><\/div><\/div><\/div><\/div><div class=\"wpb_column vc_column_container vc_col-sm-3\"><div class=\"vc_column-inner\"><div class=\"wpb_wrapper\">\n\t<div  class=\"wpb_single_image wpb_content_element vc_align_center\">\n\t\t\n\t\t<figure class=\"wpb_wrapper vc_figure\">\n\t\t\t<div class=\"vc_single_image-wrapper   vc_box_border_grey\"><img width=\"234\" height=\"356\" src=\"https:\/\/louzantrail.com\/wp-content\/uploads\/sites\/8\/2019\/09\/louzantrail2001.jpg\" class=\"vc_single_image-img attachment-large\" alt=\"Louzantrail\" decoding=\"async\" title=\"louzantrail2001\" loading=\"lazy\" srcset=\"https:\/\/louzantrail.com\/wp-content\/uploads\/sites\/8\/2019\/09\/louzantrail2001.jpg 234w, https:\/\/louzantrail.com\/wp-content\/uploads\/sites\/8\/2019\/09\/louzantrail2001-99x150.jpg 99w, https:\/\/louzantrail.com\/wp-content\/uploads\/sites\/8\/2019\/09\/louzantrail2001-197x300.jpg 197w\" sizes=\"(max-width: 234px) 100vw, 234px\" \/><\/div>\n\t\t<\/figure>\n\t<\/div>\n<div class=\"vc_empty_space\"   style=\"height: 10px\"><span class=\"vc_empty_space_inner\"><\/span><\/div>\n\t<div class=\"wpb_text_column wpb_content_element\" >\n\t\t<div class=\"wpb_wrapper\">\n\t\t\t<p class=\"Louzantrail\" style=\"text-align: center;\"><a href=\"https:\/\/louzantrail.com\/en\/historia\/louzantrail-2001\/\"><strong>Louzantrail 2001<\/strong><\/a><\/p>\n\n\t\t<\/div>\n\t<\/div>\n<div class=\"vc_empty_space\"   style=\"height: 32px\"><span class=\"vc_empty_space_inner\"><\/span><\/div><\/div><\/div><\/div><div class=\"wpb_column vc_column_container vc_col-sm-3\"><div class=\"vc_column-inner\"><div class=\"wpb_wrapper\">\n\t<div  class=\"wpb_single_image wpb_content_element vc_align_center\">\n\t\t\n\t\t<figure class=\"wpb_wrapper vc_figure\">\n\t\t\t<div class=\"vc_single_image-wrapper   vc_box_border_grey\"><img width=\"231\" height=\"345\" src=\"https:\/\/louzantrail.com\/wp-content\/uploads\/sites\/8\/2019\/09\/louzantrail2013.jpg\" class=\"vc_single_image-img attachment-large\" alt=\"Louzantrail\" decoding=\"async\" title=\"louzantrail2013\" loading=\"lazy\" srcset=\"https:\/\/louzantrail.com\/wp-content\/uploads\/sites\/8\/2019\/09\/louzantrail2013.jpg 231w, https:\/\/louzantrail.com\/wp-content\/uploads\/sites\/8\/2019\/09\/louzantrail2013-100x150.jpg 100w, https:\/\/louzantrail.com\/wp-content\/uploads\/sites\/8\/2019\/09\/louzantrail2013-201x300.jpg 201w\" sizes=\"(max-width: 231px) 100vw, 231px\" \/><\/div>\n\t\t<\/figure>\n\t<\/div>\n<div class=\"vc_empty_space\"   style=\"height: 10px\"><span class=\"vc_empty_space_inner\"><\/span><\/div>\n\t<div class=\"wpb_text_column wpb_content_element\" >\n\t\t<div class=\"wpb_wrapper\">\n\t\t\t<p class=\"Louzantrail\" style=\"text-align: center;\"><a href=\"http:\/\/wp.hugorodrigues.eu\/louzantrail\/historia\/louzantrail-2013\/\"><strong>Louzantrail 2013<\/strong><\/a><\/p>\n\n\t\t<\/div>\n\t<\/div>\n<div class=\"vc_empty_space\"   style=\"height: 32px\"><span class=\"vc_empty_space_inner\"><\/span><\/div><\/div><\/div><\/div><div class=\"wpb_column vc_column_container vc_col-sm-3\"><div class=\"vc_column-inner\"><div class=\"wpb_wrapper\">\n\t<div  class=\"wpb_single_image wpb_content_element vc_align_center\">\n\t\t\n\t\t<figure class=\"wpb_wrapper vc_figure\">\n\t\t\t<div class=\"vc_single_image-wrapper   vc_box_border_grey\"><img width=\"231\" height=\"356\" src=\"https:\/\/louzantrail.com\/wp-content\/uploads\/sites\/8\/2019\/09\/louzantrail2014.jpg\" class=\"vc_single_image-img attachment-large\" alt=\"Louzantrail\" decoding=\"async\" title=\"louzantrail2014\" loading=\"lazy\" srcset=\"https:\/\/louzantrail.com\/wp-content\/uploads\/sites\/8\/2019\/09\/louzantrail2014.jpg 231w, https:\/\/louzantrail.com\/wp-content\/uploads\/sites\/8\/2019\/09\/louzantrail2014-97x150.jpg 97w, https:\/\/louzantrail.com\/wp-content\/uploads\/sites\/8\/2019\/09\/louzantrail2014-195x300.jpg 195w\" sizes=\"(max-width: 231px) 100vw, 231px\" \/><\/div>\n\t\t<\/figure>\n\t<\/div>\n<div class=\"vc_empty_space\"   style=\"height: 10px\"><span class=\"vc_empty_space_inner\"><\/span><\/div>\n\t<div class=\"wpb_text_column wpb_content_element\" >\n\t\t<div class=\"wpb_wrapper\">\n\t\t\t<p class=\"Louzantrail\" style=\"text-align: center;\"><a href=\"https:\/\/louzantrail.com\/en\/historia\/louzantrail-2014\/\"><strong>Louzantrail 2014<\/strong><\/a><\/p>\n\n\t\t<\/div>\n\t<\/div>\n<div class=\"vc_empty_space\"   style=\"height: 32px\"><span class=\"vc_empty_space_inner\"><\/span><\/div><\/div><\/div><\/div><\/div><\/div><\/div><div class=\"vc_row wpb_row vc_row-fluid edgtf-section vc_custom_1568231219113 edgtf-content-aligment-center edgtf-grid-section\" style=\"\"><div class=\"clearfix edgtf-section-inner\"><div class=\"edgtf-section-inner-margin clearfix\"><div class=\"wpb_column vc_column_container vc_col-sm-3\"><div class=\"vc_column-inner\"><div class=\"wpb_wrapper\">\n\t<div  class=\"wpb_single_image wpb_content_element vc_align_center\">\n\t\t\n\t\t<figure class=\"wpb_wrapper vc_figure\">\n\t\t\t<div class=\"vc_single_image-wrapper   vc_box_border_grey\"><img width=\"231\" height=\"356\" src=\"https:\/\/louzantrail.com\/wp-content\/uploads\/sites\/8\/2019\/09\/louzantrail2015.jpg\" class=\"vc_single_image-img attachment-large\" alt=\"Louzantrail\" decoding=\"async\" title=\"louzantrail2015\" loading=\"lazy\" srcset=\"https:\/\/louzantrail.com\/wp-content\/uploads\/sites\/8\/2019\/09\/louzantrail2015.jpg 231w, https:\/\/louzantrail.com\/wp-content\/uploads\/sites\/8\/2019\/09\/louzantrail2015-97x150.jpg 97w, https:\/\/louzantrail.com\/wp-content\/uploads\/sites\/8\/2019\/09\/louzantrail2015-195x300.jpg 195w\" sizes=\"(max-width: 231px) 100vw, 231px\" \/><\/div>\n\t\t<\/figure>\n\t<\/div>\n<div class=\"vc_empty_space\"   style=\"height: 10px\"><span class=\"vc_empty_space_inner\"><\/span><\/div>\n\t<div class=\"wpb_text_column wpb_content_element\" >\n\t\t<div class=\"wpb_wrapper\">\n\t\t\t<p class=\"Louzantrail\" style=\"text-align: center;\"><a href=\"https:\/\/louzantrail.com\/en\/historia\/louzantrail-2015\/\"><strong>Louzantrail 2015<\/strong><\/a><\/p>\n\n\t\t<\/div>\n\t<\/div>\n<div class=\"vc_empty_space\"   style=\"height: 32px\"><span class=\"vc_empty_space_inner\"><\/span><\/div><\/div><\/div><\/div><div class=\"wpb_column vc_column_container vc_col-sm-3\"><div class=\"vc_column-inner\"><div class=\"wpb_wrapper\">\n\t<div  class=\"wpb_single_image wpb_content_element vc_align_center\">\n\t\t\n\t\t<figure class=\"wpb_wrapper vc_figure\">\n\t\t\t<div class=\"vc_single_image-wrapper   vc_box_border_grey\"><img width=\"252\" height=\"356\" src=\"https:\/\/louzantrail.com\/wp-content\/uploads\/sites\/8\/2019\/09\/louzantrail2016.jpg\" class=\"vc_single_image-img attachment-large\" alt=\"Louzantrail\" decoding=\"async\" title=\"louzantrail2016\" loading=\"lazy\" srcset=\"https:\/\/louzantrail.com\/wp-content\/uploads\/sites\/8\/2019\/09\/louzantrail2016.jpg 252w, https:\/\/louzantrail.com\/wp-content\/uploads\/sites\/8\/2019\/09\/louzantrail2016-106x150.jpg 106w, https:\/\/louzantrail.com\/wp-content\/uploads\/sites\/8\/2019\/09\/louzantrail2016-212x300.jpg 212w\" sizes=\"(max-width: 252px) 100vw, 252px\" \/><\/div>\n\t\t<\/figure>\n\t<\/div>\n<div class=\"vc_empty_space\"   style=\"height: 10px\"><span class=\"vc_empty_space_inner\"><\/span><\/div>\n\t<div class=\"wpb_text_column wpb_content_element\" >\n\t\t<div class=\"wpb_wrapper\">\n\t\t\t<p class=\"Louzantrail\" style=\"text-align: center;\"><a href=\"https:\/\/louzantrail.com\/en\/historia\/louzantrail-2016\/\"><strong>Louzantrail 2016<\/strong><\/a><\/p>\n\n\t\t<\/div>\n\t<\/div>\n<div class=\"vc_empty_space\"   style=\"height: 32px\"><span class=\"vc_empty_space_inner\"><\/span><\/div><\/div><\/div><\/div><div class=\"wpb_column vc_column_container vc_col-sm-3\"><div class=\"vc_column-inner\"><div class=\"wpb_wrapper\">\n\t<div  class=\"wpb_single_image wpb_content_element vc_align_center\">\n\t\t\n\t\t<figure class=\"wpb_wrapper vc_figure\">\n\t\t\t<div class=\"vc_single_image-wrapper   vc_box_border_grey\"><img width=\"252\" height=\"354\" src=\"https:\/\/louzantrail.com\/wp-content\/uploads\/sites\/8\/2019\/09\/louzantrail2018.jpg\" class=\"vc_single_image-img attachment-large\" alt=\"Louzantrail\" decoding=\"async\" title=\"louzantrail2018\" loading=\"lazy\" srcset=\"https:\/\/louzantrail.com\/wp-content\/uploads\/sites\/8\/2019\/09\/louzantrail2018.jpg 252w, https:\/\/louzantrail.com\/wp-content\/uploads\/sites\/8\/2019\/09\/louzantrail2018-107x150.jpg 107w, https:\/\/louzantrail.com\/wp-content\/uploads\/sites\/8\/2019\/09\/louzantrail2018-214x300.jpg 214w\" sizes=\"(max-width: 252px) 100vw, 252px\" \/><\/div>\n\t\t<\/figure>\n\t<\/div>\n<div class=\"vc_empty_space\"   style=\"height: 10px\"><span class=\"vc_empty_space_inner\"><\/span><\/div>\n\t<div class=\"wpb_text_column wpb_content_element\" >\n\t\t<div class=\"wpb_wrapper\">\n\t\t\t<p class=\"Louzantrail\" style=\"text-align: center;\"><a href=\"https:\/\/louzantrail.com\/en\/historia\/louzantrail-2018\/\"><strong>Louzantrail 2018<\/strong><\/a><\/p>\n\n\t\t<\/div>\n\t<\/div>\n<div class=\"vc_empty_space\"   style=\"height: 32px\"><span class=\"vc_empty_space_inner\"><\/span><\/div><\/div><\/div><\/div><div class=\"wpb_column vc_column_container vc_col-sm-3\"><div class=\"vc_column-inner\"><div class=\"wpb_wrapper\">\n\t<div  class=\"wpb_single_image wpb_content_element vc_align_center\">\n\t\t\n\t\t<figure class=\"wpb_wrapper vc_figure\">\n\t\t\t<div class=\"vc_single_image-wrapper   vc_box_border_grey\"><img width=\"252\" height=\"354\" src=\"https:\/\/louzantrail.com\/wp-content\/uploads\/sites\/8\/2019\/09\/louzantrail2018.jpg\" class=\"vc_single_image-img attachment-large\" alt=\"Louzantrail\" decoding=\"async\" title=\"louzantrail2018\" loading=\"lazy\" srcset=\"https:\/\/louzantrail.com\/wp-content\/uploads\/sites\/8\/2019\/09\/louzantrail2018.jpg 252w, https:\/\/louzantrail.com\/wp-content\/uploads\/sites\/8\/2019\/09\/louzantrail2018-107x150.jpg 107w, https:\/\/louzantrail.com\/wp-content\/uploads\/sites\/8\/2019\/09\/louzantrail2018-214x300.jpg 214w\" sizes=\"(max-width: 252px) 100vw, 252px\" \/><\/div>\n\t\t<\/figure>\n\t<\/div>\n<div class=\"vc_empty_space\"   style=\"height: 10px\"><span class=\"vc_empty_space_inner\"><\/span><\/div>\n\t<div class=\"wpb_text_column wpb_content_element\" >\n\t\t<div class=\"wpb_wrapper\">\n\t\t\t<p class=\"Louzantrail\" style=\"text-align: center;\"><a href=\"https:\/\/louzantrail.com\/en\/historia\/louzantrail-2019\/\"><strong>Louzantrail 2019<\/strong><\/a><\/p>\n\n\t\t<\/div>\n\t<\/div>\n<div class=\"vc_empty_space\"   style=\"height: 32px\"><span class=\"vc_empty_space_inner\"><\/span><\/div><\/div><\/div><\/div><\/div><\/div><\/div><div class=\"vc_row wpb_row vc_row-fluid edgtf-section vc_custom_1568231219113 edgtf-content-aligment-center edgtf-grid-section\" style=\"\"><div class=\"clearfix edgtf-section-inner\"><div class=\"edgtf-section-inner-margin clearfix\"><div class=\"wpb_column vc_column_container vc_col-sm-3\"><div class=\"vc_column-inner\"><div class=\"wpb_wrapper\">\n\t<div  class=\"wpb_single_image wpb_content_element vc_align_center\">\n\t\t\n\t\t<figure class=\"wpb_wrapper vc_figure\">\n\t\t\t<div class=\"vc_single_image-wrapper   vc_box_border_grey\"><img width=\"726\" height=\"1024\" src=\"https:\/\/louzantrail.com\/wp-content\/uploads\/sites\/8\/2022\/03\/2020_LOUZANTRAIL_CARTAZ-NEW-726x1024.jpg\" class=\"vc_single_image-img attachment-large\" alt=\"\" decoding=\"async\" title=\"Untitled-1\" loading=\"lazy\" srcset=\"https:\/\/louzantrail.com\/wp-content\/uploads\/sites\/8\/2022\/03\/2020_LOUZANTRAIL_CARTAZ-NEW-726x1024.jpg 726w, https:\/\/louzantrail.com\/wp-content\/uploads\/sites\/8\/2022\/03\/2020_LOUZANTRAIL_CARTAZ-NEW-213x300.jpg 213w, https:\/\/louzantrail.com\/wp-content\/uploads\/sites\/8\/2022\/03\/2020_LOUZANTRAIL_CARTAZ-NEW-106x150.jpg 106w, https:\/\/louzantrail.com\/wp-content\/uploads\/sites\/8\/2022\/03\/2020_LOUZANTRAIL_CARTAZ-NEW-768x1084.jpg 768w, https:\/\/louzantrail.com\/wp-content\/uploads\/sites\/8\/2022\/03\/2020_LOUZANTRAIL_CARTAZ-NEW-1088x1536.jpg 1088w, https:\/\/louzantrail.com\/wp-content\/uploads\/sites\/8\/2022\/03\/2020_LOUZANTRAIL_CARTAZ-NEW-1451x2048.jpg 1451w, https:\/\/louzantrail.com\/wp-content\/uploads\/sites\/8\/2022\/03\/2020_LOUZANTRAIL_CARTAZ-NEW-9x12.jpg 9w, https:\/\/louzantrail.com\/wp-content\/uploads\/sites\/8\/2022\/03\/2020_LOUZANTRAIL_CARTAZ-NEW-scaled.jpg 1814w\" sizes=\"(max-width: 726px) 100vw, 726px\" \/><\/div>\n\t\t<\/figure>\n\t<\/div>\n<div class=\"vc_empty_space\"   style=\"height: 10px\"><span class=\"vc_empty_space_inner\"><\/span><\/div>\n\t<div class=\"wpb_text_column wpb_content_element\" >\n\t\t<div class=\"wpb_wrapper\">\n\t\t\t<p class=\"Louzantrail\" style=\"text-align: center;\"><a href=\"https:\/\/louzantrail.com\/en\/historia\/louzantrail-2020\/\"><strong>Louzantrail 2020<\/strong><\/a><\/p>\n\n\t\t<\/div>\n\t<\/div>\n<div class=\"vc_empty_space\"   style=\"height: 32px\"><span class=\"vc_empty_space_inner\"><\/span><\/div><\/div><\/div><\/div><div class=\"wpb_column vc_column_container vc_col-sm-3\"><div class=\"vc_column-inner\"><div class=\"wpb_wrapper\">\n\t<div  class=\"wpb_single_image wpb_content_element vc_align_center\">\n\t\t\n\t\t<figure class=\"wpb_wrapper vc_figure\">\n\t\t\t<div class=\"vc_single_image-wrapper   vc_box_border_grey\"><img width=\"707\" height=\"1000\" src=\"https:\/\/louzantrail.com\/wp-content\/uploads\/sites\/8\/2022\/03\/AF_CARTAZ_2021-2.jpg\" class=\"vc_single_image-img attachment-large\" alt=\"\" decoding=\"async\" title=\"AF_CARTAZ_2021 (2)\" loading=\"lazy\" srcset=\"https:\/\/louzantrail.com\/wp-content\/uploads\/sites\/8\/2022\/03\/AF_CARTAZ_2021-2.jpg 707w, https:\/\/louzantrail.com\/wp-content\/uploads\/sites\/8\/2022\/03\/AF_CARTAZ_2021-2-212x300.jpg 212w, https:\/\/louzantrail.com\/wp-content\/uploads\/sites\/8\/2022\/03\/AF_CARTAZ_2021-2-106x150.jpg 106w, https:\/\/louzantrail.com\/wp-content\/uploads\/sites\/8\/2022\/03\/AF_CARTAZ_2021-2-8x12.jpg 8w\" sizes=\"(max-width: 707px) 100vw, 707px\" \/><\/div>\n\t\t<\/figure>\n\t<\/div>\n<div class=\"vc_empty_space\"   style=\"height: 10px\"><span class=\"vc_empty_space_inner\"><\/span><\/div>\n\t<div class=\"wpb_text_column wpb_content_element\" >\n\t\t<div class=\"wpb_wrapper\">\n\t\t\t<p class=\"Louzantrail\" style=\"text-align: center;\"><a href=\"https:\/\/louzantrail.com\/en\/historia\/louzantrail-2022\/\"><strong>Louzantrail 2022<\/strong><\/a><\/p>\n\n\t\t<\/div>\n\t<\/div>\n<div class=\"vc_empty_space\"   style=\"height: 32px\"><span class=\"vc_empty_space_inner\"><\/span><\/div><\/div><\/div><\/div><div class=\"wpb_column vc_column_container vc_col-sm-3\"><div class=\"vc_column-inner\"><div class=\"wpb_wrapper\"><\/div><\/div><\/div><div class=\"wpb_column vc_column_container vc_col-sm-3\"><div class=\"vc_column-inner\"><div class=\"wpb_wrapper\"><\/div><\/div><\/div><\/div><\/div><\/div>\n<!--themify_builder_content-->\n<div id=\"themify_builder_content-8965\" data-postid=\"8965\" class=\"themify_builder_content themify_builder_content-8965 themify_builder tf_clear\">\n    <\/div>\n<!--\/themify_builder_content-->","protected":false},"excerpt":{"rendered":"O Montanha Clube na sequ\u00eancia do sucesso das edi\u00e7\u00f5es anteriores da prova que \u00e9 hoje o Louzan1000 (integrado no Campeonato Nacional de Skyrunning \u2013 Km Vertical), organizou a primeira edi\u00e7\u00e3o do Louzantrail a 23 de Setembro de 2000, na altura com o nome de \"Enduro...","protected":false},"author":1,"featured_media":0,"parent":0,"menu_order":0,"comment_status":"closed","ping_status":"closed","template":"full-width.php","meta":{"footnotes":""},"builder_content":"","_links":{"self":[{"href":"https:\/\/louzantrail.com\/en\/wp-json\/wp\/v2\/pages\/8965"}],"collection":[{"href":"https:\/\/louzantrail.com\/en\/wp-json\/wp\/v2\/pages"}],"about":[{"href":"https:\/\/louzantrail.com\/en\/wp-json\/wp\/v2\/types\/page"}],"author":[{"embeddable":true,"href":"https:\/\/louzantrail.com\/en\/wp-json\/wp\/v2\/users\/1"}],"replies":[{"embeddable":true,"href":"https:\/\/louzantrail.com\/en\/wp-json\/wp\/v2\/comments?post=8965"}],"version-history":[{"count":21,"href":"https:\/\/louzantrail.com\/en\/wp-json\/wp\/v2\/pages\/8965\/revisions"}],"predecessor-version":[{"id":10731,"href":"https:\/\/louzantrail.com\/en\/wp-json\/wp\/v2\/pages\/8965\/revisions\/10731"}],"wp:attachment":[{"href":"https:\/\/louzantrail.com\/en\/wp-json\/wp\/v2\/media?parent=8965"}],"curies":[{"name":"wp","href":"https:\/\/api.w.org\/{rel}","templated":true}]}}