{"id":8817,"date":"2019-09-02T21:10:51","date_gmt":"2019-09-02T21:10:51","guid":{"rendered":"https:\/\/louzantrail.com\/?page_id=8817"},"modified":"2022-10-06T15:03:58","modified_gmt":"2022-10-06T15:03:58","slug":"rapozinhos","status":"publish","type":"page","link":"https:\/\/louzantrail.com\/en\/provas\/rapozinhos\/","title":{"rendered":"Rapozinhos"},"content":{"rendered":"<div class=\"vc_row wpb_row vc_row-fluid edgtf-section edgtf-content-aligment-left\" style=\"\"><div class=\"clearfix edgtf-full-section-inner\"><div class=\"wpb_column vc_column_container vc_col-sm-12\"><div class=\"vc_column-inner\"><div class=\"wpb_wrapper\"><div class=\"edgtf-section-holder edgtf-sh-col-two\">\n\t<div class=\"edgtf-sh-title-area\" >\n\t\t<div class=\"edgtf-sh-title-area-inner\" >\n\t\t\t\n<span class=\"edgtf-section-subtitle\" style=\"text-align:left\">\n\t\tA race of emotions!!\t<\/span>\n<div class=\"edgtf-section-title edgtf-section-align-left\" >\n\tRapozinhos\t<\/div>\t\t<\/div>\n\t<\/div>\n\t<div class=\"edgtf-sh-content-area\">\n\t\t<div class=\"edgtf-section-item edgtf-vertical-alignment-middle edgtf-horizontal-alignment-left\" >\n\t<div class=\"edgtf-section-item-inner\">\n\t\t<div class=\"edgtf-section-item-content\">\n\t\t\t\n<div class=\"edgtf-team main-info-below-image\">\n\t<div class=\"edgtf-team-inner\">\n\t\t\t\t\t<div class=\"edgtf-team-image\">\n                <img width=\"768\" height=\"450\" src=\"https:\/\/louzantrail.com\/wp-content\/uploads\/sites\/8\/2019\/09\/louzantrail-fox-1.jpg\" class=\"attachment-full size-full\" alt=\"Louzantrail\" decoding=\"async\" loading=\"lazy\" srcset=\"https:\/\/louzantrail.com\/wp-content\/uploads\/sites\/8\/2019\/09\/louzantrail-fox-1.jpg 768w, https:\/\/louzantrail.com\/wp-content\/uploads\/sites\/8\/2019\/09\/louzantrail-fox-1-150x88.jpg 150w, https:\/\/louzantrail.com\/wp-content\/uploads\/sites\/8\/2019\/09\/louzantrail-fox-1-300x176.jpg 300w\" sizes=\"(max-width: 768px) 100vw, 768px\" \/>\t\t\t<\/div>\n\t\t\n\t\t\t\t\t<div class=\"edgtf-team-info\">\n\t\t\t\t\t\t\t\t\t<div class=\"edgtf-team-title-holder normal_social\">\n\t\t\t\t\t\t\t\t\t\t\t\t\t<h3 class=\"edgtf-team-name\">\n\t\t\t\t\t\t\t\tBenjamins A\t\t\t\t\t\t\t<\/h3>\n\t\t\t\t\t\t\t\t\t\t\t\t\t\t\t\t\t\t\t<h6 class=\"edgtf-team-position\">Distance: 500m<\/h6>\n\t\t\t\t\t\t\t\t\t\t\t<\/div>\n\t\t\t\t\n\t\t\t\t\t\t\t\t\t<div class='edgtf-team-text'>\n\t\t\t\t\t\t<div class='edgtf-team-text-inner'>\n\t\t\t\t\t\t\t<div class='edgtf-team-description'>\n\t\t\t\t\t\t\t\t<p>Nascidos: 2014\/2016<\/p>\n\t\t\t\t\t\t\t<\/div>\n\t\t\t\t\t\t<\/div>\n\t\t\t\t\t<\/div>\n\t\t\t\t\n\t\t<div class=\"edgtf-team-social-holder-between\">\n\t\t\t<div class=\"edgtf-team-social normal_social\">\n\t\t\t\t<div class=\"edgtf-team-social-inner\">\n\t\t\t\t\t<div class=\"edgtf-team-social-wrapp\">\n\n\t\t\t\t\t\t\n\t\t\t\t\t<\/div>\n\t\t\t\t<\/div>\n\t\t\t<\/div>\n\t\t<\/div>\n\n\t\t<\/div>\n\t<\/div>\n<\/div>\t\t<\/div>\n\t<\/div>\n<\/div><div class=\"edgtf-section-item edgtf-vertical-alignment-middle edgtf-horizontal-alignment-left\" >\n\t<div class=\"edgtf-section-item-inner\">\n\t\t<div class=\"edgtf-section-item-content\">\n\t\t\t\n<div class=\"edgtf-team main-info-below-image\">\n\t<div class=\"edgtf-team-inner\">\n\t\t\t\t\t<div class=\"edgtf-team-image\">\n                <img width=\"768\" height=\"450\" src=\"https:\/\/louzantrail.com\/wp-content\/uploads\/sites\/8\/2019\/09\/louzantrail-fox-2.jpg\" class=\"attachment-full size-full\" alt=\"Louzantrail\" decoding=\"async\" loading=\"lazy\" srcset=\"https:\/\/louzantrail.com\/wp-content\/uploads\/sites\/8\/2019\/09\/louzantrail-fox-2.jpg 768w, https:\/\/louzantrail.com\/wp-content\/uploads\/sites\/8\/2019\/09\/louzantrail-fox-2-150x88.jpg 150w, https:\/\/louzantrail.com\/wp-content\/uploads\/sites\/8\/2019\/09\/louzantrail-fox-2-300x176.jpg 300w\" sizes=\"(max-width: 768px) 100vw, 768px\" \/>\t\t\t<\/div>\n\t\t\n\t\t\t\t\t<div class=\"edgtf-team-info\">\n\t\t\t\t\t\t\t\t\t<div class=\"edgtf-team-title-holder normal_social\">\n\t\t\t\t\t\t\t\t\t\t\t\t\t<h3 class=\"edgtf-team-name\">\n\t\t\t\t\t\t\t\tBenjamins B\t\t\t\t\t\t\t<\/h3>\n\t\t\t\t\t\t\t\t\t\t\t\t\t\t\t\t\t\t\t<h6 class=\"edgtf-team-position\">Distance: 1000m<\/h6>\n\t\t\t\t\t\t\t\t\t\t\t<\/div>\n\t\t\t\t\n\t\t\t\t\t\t\t\t\t<div class='edgtf-team-text'>\n\t\t\t\t\t\t<div class='edgtf-team-text-inner'>\n\t\t\t\t\t\t\t<div class='edgtf-team-description'>\n\t\t\t\t\t\t\t\t<p>Nascidos: 2012\/2013<\/p>\n\t\t\t\t\t\t\t<\/div>\n\t\t\t\t\t\t<\/div>\n\t\t\t\t\t<\/div>\n\t\t\t\t\n\t\t<div class=\"edgtf-team-social-holder-between\">\n\t\t\t<div class=\"edgtf-team-social normal_social\">\n\t\t\t\t<div class=\"edgtf-team-social-inner\">\n\t\t\t\t\t<div class=\"edgtf-team-social-wrapp\">\n\n\t\t\t\t\t\t\n\t\t\t\t\t<\/div>\n\t\t\t\t<\/div>\n\t\t\t<\/div>\n\t\t<\/div>\n\n\t\t<\/div>\n\t<\/div>\n<\/div>\t\t<\/div>\n\t<\/div>\n<\/div><div class=\"edgtf-section-item edgtf-vertical-alignment-middle edgtf-horizontal-alignment-left\" >\n\t<div class=\"edgtf-section-item-inner\">\n\t\t<div class=\"edgtf-section-item-content\">\n\t\t\t\n<div class=\"edgtf-team main-info-below-image\">\n\t<div class=\"edgtf-team-inner\">\n\t\t\t\t\t<div class=\"edgtf-team-image\">\n                <img width=\"768\" height=\"450\" src=\"https:\/\/louzantrail.com\/wp-content\/uploads\/sites\/8\/2019\/09\/louzantrail-fox-3.jpg\" class=\"attachment-full size-full\" alt=\"Louzantrail\" decoding=\"async\" loading=\"lazy\" srcset=\"https:\/\/louzantrail.com\/wp-content\/uploads\/sites\/8\/2019\/09\/louzantrail-fox-3.jpg 768w, https:\/\/louzantrail.com\/wp-content\/uploads\/sites\/8\/2019\/09\/louzantrail-fox-3-150x88.jpg 150w, https:\/\/louzantrail.com\/wp-content\/uploads\/sites\/8\/2019\/09\/louzantrail-fox-3-300x176.jpg 300w\" sizes=\"(max-width: 768px) 100vw, 768px\" \/>\t\t\t<\/div>\n\t\t\n\t\t\t\t\t<div class=\"edgtf-team-info\">\n\t\t\t\t\t\t\t\t\t<div class=\"edgtf-team-title-holder normal_social\">\n\t\t\t\t\t\t\t\t\t\t\t\t\t<h3 class=\"edgtf-team-name\">\n\t\t\t\t\t\t\t\tInfantis\t\t\t\t\t\t\t<\/h3>\n\t\t\t\t\t\t\t\t\t\t\t\t\t\t\t\t\t\t\t<h6 class=\"edgtf-team-position\">Distance: 1500m<\/h6>\n\t\t\t\t\t\t\t\t\t\t\t<\/div>\n\t\t\t\t\n\t\t\t\t\t\t\t\t\t<div class='edgtf-team-text'>\n\t\t\t\t\t\t<div class='edgtf-team-text-inner'>\n\t\t\t\t\t\t\t<div class='edgtf-team-description'>\n\t\t\t\t\t\t\t\t<p>Nascidos: 2010\/2011<\/p>\n\t\t\t\t\t\t\t<\/div>\n\t\t\t\t\t\t<\/div>\n\t\t\t\t\t<\/div>\n\t\t\t\t\n\t\t<div class=\"edgtf-team-social-holder-between\">\n\t\t\t<div class=\"edgtf-team-social normal_social\">\n\t\t\t\t<div class=\"edgtf-team-social-inner\">\n\t\t\t\t\t<div class=\"edgtf-team-social-wrapp\">\n\n\t\t\t\t\t\t\n\t\t\t\t\t<\/div>\n\t\t\t\t<\/div>\n\t\t\t<\/div>\n\t\t<\/div>\n\n\t\t<\/div>\n\t<\/div>\n<\/div>\t\t<\/div>\n\t<\/div>\n<\/div><div class=\"edgtf-section-item edgtf-vertical-alignment-middle edgtf-horizontal-alignment-left\" >\n\t<div class=\"edgtf-section-item-inner\">\n\t\t<div class=\"edgtf-section-item-content\">\n\t\t\t\n<div class=\"edgtf-team main-info-below-image\">\n\t<div class=\"edgtf-team-inner\">\n\t\t\t\t\t<div class=\"edgtf-team-image\">\n                <img width=\"768\" height=\"450\" src=\"https:\/\/louzantrail.com\/wp-content\/uploads\/sites\/8\/2019\/09\/louzantrail-fox-4.jpg\" class=\"attachment-full size-full\" alt=\"Louzantrail\" decoding=\"async\" loading=\"lazy\" srcset=\"https:\/\/louzantrail.com\/wp-content\/uploads\/sites\/8\/2019\/09\/louzantrail-fox-4.jpg 768w, https:\/\/louzantrail.com\/wp-content\/uploads\/sites\/8\/2019\/09\/louzantrail-fox-4-150x88.jpg 150w, https:\/\/louzantrail.com\/wp-content\/uploads\/sites\/8\/2019\/09\/louzantrail-fox-4-300x176.jpg 300w\" sizes=\"(max-width: 768px) 100vw, 768px\" \/>\t\t\t<\/div>\n\t\t\n\t\t\t\t\t<div class=\"edgtf-team-info\">\n\t\t\t\t\t\t\t\t\t<div class=\"edgtf-team-title-holder normal_social\">\n\t\t\t\t\t\t\t\t\t\t\t\t\t<h3 class=\"edgtf-team-name\">\n\t\t\t\t\t\t\t\tIniciados\t\t\t\t\t\t\t<\/h3>\n\t\t\t\t\t\t\t\t\t\t\t\t\t\t\t\t\t\t\t<h6 class=\"edgtf-team-position\">Distance: 2000m<\/h6>\n\t\t\t\t\t\t\t\t\t\t\t<\/div>\n\t\t\t\t\n\t\t\t\t\t\t\t\t\t<div class='edgtf-team-text'>\n\t\t\t\t\t\t<div class='edgtf-team-text-inner'>\n\t\t\t\t\t\t\t<div class='edgtf-team-description'>\n\t\t\t\t\t\t\t\t<p>Nascidos: 2008\/2009<\/p>\n\t\t\t\t\t\t\t<\/div>\n\t\t\t\t\t\t<\/div>\n\t\t\t\t\t<\/div>\n\t\t\t\t\n\t\t<div class=\"edgtf-team-social-holder-between\">\n\t\t\t<div class=\"edgtf-team-social normal_social\">\n\t\t\t\t<div class=\"edgtf-team-social-inner\">\n\t\t\t\t\t<div class=\"edgtf-team-social-wrapp\">\n\n\t\t\t\t\t\t\n\t\t\t\t\t<\/div>\n\t\t\t\t<\/div>\n\t\t\t<\/div>\n\t\t<\/div>\n\n\t\t<\/div>\n\t<\/div>\n<\/div>\t\t<\/div>\n\t<\/div>\n<\/div>\t<\/div>\n<\/div><\/div><\/div><\/div><\/div><\/div><div class=\"vc_row wpb_row vc_row-fluid edgtf-section edgtf-content-aligment-left\" style=\"\"><div class=\"clearfix edgtf-full-section-inner\"><div class=\"wpb_column vc_column_container vc_col-sm-6\"><div class=\"vc_column-inner\"><div class=\"wpb_wrapper\"><div class=\"edgtf-call-to-action edgtf-cta-simple\" style=\"padding: 20px;\">\n\t\t\t<a class=\"edgtf-call-to-action-link\" href=\"https:\/\/louzantrail.com\/en\/provas\/regulamento-rapozinhos\/\" target=\"_blank\"><\/a>\n\t\t<div class=\"edgtf-call-to-action-table\">\n\t\t\t\t\t<span class=\"edgtf-call-to-action-text edgtf-call-to-action-cell\" >\n\t\t\t\tRules\t\t\t<\/span>\n\t\t\t\t\t\t\t<span class=\"edgtf-call-to-action-icon edgtf-call-to-action-cell\">\n\t\t\t\t<span aria-hidden=\"true\" class=\"edgtf-icon-font-elegant arrow_right\" style=\"\" ><\/span>\t\t\t<\/span>\n\t\t\t<\/div>\n<\/div><\/div><\/div><\/div><div class=\"wpb_column vc_column_container vc_col-sm-6\"><div class=\"vc_column-inner\"><div class=\"wpb_wrapper\"><div class=\"edgtf-call-to-action edgtf-cta-simple\" style=\"padding: 20px;\">\n\t\t\t<a class=\"edgtf-call-to-action-link\" href=\"https:\/\/registerandgo.net\/?evento=826\" target=\"_blank\"><\/a>\n\t\t<div class=\"edgtf-call-to-action-table\">\n\t\t\t\t\t<span class=\"edgtf-call-to-action-text edgtf-call-to-action-cell\" >\n\t\t\t\tRegistrations\t\t\t<\/span>\n\t\t\t\t\t\t\t<span class=\"edgtf-call-to-action-icon edgtf-call-to-action-cell\">\n\t\t\t\t<span aria-hidden=\"true\" class=\"edgtf-icon-font-elegant arrow_right\" style=\"\" ><\/span>\t\t\t<\/span>\n\t\t\t<\/div>\n<\/div><\/div><\/div><\/div><\/div><\/div>\n<!--themify_builder_content-->\n<div id=\"themify_builder_content-8817\" data-postid=\"8817\" class=\"themify_builder_content themify_builder_content-8817 themify_builder tf_clear\">\n    <\/div>\n<!--\/themify_builder_content-->","protected":false},"excerpt":{"rendered":"Uma Prova de Emo\u00e7\u00f5es!! Rapozinhos Benjamins A Dist\u00e2ncia: 500m Nascidos: 2014\/2016 Benjamins B Dist\u00e2ncia: 1000m Nascidos: 2012\/2013 Infantis Dist\u00e2ncia: 1500m Nascidos: 2010\/2011 Iniciados Dist\u00e2ncia: 2000m Nascidos: 2008\/2009 Regulamento Inscri\u00e7\u00f5es","protected":false},"author":1,"featured_media":0,"parent":5032,"menu_order":4,"comment_status":"closed","ping_status":"closed","template":"full-width.php","meta":{"footnotes":""},"builder_content":"","_links":{"self":[{"href":"https:\/\/louzantrail.com\/en\/wp-json\/wp\/v2\/pages\/8817"}],"collection":[{"href":"https:\/\/louzantrail.com\/en\/wp-json\/wp\/v2\/pages"}],"about":[{"href":"https:\/\/louzantrail.com\/en\/wp-json\/wp\/v2\/types\/page"}],"author":[{"embeddable":true,"href":"https:\/\/louzantrail.com\/en\/wp-json\/wp\/v2\/users\/1"}],"replies":[{"embeddable":true,"href":"https:\/\/louzantrail.com\/en\/wp-json\/wp\/v2\/comments?post=8817"}],"version-history":[{"count":20,"href":"https:\/\/louzantrail.com\/en\/wp-json\/wp\/v2\/pages\/8817\/revisions"}],"predecessor-version":[{"id":10772,"href":"https:\/\/louzantrail.com\/en\/wp-json\/wp\/v2\/pages\/8817\/revisions\/10772"}],"up":[{"embeddable":true,"href":"https:\/\/louzantrail.com\/en\/wp-json\/wp\/v2\/pages\/5032"}],"wp:attachment":[{"href":"https:\/\/louzantrail.com\/en\/wp-json\/wp\/v2\/media?parent=8817"}],"curies":[{"name":"wp","href":"https:\/\/api.w.org\/{rel}","templated":true}]}}