{"id":11672,"date":"2025-11-25T16:51:07","date_gmt":"2025-11-25T16:51:07","guid":{"rendered":"https:\/\/louzantrail.com\/?page_id=11672"},"modified":"2025-11-25T21:04:43","modified_gmt":"2025-11-25T21:04:43","slug":"louzantrail-stages","status":"publish","type":"page","link":"https:\/\/louzantrail.com\/en\/provas\/louzantrail-stages\/","title":{"rendered":"Louzantrail by Stages"},"content":{"rendered":"<div class=\"vc_row wpb_row vc_row-fluid edgtf-section vc_custom_1764090300635 edgtf-content-aligment-left edgtf-grid-section\" style=\"\"><div class=\"clearfix edgtf-section-inner\"><div class=\"edgtf-section-inner-margin clearfix\"><div class=\"center-info wpb_column vc_column_container vc_col-sm-4\"><div class=\"vc_column-inner\"><div class=\"wpb_wrapper\">\n\t<div class=\"wpb_text_column wpb_content_element\" >\n\t\t<div class=\"wpb_wrapper\">\n\t\t\t<p><span style=\"color: white;font-size: 24px;font-weight: bold\">52K<\/span><\/p>\n\n\t\t<\/div>\n\t<\/div>\n\n\t<div class=\"wpb_text_column wpb_content_element\" >\n\t\t<div class=\"wpb_wrapper\">\n\t\t\t<p><span style=\"color: white;font-size: 18px;letter-spacing: 1px\">TOTAL DISTANCE<\/span><\/p>\n\n\t\t<\/div>\n\t<\/div>\n<\/div><\/div><\/div><div class=\"center-info wpb_column vc_column_container vc_col-sm-4\"><div class=\"vc_column-inner\"><div class=\"wpb_wrapper\">\n\t<div class=\"wpb_text_column wpb_content_element\" >\n\t\t<div class=\"wpb_wrapper\">\n\t\t\t<p><span style=\"color: white;font-size: 24px;font-weight: bold\">32K<\/span><\/p>\n\n\t\t<\/div>\n\t<\/div>\n\n\t<div class=\"wpb_text_column wpb_content_element\" >\n\t\t<div class=\"wpb_wrapper\">\n\t\t\t<p><span style=\"color: white;font-size: 18px;letter-spacing: 1px\">7 MARCH<\/span><\/p>\n\n\t\t<\/div>\n\t<\/div>\n<\/div><\/div><\/div><div class=\"center-info wpb_column vc_column_container vc_col-sm-4\"><div class=\"vc_column-inner\"><div class=\"wpb_wrapper\">\n\t<div class=\"wpb_text_column wpb_content_element\" >\n\t\t<div class=\"wpb_wrapper\">\n\t\t\t<p><span style=\"color: white;font-size: 24px;font-weight: bold\">20K<\/span><\/p>\n\n\t\t<\/div>\n\t<\/div>\n\n\t<div class=\"wpb_text_column wpb_content_element\" >\n\t\t<div class=\"wpb_wrapper\">\n\t\t\t<p><span style=\"color: white;font-size: 18px;letter-spacing: 1px\">8 MARCH<\/span><\/p>\n\n\t\t<\/div>\n\t<\/div>\n<\/div><\/div><\/div><\/div><\/div><\/div><div class=\"vc_row wpb_row vc_row-fluid edgtf-section edgtf-content-aligment-left\" style=\"\"><div class=\"clearfix edgtf-full-section-inner\"><div class=\"wpb_column vc_column_container vc_col-sm-12\"><div class=\"vc_column-inner vc_custom_1567446239332\"><div class=\"wpb_wrapper\"><div class=\"vc_empty_space\"   style=\"height: 30px\"><span class=\"vc_empty_space_inner\"><\/span><\/div><div class=\"vc_empty_space\"   style=\"height: 30px\"><span class=\"vc_empty_space_inner\"><\/span><\/div>\n<div class=\"edgtf-section-title edgtf-section-align-center\" >\n\tAbout\t<\/div><div class=\"vc_empty_space\"   style=\"height: 30px\"><span class=\"vc_empty_space_inner\"><\/span><\/div>\n\t<div  class=\"wpb_single_image wpb_content_element vc_align_center\">\n\t\t\n\t\t<figure class=\"wpb_wrapper vc_figure\">\n\t\t\t<div class=\"vc_single_image-wrapper   vc_box_border_grey\"><img class=\"vc_single_image-img\" src=\"https:\/\/louzantrail.com\/wp-content\/uploads\/sites\/8\/2019\/09\/separador-40x3.png\" width=\"40\" height=\"3\" alt=\"separador\" title=\"separador\" \/><\/div>\n\t\t<\/figure>\n\t<\/div>\n<div class=\"vc_empty_space\"   style=\"height: 30px\"><span class=\"vc_empty_space_inner\"><\/span><\/div><div class=\"vc_row wpb_row vc_inner vc_row-fluid edgtf-section vc_custom_1764089804586 edgtf-content-aligment-left\" style=\"\"><div class=\"edgtf-full-section-inner\"><div class=\"wpb_column vc_column_container vc_col-sm-12\"><div class=\"vc_column-inner\"><div class=\"wpb_wrapper\">\n\t<div class=\"wpb_text_column wpb_content_element\" >\n\t\t<div class=\"wpb_wrapper\">\n\t\t\t<p>All athletes seeking a more intense experience\u00a0<strong data-start=\"117\" data-end=\"134\">can take on the LZT By Stages<\/strong>\u2014 a two-stage race that includes participation in the 32 km and 20 km distances. This challenge will test the participants\u2019 endurance and strategy, offering them a unique experience and a deeper connection with nature.<\/p>\n\n\t\t<\/div>\n\t<\/div>\n<div class=\"edgtf-separator-holder clearfix  edgtf-separator-center\">\n\t<div class=\"edgtf-separator\" ><\/div>\n<\/div>\n<\/div><\/div><\/div><\/div><\/div><\/div><\/div><\/div><\/div><\/div><div class=\"vc_row wpb_row vc_row-fluid edgtf-section vc_custom_1567447787967 edgtf-content-aligment-left edgtf-grid-section\" style=\"\"><div class=\"clearfix edgtf-section-inner\"><div class=\"edgtf-section-inner-margin clearfix\"><div class=\"wpb_column vc_column_container vc_col-sm-12 vc_col-lg-12 vc_col-md-12\"><div class=\"vc_column-inner\"><div class=\"wpb_wrapper\"><div class=\"vc_row wpb_row vc_inner vc_row-fluid edgtf-section edgtf-content-aligment-left\" style=\"\"><div class=\"edgtf-full-section-inner\"><div class=\"wpb_column vc_column_container vc_col-sm-12\"><div class=\"vc_column-inner\"><div class=\"wpb_wrapper\">\n<div class=\"edgtf-section-title edgtf-section-align-center\" >\n\t32K track\t<\/div><div class=\"vc_empty_space\"   style=\"height: 30px\"><span class=\"vc_empty_space_inner\"><\/span><\/div>\n\t<div class=\"wpb_raw_code wpb_content_element wpb_raw_html\" >\n\t\t<div class=\"wpb_wrapper\">\n\t\t\t<iframe src=\"https:\/\/tracedetrail.fr\/en\/iframe\/7889\" allowfullscreen style=\"border: 0;width: 100%; height: 800px;\" scrolling=\"no\"><\/iframe>\n\t\t<\/div>\n\t<\/div>\n<\/div><\/div><\/div><\/div><\/div>\n\t<div class=\"wpb_text_column wpb_content_element\" >\n\t\t<div class=\"wpb_wrapper\">\n\t\t\t\n\t\t<\/div>\n\t<\/div>\n<\/div><\/div><\/div><\/div><\/div><\/div><div class=\"vc_row wpb_row vc_row-fluid edgtf-section vc_custom_1567447787967 edgtf-content-aligment-left edgtf-grid-section\" style=\"\"><div class=\"clearfix edgtf-section-inner\"><div class=\"edgtf-section-inner-margin clearfix\"><div class=\"wpb_column vc_column_container vc_col-sm-12 vc_col-lg-12 vc_col-md-12\"><div class=\"vc_column-inner\"><div class=\"wpb_wrapper\"><div class=\"vc_row wpb_row vc_inner vc_row-fluid edgtf-section edgtf-content-aligment-left\" style=\"\"><div class=\"edgtf-full-section-inner\"><div class=\"wpb_column vc_column_container vc_col-sm-12\"><div class=\"vc_column-inner\"><div class=\"wpb_wrapper\">\n<div class=\"edgtf-section-title edgtf-section-align-center\" >\n\t20K track\t<\/div><div class=\"vc_empty_space\"   style=\"height: 30px\"><span class=\"vc_empty_space_inner\"><\/span><\/div>\n\t<div class=\"wpb_raw_code wpb_content_element wpb_raw_html\" >\n\t\t<div class=\"wpb_wrapper\">\n\t\t\t<iframe src=\"https:\/\/tracedetrail.fr\/en\/iframe\/7890\" allowfullscreen style=\"border: 0;width: 100%; height: 800px;\" scrolling=\"no\"><\/iframe>\n\t\t<\/div>\n\t<\/div>\n<\/div><\/div><\/div><\/div><\/div>\n\t<div class=\"wpb_text_column wpb_content_element\" >\n\t\t<div class=\"wpb_wrapper\">\n\t\t\t\n\t\t<\/div>\n\t<\/div>\n<div class=\"vc_empty_space\"   style=\"height: 40px\"><span class=\"vc_empty_space_inner\"><\/span><\/div><\/div><\/div><\/div><\/div><\/div><\/div><div class=\"vc_row wpb_row vc_row-fluid edgtf-section edgtf-content-aligment-left\" style=\"\"><div class=\"clearfix edgtf-full-section-inner\"><div class=\"wpb_column vc_column_container vc_col-sm-12\"><div class=\"vc_column-inner\"><div class=\"wpb_wrapper\">\n\t<div class=\"wpb_text_column wpb_content_element\" >\n\t\t<div class=\"wpb_wrapper\">\n\t\t\t<!--themify_builder_content-->\n<div id=\"themify_builder_content-11672\" data-postid=\"11672\" class=\"themify_builder_content themify_builder_content-11672 themify_builder tf_clear\">\n    \t\t\t\t<!-- module_row -->\n\t\t<div  data-lazy=\"1\" class=\"module_row themify_builder_row tb_l3uy939 tb_first tf_w tf_clearfix\">\n\t\t\t\t\t<div class=\"row_inner col_align_top tb_col_count_1 tf_box tf_rel\">\n\t\t\t\t\t<div  data-lazy=\"1\" class=\"module_column tb-column col-full tb_yqnx939 first\">\n\t\t\t\t\t\t\t\t\t<div class=\"tb-column-inner tf_box tf_w\">\n\t\t\t\t<!-- module gallery -->\n<div  class=\"module gallery module-gallery tb_05rf942 layout-grid drop-shadow\" data-lazy=\"1\">\n    <div class=\"module-gallery-grid gallery-columns-4 gallery-t-columns-1 tf_clear\">\n\t\t\t<dl class=\"gallery-item\">\n\t\t\t<dt class=\"gallery-icon\">\n\t\t\t<img src=\"https:\/\/louzantrail.com\/wp-content\/uploads\/sites\/8\/2025\/11\/Louzan_24M-2-1024x647-300x200.jpg\" width=\"300\" height=\"200\" class=\"wp-post-image wp-image-11562\" title=\"Louzan_24M\" alt=\"Louzan_24M\" srcset=\"https:\/\/louzantrail.com\/wp-content\/uploads\/sites\/8\/2025\/11\/Louzan_24M-2-1024x647-300x200.jpg 300w, https:\/\/louzantrail.com\/wp-content\/uploads\/sites\/8\/2025\/11\/Louzan_24M-2-18x12.jpg 18w\" sizes=\"(max-width: 300px) 100vw, 300px\" \/>\t\t\t<\/dt>\n\t\t\t<dd>\n\t\t\t\t\t\t\t\t\t\t\t<\/dd>\n\t\t<\/dl>\n\t\t\t<dl class=\"gallery-item\">\n\t\t\t<dt class=\"gallery-icon\">\n\t\t\t<img src=\"https:\/\/louzantrail.com\/wp-content\/uploads\/sites\/8\/2025\/11\/LOuzan-1024x647-300x200.jpg\" width=\"300\" height=\"200\" class=\"wp-post-image wp-image-11561\" title=\"LOuzan\" alt=\"LOuzan\" srcset=\"https:\/\/louzantrail.com\/wp-content\/uploads\/sites\/8\/2025\/11\/LOuzan-1024x647-300x200.jpg 300w, https:\/\/louzantrail.com\/wp-content\/uploads\/sites\/8\/2025\/11\/LOuzan-18x12.jpg 18w\" sizes=\"(max-width: 300px) 100vw, 300px\" \/>\t\t\t<\/dt>\n\t\t\t<dd>\n\t\t\t\t\t\t\t\t\t\t\t<\/dd>\n\t\t<\/dl>\n\t\t\t<dl class=\"gallery-item\">\n\t\t\t<dt class=\"gallery-icon\">\n\t\t\t<img src=\"https:\/\/louzantrail.com\/wp-content\/uploads\/sites\/8\/2025\/11\/Louzan_24M-1-1024x647-300x200.jpg\" width=\"300\" height=\"200\" class=\"wp-post-image wp-image-11560\" title=\"Louzan_24M\" alt=\"Louzan_24M\" srcset=\"https:\/\/louzantrail.com\/wp-content\/uploads\/sites\/8\/2025\/11\/Louzan_24M-1-1024x647-300x200.jpg 300w, https:\/\/louzantrail.com\/wp-content\/uploads\/sites\/8\/2025\/11\/Louzan_24M-1-18x12.jpg 18w\" sizes=\"(max-width: 300px) 100vw, 300px\" \/>\t\t\t<\/dt>\n\t\t\t<dd>\n\t\t\t\t\t\t\t\t\t\t\t<\/dd>\n\t\t<\/dl>\n\t\t\t<dl class=\"gallery-item\">\n\t\t\t<dt class=\"gallery-icon\">\n\t\t\t<img src=\"https:\/\/louzantrail.com\/wp-content\/uploads\/sites\/8\/2025\/11\/Louzan_24M-1024x646-300x200.jpg\" width=\"300\" height=\"200\" class=\"wp-post-image wp-image-11559\" title=\"Louzan_24M\" alt=\"Louzan_24M\" srcset=\"https:\/\/louzantrail.com\/wp-content\/uploads\/sites\/8\/2025\/11\/Louzan_24M-1024x646-300x200.jpg 300w, https:\/\/louzantrail.com\/wp-content\/uploads\/sites\/8\/2025\/11\/Louzan_24M-18x12.jpg 18w\" sizes=\"(max-width: 300px) 100vw, 300px\" \/>\t\t\t<\/dt>\n\t\t\t<dd>\n\t\t\t\t\t\t\t\t\t\t\t<\/dd>\n\t\t<\/dl>\n\t\t\t<dl class=\"gallery-item\">\n\t\t\t<dt class=\"gallery-icon\">\n\t\t\t<img src=\"https:\/\/louzantrail.com\/wp-content\/uploads\/sites\/8\/2020\/02\/2-300x200.jpg\" width=\"300\" height=\"200\" class=\"wp-post-image wp-image-10148\" title=\"2\" alt=\"2\">\t\t\t<\/dt>\n\t\t\t<dd>\n\t\t\t\t\t\t\t\t\t\t\t<\/dd>\n\t\t<\/dl>\n\t\t\t<dl class=\"gallery-item\">\n\t\t\t<dt class=\"gallery-icon\">\n\t\t\t<img src=\"https:\/\/louzantrail.com\/wp-content\/uploads\/sites\/8\/2020\/01\/banner-curto-1024x549-300x200.jpg\" width=\"300\" height=\"200\" class=\"wp-post-image wp-image-10065\" title=\"banner-curto\" alt=\"Louzantrail Curto\">\t\t\t<\/dt>\n\t\t\t<dd>\n\t\t\t\t\t\t\t\t\t\t\t<\/dd>\n\t\t<\/dl>\n\t\t\t<dl class=\"gallery-item\">\n\t\t\t<dt class=\"gallery-icon\">\n\t\t\t<img src=\"https:\/\/louzantrail.com\/wp-content\/uploads\/sites\/8\/2020\/01\/banner-ultra-1024x477-300x200.jpg\" width=\"300\" height=\"200\" class=\"wp-post-image wp-image-10063\" title=\"banner-ultra\" alt=\"Louzantrail Ultra\">\t\t\t<\/dt>\n\t\t\t<dd>\n\t\t\t\t\t\t\t\t\t\t\t<\/dd>\n\t\t<\/dl>\n\t\t\t<dl class=\"gallery-item\">\n\t\t\t<dt class=\"gallery-icon\">\n\t\t\t<img src=\"https:\/\/louzantrail.com\/wp-content\/uploads\/sites\/8\/2020\/01\/banner-rapozinhos-1024x439-300x200.jpg\" width=\"300\" height=\"200\" class=\"wp-post-image wp-image-10062\" title=\"banner-rapozinhos\" alt=\"Rapozinhos\">\t\t\t<\/dt>\n\t\t\t<dd>\n\t\t\t\t\t\t\t\t\t\t\t<\/dd>\n\t\t<\/dl>\n\t<\/div>\n<\/div>\n<!-- \/module gallery -->\t\t\t\t<\/div><!-- .tb-column-inner -->\n\t\t\t\t\t\t<\/div><!-- .module_column -->\n\t\t\t\t\t\t<\/div><!-- .row_inner -->\n\t\t<\/div><!-- .module_row -->\n\t\t\t\t<\/div>\n<!--\/themify_builder_content-->\n\n\t\t<\/div>\n\t<\/div>\n<\/div><\/div><\/div><\/div><\/div>","protected":false},"excerpt":{"rendered":"52K DIST\u00c2NCIA TOTAL 32K 7 MAR\u00c7O 20K 8 MAR\u00c7O Percurso Todos os atletas que procuram uma experi\u00eancia mais intensa, o\u00a0LZT By Stages, ser\u00e1 uma prova de duas etapas que engloba a participa\u00e7\u00e3o nas dist\u00e2ncias de 32 km e 20 km. Este desafio vai testar os...","protected":false},"author":6,"featured_media":0,"parent":5032,"menu_order":2,"comment_status":"closed","ping_status":"closed","template":"full-width.php","meta":{"footnotes":""},"builder_content":"[gallery ids=\"11562,11561,11560,11559,10148,10065,10063,10062\"]","_links":{"self":[{"href":"https:\/\/louzantrail.com\/en\/wp-json\/wp\/v2\/pages\/11672"}],"collection":[{"href":"https:\/\/louzantrail.com\/en\/wp-json\/wp\/v2\/pages"}],"about":[{"href":"https:\/\/louzantrail.com\/en\/wp-json\/wp\/v2\/types\/page"}],"author":[{"embeddable":true,"href":"https:\/\/louzantrail.com\/en\/wp-json\/wp\/v2\/users\/6"}],"replies":[{"embeddable":true,"href":"https:\/\/louzantrail.com\/en\/wp-json\/wp\/v2\/comments?post=11672"}],"version-history":[{"count":21,"href":"https:\/\/louzantrail.com\/en\/wp-json\/wp\/v2\/pages\/11672\/revisions"}],"predecessor-version":[{"id":11695,"href":"https:\/\/louzantrail.com\/en\/wp-json\/wp\/v2\/pages\/11672\/revisions\/11695"}],"up":[{"embeddable":true,"href":"https:\/\/louzantrail.com\/en\/wp-json\/wp\/v2\/pages\/5032"}],"wp:attachment":[{"href":"https:\/\/louzantrail.com\/en\/wp-json\/wp\/v2\/media?parent=11672"}],"curies":[{"name":"wp","href":"https:\/\/api.w.org\/{rel}","templated":true}]}}