{"id":11470,"date":"2024-03-04T11:25:50","date_gmt":"2024-03-04T11:25:50","guid":{"rendered":"https:\/\/louzantrail.com\/?page_id=11470"},"modified":"2024-03-04T21:09:36","modified_gmt":"2024-03-04T21:09:36","slug":"louzantrail-2024","status":"publish","type":"page","link":"https:\/\/louzantrail.com\/en\/historia\/louzantrail-2024\/","title":{"rendered":"Louzantrail 2024"},"content":{"rendered":"<div class=\"vc_row wpb_row vc_row-fluid edgtf-section edgtf-content-aligment-left edgtf-grid-section\" style=\"\"><div class=\"clearfix edgtf-section-inner\"><div class=\"edgtf-section-inner-margin clearfix\"><div class=\"wpb_column vc_column_container vc_col-sm-3\"><div class=\"vc_column-inner\"><div class=\"wpb_wrapper\">\n\t<div  class=\"wpb_single_image wpb_content_element vc_align_center\">\n\t\t\n\t\t<figure class=\"wpb_wrapper vc_figure\">\n\t\t\t<div class=\"vc_single_image-wrapper   vc_box_border_grey\"><img width=\"300\" height=\"200\" src=\"https:\/\/louzantrail.com\/wp-content\/uploads\/sites\/8\/2019\/09\/louzantrail_9-1-300x200.jpg\" class=\"vc_single_image-img attachment-medium\" alt=\"Louzantrail\" decoding=\"async\" title=\"louzantrail_9\" loading=\"lazy\" srcset=\"https:\/\/louzantrail.com\/wp-content\/uploads\/sites\/8\/2019\/09\/louzantrail_9-1-300x200.jpg 300w, https:\/\/louzantrail.com\/wp-content\/uploads\/sites\/8\/2019\/09\/louzantrail_9-1-150x100.jpg 150w, https:\/\/louzantrail.com\/wp-content\/uploads\/sites\/8\/2019\/09\/louzantrail_9-1-768x512.jpg 768w, https:\/\/louzantrail.com\/wp-content\/uploads\/sites\/8\/2019\/09\/louzantrail_9-1.jpg 900w\" sizes=\"(max-width: 300px) 100vw, 300px\" \/><\/div>\n\t\t<\/figure>\n\t<\/div>\n<div class=\"vc_empty_space\"   style=\"height: 15px\"><span class=\"vc_empty_space_inner\"><\/span><\/div>\n<div class=\"edgtf-section-title edgtf-section-align-center\" style=\"font-size: 24px\">\n\tLOUZANTRAIL ULTRA\t<\/div>\n\t<div class=\"wpb_text_column wpb_content_element  historic-class\" >\n\t\t<div class=\"wpb_wrapper\">\n\t\t\t<p><strong>Male<\/strong><br \/>\nCarlos Ferreira (Breathe Our Rules)<br \/>\n05:32:00<br \/>\nF\u00e1bio Filipe (ACS Mamede)<br \/>\n05:38:12<br \/>\nPedro Garrido (Saca Trilhos Anadia)<br \/>\n05:53:19<br \/>\n<strong>Female<\/strong><br \/>\nC\u00e9lia Neto (OPraticante.pt)<br \/>\n07:08:24<br \/>\nMaria Romero (CDM V\u00e9rtice)<br \/>\n07:46:36<br \/>\nClaire Price (Sintra Trail Runners)<br \/>\n08:13:21<br \/>\n<strong>Male Teams<\/strong><br \/>\n1\u00ba &#8211; GR Corredoura<br \/>\n2\u00ba &#8211; Grupo Desportivo Santander Totta<br \/>\n3\u00ba &#8211; GOAT &#8211; West Trail Team<\/p>\n<p><strong>Female Teams<\/strong><\/p>\n\n\t\t<\/div>\n\t<\/div>\n<\/div><\/div><\/div><div class=\"wpb_column vc_column_container vc_col-sm-3\"><div class=\"vc_column-inner\"><div class=\"wpb_wrapper\">\n\t<div  class=\"wpb_single_image wpb_content_element vc_align_center\">\n\t\t\n\t\t<figure class=\"wpb_wrapper vc_figure\">\n\t\t\t<div class=\"vc_single_image-wrapper   vc_box_border_grey\"><img width=\"300\" height=\"200\" src=\"https:\/\/louzantrail.com\/wp-content\/uploads\/sites\/8\/2019\/09\/louzantrail_6-1-300x200.jpg\" class=\"vc_single_image-img attachment-medium\" alt=\"Louzantrail\" decoding=\"async\" title=\"louzantrail_6\" loading=\"lazy\" srcset=\"https:\/\/louzantrail.com\/wp-content\/uploads\/sites\/8\/2019\/09\/louzantrail_6-1-300x200.jpg 300w, https:\/\/louzantrail.com\/wp-content\/uploads\/sites\/8\/2019\/09\/louzantrail_6-1-150x100.jpg 150w, https:\/\/louzantrail.com\/wp-content\/uploads\/sites\/8\/2019\/09\/louzantrail_6-1-768x512.jpg 768w, https:\/\/louzantrail.com\/wp-content\/uploads\/sites\/8\/2019\/09\/louzantrail_6-1.jpg 900w\" sizes=\"(max-width: 300px) 100vw, 300px\" \/><\/div>\n\t\t<\/figure>\n\t<\/div>\n<div class=\"vc_empty_space\"   style=\"height: 15px\"><span class=\"vc_empty_space_inner\"><\/span><\/div>\n<div class=\"edgtf-section-title edgtf-section-align-center\" style=\"font-size: 24px\">\n\tLOUZANTRAIL GTNS\t<\/div>\n\t<div class=\"wpb_text_column wpb_content_element  historic-class\" >\n\t\t<div class=\"wpb_wrapper\">\n\t\t\t<p><strong>Male<\/strong><br \/>\nFabi\u00e1n Venero (Salomon Next Gen)<br \/>\n02:49:01<br \/>\nRoger Comellas (Merrel)<br \/>\n02:55:18<br \/>\nFrancesc Cabrero (Mur I Castell-Blumaq)<br \/>\n03:01:30<br \/>\n<strong>Female<\/strong><br \/>\nJune Villarroel<br \/>\n03:26:51<br \/>\nCristina Arreiol (Furfor)<br \/>\n03:36:12<br \/>\nCarolina Oliveira (Furfor)<br \/>\n03:43:09<br \/>\n<strong>Male Teams<\/strong><br \/>\n1\u00ba &#8211; Clube Desportivo de Espite<br \/>\n2\u00ba &#8211; EDV Viana Trail<br \/>\n3\u00ba &#8211; Thomar Athletics<\/p>\n<p><strong>Female Teams<\/strong><br \/>\n1\u00ba &#8211; NAST &#8211; Nucleo Associativo Santo Tirso<br \/>\n2\u00ba &#8211; Trilho Perdido Eventos\/Imporlux<br \/>\n3\u00ba &#8211; Algarunners<\/p>\n\n\t\t<\/div>\n\t<\/div>\n<\/div><\/div><\/div><div class=\"wpb_column vc_column_container vc_col-sm-3\"><div class=\"vc_column-inner\"><div class=\"wpb_wrapper\">\n\t<div  class=\"wpb_single_image wpb_content_element vc_align_center\">\n\t\t\n\t\t<figure class=\"wpb_wrapper vc_figure\">\n\t\t\t<div class=\"vc_single_image-wrapper   vc_box_border_grey\"><img width=\"300\" height=\"200\" src=\"https:\/\/louzantrail.com\/wp-content\/uploads\/sites\/8\/2019\/09\/louzantrail_2-1-300x200.jpg\" class=\"vc_single_image-img attachment-medium\" alt=\"Louzantrail\" decoding=\"async\" title=\"louzantrail_2\" loading=\"lazy\" srcset=\"https:\/\/louzantrail.com\/wp-content\/uploads\/sites\/8\/2019\/09\/louzantrail_2-1-300x200.jpg 300w, https:\/\/louzantrail.com\/wp-content\/uploads\/sites\/8\/2019\/09\/louzantrail_2-1-150x100.jpg 150w, https:\/\/louzantrail.com\/wp-content\/uploads\/sites\/8\/2019\/09\/louzantrail_2-1-768x512.jpg 768w, https:\/\/louzantrail.com\/wp-content\/uploads\/sites\/8\/2019\/09\/louzantrail_2-1.jpg 900w\" sizes=\"(max-width: 300px) 100vw, 300px\" \/><\/div>\n\t\t<\/figure>\n\t<\/div>\n<div class=\"vc_empty_space\"   style=\"height: 15px\"><span class=\"vc_empty_space_inner\"><\/span><\/div>\n<div class=\"edgtf-section-title edgtf-section-align-center\" style=\"font-size: 24px\">\n\tLOUZANTRAIL CURTO\t<\/div>\n\t<div class=\"wpb_text_column wpb_content_element  historic-class\" >\n\t\t<div class=\"wpb_wrapper\">\n\t\t\t<p><strong>Male<\/strong><br \/>\nJorge Filipe (Foufor)<br \/>\n01:46:06<br \/>\nTiago Duarte (Atletismo Clube da Tocha)<br \/>\n01:51:58<br \/>\nJo\u00e3o Novo (Atletismo Clube da Tocha)<br \/>\n01:51:58<br \/>\n<strong>Female<\/strong><br \/>\nC\u00e9lia Amaro (Serra D&#8217;Aire Trail Team)<br \/>\n02:14:14<br \/>\nLucinda Sousa (Olimpico Vianense)<br \/>\n02:16:05<br \/>\nMariana Gir\u00e3o (Farn\u00e1cia Luciano e Matos)<br \/>\n02:19:37<br \/>\n<strong>Male Teams<\/strong><br \/>\n1\u00ba &#8211; Atletismo Clube da Tocha<br \/>\n2\u00ba &#8211; AR Casaense<br \/>\n3\u00ba &#8211; Vikings Trail Runnes<\/p>\n<p><strong>Female Teams<\/strong><br \/>\n1\u00ba &#8211; DCI\/Trilhos Luso Bussaco<br \/>\n2\u00ba &#8211; Talentos Objectivos<br \/>\n3\u00ba &#8211; Serra D&#8217;Aire Trail Team<\/p>\n\n\t\t<\/div>\n\t<\/div>\n<\/div><\/div><\/div><div class=\"wpb_column vc_column_container vc_col-sm-3\"><div class=\"vc_column-inner\"><div class=\"wpb_wrapper\">\n\t<div  class=\"wpb_single_image wpb_content_element vc_align_center\">\n\t\t\n\t\t<figure class=\"wpb_wrapper vc_figure\">\n\t\t\t<div class=\"vc_single_image-wrapper   vc_box_border_grey\"><img width=\"300\" height=\"200\" src=\"https:\/\/louzantrail.com\/wp-content\/uploads\/sites\/8\/2019\/09\/louzantrail_2-1-300x200.jpg\" class=\"vc_single_image-img attachment-medium\" alt=\"Louzantrail\" decoding=\"async\" title=\"louzantrail_2\" loading=\"lazy\" srcset=\"https:\/\/louzantrail.com\/wp-content\/uploads\/sites\/8\/2019\/09\/louzantrail_2-1-300x200.jpg 300w, https:\/\/louzantrail.com\/wp-content\/uploads\/sites\/8\/2019\/09\/louzantrail_2-1-150x100.jpg 150w, https:\/\/louzantrail.com\/wp-content\/uploads\/sites\/8\/2019\/09\/louzantrail_2-1-768x512.jpg 768w, https:\/\/louzantrail.com\/wp-content\/uploads\/sites\/8\/2019\/09\/louzantrail_2-1.jpg 900w\" sizes=\"(max-width: 300px) 100vw, 300px\" \/><\/div>\n\t\t<\/figure>\n\t<\/div>\n<div class=\"vc_empty_space\"   style=\"height: 15px\"><span class=\"vc_empty_space_inner\"><\/span><\/div>\n<div class=\"edgtf-section-title edgtf-section-align-center\" style=\"font-size: 24px\">\n\tLOUZANTRAIL XS\t<\/div>\n\t<div class=\"wpb_text_column wpb_content_element  historic-class\" >\n\t\t<div class=\"wpb_wrapper\">\n\t\t\t<p><strong>Male<\/strong><br \/>\nTiago Lopes (Atletismo Clube da Tocha)<br \/>\n01:13:41<br \/>\nAndrew Obrien (Sintra Trail Runners)<br \/>\n01:16:22<br \/>\nGuilherme Martins (Furfor)<br \/>\n01:18:53<br \/>\n<strong>Female<\/strong><br \/>\nVictoria Bento (Abutres Trail Running School)<br \/>\n01:41:38<br \/>\nMaria Matos (AGM Team Running)<br \/>\n01:50:52<br \/>\nM\u00f3nica Gorgulho (Sarzedo Runners)<br \/>\n01:52:47<br \/>\n<strong>Male Teams<\/strong><br \/>\n1\u00ba &#8211; ADCR Pereira<br \/>\n2\u00ba &#8211; Ad\u00f5es Trail<br \/>\n3\u00ba &#8211; Os Manos<\/p>\n<p><strong>Female Teams<\/strong><br \/>\n1\u00ba &#8211; CDM V\u00e9rtice<br \/>\n2\u00ba &#8211; Os Manos<br \/>\n3\u00ba Arcil &#8211; Lous\u00e3<\/p>\n\n\t\t<\/div>\n\t<\/div>\n<\/div><\/div><\/div><\/div><\/div><\/div>\n<!--themify_builder_content-->\n<div id=\"themify_builder_content-11470\" data-postid=\"11470\" class=\"themify_builder_content themify_builder_content-11470 themify_builder tf_clear\">\n    <\/div>\n<!--\/themify_builder_content-->","protected":false},"excerpt":{"rendered":"LOUZANTRAIL ULTRA Masculino Carlos Ferreira (Breathe Our Rules) 05:32:00 F\u00e1bio Filipe (ACS Mamede) 05:38:12 Pedro Garrido (Saca Trilhos Anadia) 05:53:19 Feminino C\u00e9lia Neto (OPraticante.pt) 07:08:24 Maria Romero (CDM V\u00e9rtice) 07:46:36 Claire Price (Sintra Trail Runners) 08:13:21 Equipas Masculinas 1\u00ba - GR Corredoura 2\u00ba - Grupo...","protected":false},"author":1,"featured_media":0,"parent":8965,"menu_order":0,"comment_status":"closed","ping_status":"closed","template":"full-width.php","meta":{"footnotes":""},"builder_content":"","_links":{"self":[{"href":"https:\/\/louzantrail.com\/en\/wp-json\/wp\/v2\/pages\/11470"}],"collection":[{"href":"https:\/\/louzantrail.com\/en\/wp-json\/wp\/v2\/pages"}],"about":[{"href":"https:\/\/louzantrail.com\/en\/wp-json\/wp\/v2\/types\/page"}],"author":[{"embeddable":true,"href":"https:\/\/louzantrail.com\/en\/wp-json\/wp\/v2\/users\/1"}],"replies":[{"embeddable":true,"href":"https:\/\/louzantrail.com\/en\/wp-json\/wp\/v2\/comments?post=11470"}],"version-history":[{"count":5,"href":"https:\/\/louzantrail.com\/en\/wp-json\/wp\/v2\/pages\/11470\/revisions"}],"predecessor-version":[{"id":11477,"href":"https:\/\/louzantrail.com\/en\/wp-json\/wp\/v2\/pages\/11470\/revisions\/11477"}],"up":[{"embeddable":true,"href":"https:\/\/louzantrail.com\/en\/wp-json\/wp\/v2\/pages\/8965"}],"wp:attachment":[{"href":"https:\/\/louzantrail.com\/en\/wp-json\/wp\/v2\/media?parent=11470"}],"curies":[{"name":"wp","href":"https:\/\/api.w.org\/{rel}","templated":true}]}}