{"id":11413,"date":"2024-02-27T15:30:11","date_gmt":"2024-02-27T15:30:11","guid":{"rendered":"https:\/\/louzantrail.com\/?page_id=11413"},"modified":"2024-02-27T15:35:35","modified_gmt":"2024-02-27T15:35:35","slug":"regulamento-eco-sorteio","status":"publish","type":"page","link":"https:\/\/louzantrail.com\/en\/provas\/regulamento-eco-sorteio\/","title":{"rendered":"Regulamento ECO-Sorteio"},"content":{"rendered":"<div class=\"vc_row wpb_row vc_row-fluid edgtf-section vc_custom_1568230895458 edgtf-content-aligment-left edgtf-grid-section\" style=\"\"><div class=\"clearfix edgtf-section-inner\"><div class=\"edgtf-section-inner-margin clearfix\"><div class=\"wpb_column vc_column_container vc_col-sm-12\"><div class=\"vc_column-inner\"><div class=\"wpb_wrapper\">\n\t<div class=\"wpb_raw_code wpb_content_element wpb_raw_html\" >\n\t\t<div class=\"wpb_wrapper\">\n\t\t\t<p><iframe style=\"display: none;\" src=\"https:\/\/prozis.com\/10ck\"><\/iframe><\/p>\n\t\t<\/div>\n\t<\/div>\n\n<div class=\"edgtf-section-title edgtf-section-align-center\" style=\"font-size: 24px\">\n\tRegulamento ECO-Sorteio\t<\/div><div class=\"vc_empty_space\"   style=\"height: 20px\"><span class=\"vc_empty_space_inner\"><\/span><\/div>\n<div class=\"edgtf-section-title edgtf-section-align-justify\" style=\"font-size: 18px\">\n\tObjetivo\t<\/div>\n\t<div class=\"wpb_text_column wpb_content_element\" >\n\t\t<div class=\"wpb_wrapper\">\n\t\t\t<p>O evento LOUZANTRAIL\u00ae 2024 tem como objetivo promover a consci\u00eancia ambiental junto dos seus atletas, incutindo o mote \u201cno trilho n\u00e3o deixamos lixo, s\u00f3 pegadas\u201d.<\/p>\n\n\t\t<\/div>\n\t<\/div>\n<div class=\"vc_empty_space\"   style=\"height: 20px\"><span class=\"vc_empty_space_inner\"><\/span><\/div>\n<div class=\"edgtf-section-title edgtf-section-align-justify\" style=\"font-size: 18px\">\n\tCondi\u00e7\u00f5es de Participa\u00e7\u00e3o\t<\/div>\n\t<div class=\"wpb_text_column wpb_content_element\" >\n\t\t<div class=\"wpb_wrapper\">\n\t\t\t<p>Poder\u00e3o participar todos os atletas devidamente inscritos e possuidores de um dorsal com n\u00famero.<\/p>\n\n\t\t<\/div>\n\t<\/div>\n<div class=\"vc_empty_space\"   style=\"height: 20px\"><span class=\"vc_empty_space_inner\"><\/span><\/div>\n<div class=\"edgtf-section-title edgtf-section-align-justify\" style=\"font-size: 18px\">\n\tRes\u00edduos eleg\u00edveis a concurso\t<\/div>\n\t<div class=\"wpb_text_column wpb_content_element\" >\n\t\t<div class=\"wpb_wrapper\">\n\t\t\t<p>Apenas ser\u00e3o eleg\u00edveis embalagens vazias de g\u00e9is, barras ou isot\u00f3nico em p\u00f3.<\/p>\n\n\t\t<\/div>\n\t<\/div>\n<div class=\"vc_empty_space\"   style=\"height: 20px\"><span class=\"vc_empty_space_inner\"><\/span><\/div>\n<div class=\"edgtf-section-title edgtf-section-align-justify\" style=\"font-size: 18px\">\n\tLocal de dep\u00f3sito\t<\/div>\n\t<div class=\"wpb_text_column wpb_content_element\" >\n\t\t<div class=\"wpb_wrapper\">\n\t\t\t<p>O atleta dever\u00e1 deixar as embalagens e local pr\u00f3prio, a designar pela organiza\u00e7\u00e3o.<\/p>\n\n\t\t<\/div>\n\t<\/div>\n<div class=\"vc_empty_space\"   style=\"height: 20px\"><span class=\"vc_empty_space_inner\"><\/span><\/div>\n<div class=\"edgtf-section-title edgtf-section-align-justify\" style=\"font-size: 18px\">\n\tSorteio\t<\/div>\n\t<div class=\"wpb_text_column wpb_content_element\" >\n\t\t<div class=\"wpb_wrapper\">\n\t\t\t<p>O sorteio ir\u00e1 decorrer nas cerim\u00f3nias de entrega de pr\u00e9mios de s\u00e1bado e de domingo.<br \/>\nEm cada dia haver\u00e1 um sorteio por cada pr\u00e9mio.<br \/>\nApenas os res\u00edduos recolhidos no dia ser\u00e3o eleg\u00edveis a concurso. Ao final do dia 2 de mar\u00e7o, s\u00e1bado, as embalagens a concurso n\u00e3o sorteadas ser\u00e3o eliminadas.<\/p>\n\n\t\t<\/div>\n\t<\/div>\n<div class=\"vc_empty_space\"   style=\"height: 20px\"><span class=\"vc_empty_space_inner\"><\/span><\/div>\n<div class=\"edgtf-section-title edgtf-section-align-justify\" style=\"font-size: 18px\">\n\tPr\u00e9mios\t<\/div>\n\t<div class=\"wpb_text_column wpb_content_element\" >\n\t\t<div class=\"wpb_wrapper\">\n\t\t\t<p>Cabaz de Fruta<br \/>\nMochila Salomon<\/p>\n\n\t\t<\/div>\n\t<\/div>\n<div class=\"vc_empty_space\"   style=\"height: 20px\"><span class=\"vc_empty_space_inner\"><\/span><\/div>\n<div class=\"edgtf-section-title edgtf-section-align-justify\" style=\"font-size: 18px\">\n\tLevantamento do pr\u00e9mio\t<\/div>\n\t<div class=\"wpb_text_column wpb_content_element\" >\n\t\t<div class=\"wpb_wrapper\">\n\t\t\t<p>Dado que os pr\u00e9mios s\u00e3o perec\u00edveis, os mesmos ter\u00e3o de ser levantados no ato do sorteio. Caso o dorsal n\u00e3o se encontre na zona da meta, continuar\u00e3o a ser sorteados res\u00edduos at\u00e9 se proceder \u00e0 entrega\u00a0do\u00a0pr\u00e9mio.<\/p>\n<p>&nbsp;<\/p>\n\n\t\t<\/div>\n\t<\/div>\n<div class=\"vc_empty_space\"   style=\"height: 20px\"><span class=\"vc_empty_space_inner\"><\/span><\/div>\n\t<div class=\"wpb_text_column wpb_content_element\" >\n\t\t<div class=\"wpb_wrapper\">\n\t\t\t<!--themify_builder_content-->\n<div id=\"themify_builder_content-11413\" data-postid=\"11413\" class=\"themify_builder_content themify_builder_content-11413 themify_builder tf_clear\">\n    <\/div>\n<!--\/themify_builder_content-->\n\n\t\t<\/div>\n\t<\/div>\n<\/div><\/div><\/div><\/div><\/div><\/div>","protected":false},"excerpt":{"rendered":"Regulamento ECO-Sorteio Objetivo O evento LOUZANTRAIL\u00ae 2024 tem como objetivo promover a consci\u00eancia ambiental junto dos seus atletas, incutindo o mote \u201cno trilho n\u00e3o deixamos lixo, s\u00f3 pegadas\u201d. Condi\u00e7\u00f5es de Participa\u00e7\u00e3o Poder\u00e3o participar todos os atletas devidamente inscritos e possuidores de um dorsal com n\u00famero....","protected":false},"author":1,"featured_media":0,"parent":5032,"menu_order":7,"comment_status":"closed","ping_status":"closed","template":"full-width.php","meta":{"footnotes":""},"builder_content":"","_links":{"self":[{"href":"https:\/\/louzantrail.com\/en\/wp-json\/wp\/v2\/pages\/11413"}],"collection":[{"href":"https:\/\/louzantrail.com\/en\/wp-json\/wp\/v2\/pages"}],"about":[{"href":"https:\/\/louzantrail.com\/en\/wp-json\/wp\/v2\/types\/page"}],"author":[{"embeddable":true,"href":"https:\/\/louzantrail.com\/en\/wp-json\/wp\/v2\/users\/1"}],"replies":[{"embeddable":true,"href":"https:\/\/louzantrail.com\/en\/wp-json\/wp\/v2\/comments?post=11413"}],"version-history":[{"count":8,"href":"https:\/\/louzantrail.com\/en\/wp-json\/wp\/v2\/pages\/11413\/revisions"}],"predecessor-version":[{"id":11421,"href":"https:\/\/louzantrail.com\/en\/wp-json\/wp\/v2\/pages\/11413\/revisions\/11421"}],"up":[{"embeddable":true,"href":"https:\/\/louzantrail.com\/en\/wp-json\/wp\/v2\/pages\/5032"}],"wp:attachment":[{"href":"https:\/\/louzantrail.com\/en\/wp-json\/wp\/v2\/media?parent=11413"}],"curies":[{"name":"wp","href":"https:\/\/api.w.org\/{rel}","templated":true}]}}