{"id":10641,"date":"2022-03-14T14:32:22","date_gmt":"2022-03-14T14:32:22","guid":{"rendered":"https:\/\/louzantrail.com\/?page_id=10641"},"modified":"2022-10-06T13:05:35","modified_gmt":"2022-10-06T13:05:35","slug":"louzantrail-2022","status":"publish","type":"page","link":"https:\/\/louzantrail.com\/en\/historia\/louzantrail-2022\/","title":{"rendered":"Louzantrail 2022"},"content":{"rendered":"<div class=\"vc_row wpb_row vc_row-fluid edgtf-section edgtf-content-aligment-left edgtf-grid-section\" style=\"\"><div class=\"clearfix edgtf-section-inner\"><div class=\"edgtf-section-inner-margin clearfix\"><div class=\"wpb_column vc_column_container vc_col-sm-3\"><div class=\"vc_column-inner\"><div class=\"wpb_wrapper\">\n\t<div  class=\"wpb_single_image wpb_content_element vc_align_center\">\n\t\t\n\t\t<figure class=\"wpb_wrapper vc_figure\">\n\t\t\t<div class=\"vc_single_image-wrapper   vc_box_border_grey\"><img width=\"300\" height=\"200\" src=\"https:\/\/louzantrail.com\/wp-content\/uploads\/sites\/8\/2019\/09\/louzantrail_9-1-300x200.jpg\" class=\"vc_single_image-img attachment-medium\" alt=\"Louzantrail\" decoding=\"async\" title=\"louzantrail_9\" loading=\"lazy\" srcset=\"https:\/\/louzantrail.com\/wp-content\/uploads\/sites\/8\/2019\/09\/louzantrail_9-1-300x200.jpg 300w, https:\/\/louzantrail.com\/wp-content\/uploads\/sites\/8\/2019\/09\/louzantrail_9-1-150x100.jpg 150w, https:\/\/louzantrail.com\/wp-content\/uploads\/sites\/8\/2019\/09\/louzantrail_9-1-768x512.jpg 768w, https:\/\/louzantrail.com\/wp-content\/uploads\/sites\/8\/2019\/09\/louzantrail_9-1.jpg 900w\" sizes=\"(max-width: 300px) 100vw, 300px\" \/><\/div>\n\t\t<\/figure>\n\t<\/div>\n<div class=\"vc_empty_space\"   style=\"height: 15px\"><span class=\"vc_empty_space_inner\"><\/span><\/div>\n<div class=\"edgtf-section-title edgtf-section-align-center\" style=\"font-size: 24px\">\n\tULTRA LOUZANTRAIL\t<\/div>\n\t<div class=\"wpb_text_column wpb_content_element  historic-class\" >\n\t\t<div class=\"wpb_wrapper\">\n\t\t\t<p><strong>Male<\/strong><br \/>\nDavid Quelhas<br \/>\n04:29:22 &#8211; Record<br \/>\nLuiz Mota (Casa do Benfica em Abrantes)<br \/>\n05:00:08<br \/>\nPedro Garrido (Opraticantes.pt)<br \/>\n05:00:45<br \/>\n<strong>Female<\/strong><br \/>\nAroa Sio (Craft Team)<br \/>\n05:28:40 &#8211; Record<br \/>\nAlice Lopes (Gin\u00e1sio Fit4Fun)<br \/>\n05:47:36<br \/>\nSusana Echeverr\u00eda (Coimbra Trail Running)<br \/>\n05:51:10<br \/>\n<strong>Male Teams<\/strong><br \/>\n1\u00ba &#8211; Coimbra Trail Running<br \/>\n2\u00ba &#8211; ACDR Venda da Lu\u00edsa<br \/>\n3\u00ba &#8211; Vikings Trail Runners<\/p>\n<p><strong>Female Teams<\/strong><br \/>\n1\u00ba &#8211; ACDR Venda da Lu\u00edsa<br \/>\n2\u00ba &#8211; OCS &#8211; Arr\u00e1bida Trail Team<\/p>\n\n\t\t<\/div>\n\t<\/div>\n<\/div><\/div><\/div><div class=\"wpb_column vc_column_container vc_col-sm-3\"><div class=\"vc_column-inner\"><div class=\"wpb_wrapper\">\n\t<div  class=\"wpb_single_image wpb_content_element vc_align_center\">\n\t\t\n\t\t<figure class=\"wpb_wrapper vc_figure\">\n\t\t\t<div class=\"vc_single_image-wrapper   vc_box_border_grey\"><img width=\"300\" height=\"200\" src=\"https:\/\/louzantrail.com\/wp-content\/uploads\/sites\/8\/2019\/09\/louzantrail_6-1-300x200.jpg\" class=\"vc_single_image-img attachment-medium\" alt=\"Louzantrail\" decoding=\"async\" title=\"louzantrail_6\" loading=\"lazy\" srcset=\"https:\/\/louzantrail.com\/wp-content\/uploads\/sites\/8\/2019\/09\/louzantrail_6-1-300x200.jpg 300w, https:\/\/louzantrail.com\/wp-content\/uploads\/sites\/8\/2019\/09\/louzantrail_6-1-150x100.jpg 150w, https:\/\/louzantrail.com\/wp-content\/uploads\/sites\/8\/2019\/09\/louzantrail_6-1-768x512.jpg 768w, https:\/\/louzantrail.com\/wp-content\/uploads\/sites\/8\/2019\/09\/louzantrail_6-1.jpg 900w\" sizes=\"(max-width: 300px) 100vw, 300px\" \/><\/div>\n\t\t<\/figure>\n\t<\/div>\n<div class=\"vc_empty_space\"   style=\"height: 15px\"><span class=\"vc_empty_space_inner\"><\/span><\/div>\n<div class=\"edgtf-section-title edgtf-section-align-center\" style=\"font-size: 24px\">\n\tLOUZANTRAIL GTNS\t<\/div>\n\t<div class=\"wpb_text_column wpb_content_element  historic-class\" >\n\t\t<div class=\"wpb_wrapper\">\n\t\t\t<p><strong>Male<\/strong><br \/>\nMiguel Arsenio (EDV &#8211; Viana Trail)<br \/>\n02:45:45<br \/>\nGontzal Murgoitio<br \/>\n02:48:15<br \/>\nAndr\u00e9 Rodrigues (Scarpa)<br \/>\n02:49:27<br \/>\n<strong>Female<\/strong><br \/>\nIn\u00eas Marques (Salomon Caravela)<br \/>\n03:26:07<br \/>\nGeorgina Morente (Merrel Trail Team)<br \/>\n03:26:52<br \/>\nIn\u00eas Jo\u00e3o (Saca Trilhos Anadia)<br \/>\n03:43:01<br \/>\n<strong>Male Teams<\/strong><br \/>\n1\u00ba &#8211; Clube Desportivo de Espite<br \/>\n2\u00ba &#8211; EDV &#8211; Viana Trail<br \/>\n3\u00ba &#8211; Boavista Trail<\/p>\n<p><strong>Female Teams<\/strong><br \/>\n1\u00ba &#8211; Saca Trilhos Anadia<br \/>\n2\u00ba &#8211; Clube Desportivo de Espite<br \/>\n3\u00ba &#8211; CDC Porto Moniz<\/p>\n\n\t\t<\/div>\n\t<\/div>\n<\/div><\/div><\/div><div class=\"wpb_column vc_column_container vc_col-sm-3\"><div class=\"vc_column-inner\"><div class=\"wpb_wrapper\">\n\t<div  class=\"wpb_single_image wpb_content_element vc_align_center\">\n\t\t\n\t\t<figure class=\"wpb_wrapper vc_figure\">\n\t\t\t<div class=\"vc_single_image-wrapper   vc_box_border_grey\"><img width=\"300\" height=\"200\" src=\"https:\/\/louzantrail.com\/wp-content\/uploads\/sites\/8\/2019\/09\/louzantrail_2-1-300x200.jpg\" class=\"vc_single_image-img attachment-medium\" alt=\"Louzantrail\" decoding=\"async\" title=\"louzantrail_2\" loading=\"lazy\" srcset=\"https:\/\/louzantrail.com\/wp-content\/uploads\/sites\/8\/2019\/09\/louzantrail_2-1-300x200.jpg 300w, https:\/\/louzantrail.com\/wp-content\/uploads\/sites\/8\/2019\/09\/louzantrail_2-1-150x100.jpg 150w, https:\/\/louzantrail.com\/wp-content\/uploads\/sites\/8\/2019\/09\/louzantrail_2-1-768x512.jpg 768w, https:\/\/louzantrail.com\/wp-content\/uploads\/sites\/8\/2019\/09\/louzantrail_2-1.jpg 900w\" sizes=\"(max-width: 300px) 100vw, 300px\" \/><\/div>\n\t\t<\/figure>\n\t<\/div>\n<div class=\"vc_empty_space\"   style=\"height: 15px\"><span class=\"vc_empty_space_inner\"><\/span><\/div>\n<div class=\"edgtf-section-title edgtf-section-align-center\" style=\"font-size: 24px\">\n\tLOUZANTRAIL CURTO\t<\/div>\n\t<div class=\"wpb_text_column wpb_content_element  historic-class\" >\n\t\t<div class=\"wpb_wrapper\">\n\t\t\t<p><strong>Male<\/strong><br \/>\nD\u00e1rio Moitoso<br \/>\n01:44:51<br \/>\nTom\u00e1s Estev\u00e3es (OCS-Arr\u00e1bida Trail Team)<br \/>\n01:46:59<br \/>\nM\u00e1rcio Cruz (AR Casaense)<br \/>\n01:48:04<br \/>\n<strong>Female<\/strong><br \/>\nAroa Sio (Craft Team)<br \/>\n02:05:25<br \/>\nC\u00e9lia Amaro (Serra d&#8217;Aire Trail Team)<br \/>\n02:16:21<br \/>\nCarolina Oliveira (F\u00e1tima Trail Team)<br \/>\n02:20:07<br \/>\n<strong>Male Teams<\/strong><br \/>\n1\u00ba &#8211; AR Casaense<br \/>\n2\u00ba &#8211; Abutres Trail Running School<br \/>\n3\u00ba &#8211; DCI\/Trilhos Luso Bussaco<\/p>\n<p><strong>Female Teams<\/strong><br \/>\n1\u00ba &#8211; F\u00e1tima Trail Team<br \/>\n2\u00ba &#8211; Serra d&#8217;Aire Trail Team)<br \/>\n3\u00ba &#8211; ARSM &#8211; Associa\u00e7\u00e3o Recreativa S. Miguel<\/p>\n\n\t\t<\/div>\n\t<\/div>\n<\/div><\/div><\/div><div class=\"wpb_column vc_column_container vc_col-sm-3\"><div class=\"vc_column-inner\"><div class=\"wpb_wrapper\">\n\t<div  class=\"wpb_single_image wpb_content_element vc_align_center\">\n\t\t\n\t\t<figure class=\"wpb_wrapper vc_figure\">\n\t\t\t<div class=\"vc_single_image-wrapper   vc_box_border_grey\"><img width=\"300\" height=\"200\" src=\"https:\/\/louzantrail.com\/wp-content\/uploads\/sites\/8\/2019\/09\/louzantrail_2-1-300x200.jpg\" class=\"vc_single_image-img attachment-medium\" alt=\"Louzantrail\" decoding=\"async\" title=\"louzantrail_2\" loading=\"lazy\" srcset=\"https:\/\/louzantrail.com\/wp-content\/uploads\/sites\/8\/2019\/09\/louzantrail_2-1-300x200.jpg 300w, https:\/\/louzantrail.com\/wp-content\/uploads\/sites\/8\/2019\/09\/louzantrail_2-1-150x100.jpg 150w, https:\/\/louzantrail.com\/wp-content\/uploads\/sites\/8\/2019\/09\/louzantrail_2-1-768x512.jpg 768w, https:\/\/louzantrail.com\/wp-content\/uploads\/sites\/8\/2019\/09\/louzantrail_2-1.jpg 900w\" sizes=\"(max-width: 300px) 100vw, 300px\" \/><\/div>\n\t\t<\/figure>\n\t<\/div>\n<div class=\"vc_empty_space\"   style=\"height: 15px\"><span class=\"vc_empty_space_inner\"><\/span><\/div>\n<div class=\"edgtf-section-title edgtf-section-align-center\" style=\"font-size: 24px\">\n\tLOUZANTRAIL XS\t<\/div>\n\t<div class=\"wpb_text_column wpb_content_element  historic-class\" >\n\t\t<div class=\"wpb_wrapper\">\n\t\t\t<p><strong>Male<\/strong><br \/>\nDavid Carvalheiro<br \/>\n01:47:14<br \/>\nKevin Batista (Clube Desportivo Espite)<br \/>\n01:47:18<br \/>\nJo\u00e3o Freitas (Viking Trail Runners)<br \/>\n01:49:37<br \/>\n<strong>Female<\/strong><br \/>\nVictoria Bento (Abutres Trail Running School)<br \/>\n02:33:43<br \/>\nSusana Alves<br \/>\n02:33:45<br \/>\nV\u00e2nia Paix\u00e3o (ACDRS Quinhendros)<br \/>\n02:39:36<br \/>\n<strong>Male Teams<\/strong><br \/>\n1\u00ba &#8211; Grupeta Running Team<br \/>\n2\u00ba &#8211; Anteam<br \/>\n3\u00ba &#8211; ADCRPEREIRA<\/p>\n<p><strong>Female Teams<\/strong><br \/>\n1\u00ba &#8211; Abutres Trail Running School<br \/>\n2\u00ba &#8211; Slimtyne<br \/>\n3\u00ba &#8211; Larbas<\/p>\n\n\t\t<\/div>\n\t<\/div>\n<\/div><\/div><\/div><\/div><\/div><\/div>\n<!--themify_builder_content-->\n<div id=\"themify_builder_content-10641\" data-postid=\"10641\" class=\"themify_builder_content themify_builder_content-10641 themify_builder tf_clear\">\n    <\/div>\n<!--\/themify_builder_content-->","protected":false},"excerpt":{"rendered":"ULTRA LOUZANTRAIL Masculino David Quelhas 04:29:22 - Record Luiz Mota (Casa do Benfica em Abrantes) 05:00:08 Pedro Garrido (Opraticantes.pt) 05:00:45 Feminino Aroa Sio (Craft Team) 05:28:40 - Record Alice Lopes (Gin\u00e1sio Fit4Fun) 05:47:36 Susana Echeverr\u00eda (Coimbra Trail Running) 05:51:10 Equipas Masculinas 1\u00ba - Coimbra Trail...","protected":false},"author":1,"featured_media":0,"parent":8965,"menu_order":0,"comment_status":"closed","ping_status":"closed","template":"full-width.php","meta":{"footnotes":""},"builder_content":"","_links":{"self":[{"href":"https:\/\/louzantrail.com\/en\/wp-json\/wp\/v2\/pages\/10641"}],"collection":[{"href":"https:\/\/louzantrail.com\/en\/wp-json\/wp\/v2\/pages"}],"about":[{"href":"https:\/\/louzantrail.com\/en\/wp-json\/wp\/v2\/types\/page"}],"author":[{"embeddable":true,"href":"https:\/\/louzantrail.com\/en\/wp-json\/wp\/v2\/users\/1"}],"replies":[{"embeddable":true,"href":"https:\/\/louzantrail.com\/en\/wp-json\/wp\/v2\/comments?post=10641"}],"version-history":[{"count":3,"href":"https:\/\/louzantrail.com\/en\/wp-json\/wp\/v2\/pages\/10641\/revisions"}],"predecessor-version":[{"id":10733,"href":"https:\/\/louzantrail.com\/en\/wp-json\/wp\/v2\/pages\/10641\/revisions\/10733"}],"up":[{"embeddable":true,"href":"https:\/\/louzantrail.com\/en\/wp-json\/wp\/v2\/pages\/8965"}],"wp:attachment":[{"href":"https:\/\/louzantrail.com\/en\/wp-json\/wp\/v2\/media?parent=10641"}],"curies":[{"name":"wp","href":"https:\/\/api.w.org\/{rel}","templated":true}]}}